{"id":1318,"date":"2021-11-21T15:14:19","date_gmt":"2021-11-21T15:14:19","guid":{"rendered":"http:\/\/51.20.249.130\/about\/"},"modified":"2026-02-20T20:13:07","modified_gmt":"2026-02-20T18:13:07","slug":"par-mums","status":"publish","type":"page","link":"https:\/\/ozi-home.lv\/en\/par-mums\/","title":{"rendered":"Par mums"},"content":{"rendered":"<div data-elementor-type=\"wp-page\" data-elementor-id=\"1318\" class=\"elementor elementor-1318\" data-elementor-post-type=\"page\">\n\t\t\t\t\t\t<section class=\"elementor-section elementor-top-section elementor-element elementor-element-c8ddeb6 elementor-section-height-min-height elementor-section-boxed elementor-section-height-default elementor-section-items-middle\" data-id=\"c8ddeb6\" data-element_type=\"section\" data-e-type=\"section\" data-settings=\"{&quot;background_background&quot;:&quot;classic&quot;}\">\n\t\t\t\t\t\t\t<div class=\"elementor-background-overlay\"><\/div>\n\t\t\t\t\t\t\t<div class=\"elementor-container elementor-column-gap-default\">\n\t\t\t\t\t<div class=\"elementor-column elementor-col-100 elementor-top-column elementor-element elementor-element-6a5337e\" data-id=\"6a5337e\" data-element_type=\"column\" data-e-type=\"column\">\n\t\t\t<div class=\"elementor-widget-wrap elementor-element-populated\">\n\t\t\t\t\t\t<div class=\"elementor-element elementor-element-feefb6c elementor-widget elementor-widget-heading\" data-id=\"feefb6c\" data-element_type=\"widget\" data-e-type=\"widget\" data-widget_type=\"heading.default\">\n\t\t\t\t<div class=\"elementor-widget-container\">\n\t\t\t\t\t<h1 class=\"elementor-heading-title elementor-size-default\">About OZI home<\/h1>\t\t\t\t<\/div>\n\t\t\t\t<\/div>\n\t\t\t\t\t<\/div>\n\t\t<\/div>\n\t\t\t\t\t<\/div>\n\t\t<\/section>\n\t\t\t\t<section class=\"elementor-section elementor-top-section elementor-element elementor-element-034f786 elementor-section-boxed elementor-section-height-default elementor-section-height-default\" data-id=\"034f786\" data-element_type=\"section\" data-e-type=\"section\">\n\t\t\t\t\t\t<div class=\"elementor-container elementor-column-gap-default\">\n\t\t\t\t\t<div class=\"elementor-column elementor-col-100 elementor-top-column elementor-element elementor-element-ba0c118\" data-id=\"ba0c118\" data-element_type=\"column\" data-e-type=\"column\">\n\t\t\t<div class=\"elementor-widget-wrap elementor-element-populated\">\n\t\t\t\t\t\t<div class=\"elementor-element elementor-element-3dc998b elementor-widget elementor-widget-heading\" data-id=\"3dc998b\" data-element_type=\"widget\" data-e-type=\"widget\" data-widget_type=\"heading.default\">\n\t\t\t\t<div class=\"elementor-widget-container\">\n\t\t\t\t\t<h2 class=\"elementor-heading-title elementor-size-default\">Welcome at OZI Home!<\/h2>\t\t\t\t<\/div>\n\t\t\t\t<\/div>\n\t\t\t\t<div class=\"elementor-element elementor-element-1381604 elementor-widget__width-initial elementor-widget elementor-widget-text-editor\" data-id=\"1381604\" data-element_type=\"widget\" data-e-type=\"widget\" data-widget_type=\"text-editor.default\">\n\t\t\t\t<div class=\"elementor-widget-container\">\n\t\t\t\t\t\t\t\t\t<p>OZI Home is registered at FCI\/LKF nr.18\/2022 in March 2022. We are located in a beautiful place -Sigulda, Latvia, few minutes walk from Gauja national park.<\/p>\t\t\t\t\t\t\t\t<\/div>\n\t\t\t\t<\/div>\n\t\t\t\t<div class=\"elementor-element elementor-element-2d888d2 elementor-widget elementor-widget-image-gallery\" data-id=\"2d888d2\" data-element_type=\"widget\" data-e-type=\"widget\" data-widget_type=\"image-gallery.default\">\n\t\t\t\t<div class=\"elementor-widget-container\">\n\t\t\t\t\t\t\t<div class=\"elementor-image-gallery\">\n\t\t\t<div id='gallery-1' class='gallery galleryid-1318 gallery-columns-3 gallery-size-large'><figure class='gallery-item'>\n\t\t\t<div class='gallery-icon landscape'>\n\t\t\t\t<a data-elementor-open-lightbox=\"yes\" data-elementor-lightbox-slideshow=\"2d888d2\" data-elementor-lightbox-title=\"IMG_7144 copy\" data-e-action-hash=\"#elementor-action%3Aaction%3Dlightbox%26settings%3DeyJpZCI6MTYyOSwidXJsIjoiaHR0cHM6XC9cL296aS1ob21lLmx2XC93cC1jb250ZW50XC91cGxvYWRzXC8yMDIzXC8xMVwvSU1HXzcxNDQtY29weS1zY2FsZWQuanBnIiwic2xpZGVzaG93IjoiMmQ4ODhkMiJ9\" href='https:\/\/ozi-home.lv\/wp-content\/uploads\/2023\/11\/IMG_7144-copy-scaled.jpg'><img fetchpriority=\"high\" decoding=\"async\" width=\"1024\" height=\"684\" src=\"https:\/\/ozi-home.lv\/wp-content\/uploads\/2023\/11\/IMG_7144-copy-1024x684.jpg\" class=\"attachment-large size-large\" alt=\"\" srcset=\"https:\/\/ozi-home.lv\/wp-content\/uploads\/2023\/11\/IMG_7144-copy-1024x684.jpg 1024w, https:\/\/ozi-home.lv\/wp-content\/uploads\/2023\/11\/IMG_7144-copy-300x200.jpg 300w, https:\/\/ozi-home.lv\/wp-content\/uploads\/2023\/11\/IMG_7144-copy-768x513.jpg 768w, https:\/\/ozi-home.lv\/wp-content\/uploads\/2023\/11\/IMG_7144-copy-1536x1026.jpg 1536w, https:\/\/ozi-home.lv\/wp-content\/uploads\/2023\/11\/IMG_7144-copy-2048x1367.jpg 2048w\" sizes=\"(max-width: 1024px) 100vw, 1024px\" \/><\/a>\n\t\t\t<\/div><\/figure><figure class='gallery-item'>\n\t\t\t<div class='gallery-icon landscape'>\n\t\t\t\t<a data-elementor-open-lightbox=\"yes\" data-elementor-lightbox-slideshow=\"2d888d2\" data-elementor-lightbox-title=\"1F3A1943 copy\" data-e-action-hash=\"#elementor-action%3Aaction%3Dlightbox%26settings%3DeyJpZCI6MTYyOCwidXJsIjoiaHR0cHM6XC9cL296aS1ob21lLmx2XC93cC1jb250ZW50XC91cGxvYWRzXC8yMDIzXC8xMVwvMUYzQTE5NDMtY29weS1zY2FsZWQuanBnIiwic2xpZGVzaG93IjoiMmQ4ODhkMiJ9\" href='https:\/\/ozi-home.lv\/wp-content\/uploads\/2023\/11\/1F3A1943-copy-scaled.jpg'><img decoding=\"async\" width=\"1024\" height=\"683\" src=\"https:\/\/ozi-home.lv\/wp-content\/uploads\/2023\/11\/1F3A1943-copy-1024x683.jpg\" class=\"attachment-large size-large\" alt=\"\" srcset=\"https:\/\/ozi-home.lv\/wp-content\/uploads\/2023\/11\/1F3A1943-copy-1024x683.jpg 1024w, https:\/\/ozi-home.lv\/wp-content\/uploads\/2023\/11\/1F3A1943-copy-300x200.jpg 300w, https:\/\/ozi-home.lv\/wp-content\/uploads\/2023\/11\/1F3A1943-copy-768x512.jpg 768w, https:\/\/ozi-home.lv\/wp-content\/uploads\/2023\/11\/1F3A1943-copy-1536x1024.jpg 1536w, https:\/\/ozi-home.lv\/wp-content\/uploads\/2023\/11\/1F3A1943-copy-2048x1365.jpg 2048w\" sizes=\"(max-width: 1024px) 100vw, 1024px\" \/><\/a>\n\t\t\t<\/div><\/figure><figure class='gallery-item'>\n\t\t\t<div class='gallery-icon landscape'>\n\t\t\t\t<a data-elementor-open-lightbox=\"yes\" data-elementor-lightbox-slideshow=\"2d888d2\" data-elementor-lightbox-title=\"1F3A2422 copy 2\" data-e-action-hash=\"#elementor-action%3Aaction%3Dlightbox%26settings%3DeyJpZCI6MTc2NiwidXJsIjoiaHR0cHM6XC9cL296aS1ob21lLmx2XC93cC1jb250ZW50XC91cGxvYWRzXC8yMDIzXC8xMVwvMUYzQTI0MjItY29weS0yLmpwZyIsInNsaWRlc2hvdyI6IjJkODg4ZDIifQ%3D%3D\" href='https:\/\/ozi-home.lv\/wp-content\/uploads\/2023\/11\/1F3A2422-copy-2.jpg'><img decoding=\"async\" width=\"1024\" height=\"677\" src=\"https:\/\/ozi-home.lv\/wp-content\/uploads\/2023\/11\/1F3A2422-copy-2-1024x677.jpg\" class=\"attachment-large size-large\" alt=\"\" srcset=\"https:\/\/ozi-home.lv\/wp-content\/uploads\/2023\/11\/1F3A2422-copy-2-1024x677.jpg 1024w, https:\/\/ozi-home.lv\/wp-content\/uploads\/2023\/11\/1F3A2422-copy-2-300x198.jpg 300w, https:\/\/ozi-home.lv\/wp-content\/uploads\/2023\/11\/1F3A2422-copy-2-768x508.jpg 768w, https:\/\/ozi-home.lv\/wp-content\/uploads\/2023\/11\/1F3A2422-copy-2.jpg 1504w\" sizes=\"(max-width: 1024px) 100vw, 1024px\" \/><\/a>\n\t\t\t<\/div><\/figure>\n\t\t<\/div>\n\t\t<\/div>\n\t\t\t\t\t\t<\/div>\n\t\t\t\t<\/div>\n\t\t\t\t<div class=\"elementor-element elementor-element-4457829 elementor-widget elementor-widget-heading\" data-id=\"4457829\" data-element_type=\"widget\" data-e-type=\"widget\" data-widget_type=\"heading.default\">\n\t\t\t\t<div class=\"elementor-widget-container\">\n\t\t\t\t\t<h2 class=\"elementor-heading-title elementor-size-default\">History<\/h2>\t\t\t\t<\/div>\n\t\t\t\t<\/div>\n\t\t\t\t<div class=\"elementor-element elementor-element-b20bde7 elementor-widget elementor-widget-text-editor\" data-id=\"b20bde7\" data-element_type=\"widget\" data-e-type=\"widget\" data-widget_type=\"text-editor.default\">\n\t\t\t\t<div class=\"elementor-widget-container\">\n\t\t\t\t\t\t\t\t\t<p>In childhood, there were always dogs by my side \u2013 a mix, a German shepherd, later also an American cocker spaniel and a long-haired chihuahua mix. In 1997, I noticed an Australian cattle dog in books and thought that I would like one for myself in the future. As a child, I dreamed of a show dog, and in 2015 I started to do a research about Australian cattle dog breed. In 2018, a \u201cdog from the book\u201d joined our family \u2013 Australian cattle dog Bradley (Bradley Simpatija), who is registered as 3rd breed representative in Latvia.<\/p>\t\t\t\t\t\t\t\t<\/div>\n\t\t\t\t<\/div>\n\t\t\t\t<section class=\"elementor-section elementor-inner-section elementor-element elementor-element-3ac6778 elementor-section-boxed elementor-section-height-default elementor-section-height-default\" data-id=\"3ac6778\" data-element_type=\"section\" data-e-type=\"section\">\n\t\t\t\t\t\t<div class=\"elementor-container elementor-column-gap-custom\">\n\t\t\t\t\t<div class=\"elementor-column elementor-col-50 elementor-inner-column elementor-element elementor-element-727fe39\" data-id=\"727fe39\" data-element_type=\"column\" data-e-type=\"column\">\n\t\t\t<div class=\"elementor-widget-wrap elementor-element-populated\">\n\t\t\t\t\t\t<div class=\"elementor-element elementor-element-b5b0d1f elementor-widget elementor-widget-image\" data-id=\"b5b0d1f\" data-element_type=\"widget\" data-e-type=\"widget\" data-widget_type=\"image.default\">\n\t\t\t\t<div class=\"elementor-widget-container\">\n\t\t\t\t\t\t\t\t\t\t\t\t\t\t\t<img loading=\"lazy\" decoding=\"async\" width=\"1024\" height=\"650\" src=\"https:\/\/ozi-home.lv\/wp-content\/uploads\/2023\/11\/1F3A1973-copy-1024x650.webp\" class=\"attachment-large size-large wp-image-1330\" alt=\"\" srcset=\"https:\/\/ozi-home.lv\/wp-content\/uploads\/2023\/11\/1F3A1973-copy-1024x650.webp 1024w, https:\/\/ozi-home.lv\/wp-content\/uploads\/2023\/11\/1F3A1973-copy-300x191.webp 300w, https:\/\/ozi-home.lv\/wp-content\/uploads\/2023\/11\/1F3A1973-copy-768x488.webp 768w, https:\/\/ozi-home.lv\/wp-content\/uploads\/2023\/11\/1F3A1973-copy-1536x975.webp 1536w, https:\/\/ozi-home.lv\/wp-content\/uploads\/2023\/11\/1F3A1973-copy-2048x1301.webp 2048w\" sizes=\"(max-width: 1024px) 100vw, 1024px\" \/>\t\t\t\t\t\t\t\t\t\t\t\t\t\t\t<\/div>\n\t\t\t\t<\/div>\n\t\t\t\t\t<\/div>\n\t\t<\/div>\n\t\t\t\t<div class=\"elementor-column elementor-col-50 elementor-inner-column elementor-element elementor-element-12adc6a\" data-id=\"12adc6a\" data-element_type=\"column\" data-e-type=\"column\">\n\t\t\t<div class=\"elementor-widget-wrap elementor-element-populated\">\n\t\t\t\t\t\t<div class=\"elementor-element elementor-element-4f07d66 elementor-widget elementor-widget-image\" data-id=\"4f07d66\" data-element_type=\"widget\" data-e-type=\"widget\" data-widget_type=\"image.default\">\n\t\t\t\t<div class=\"elementor-widget-container\">\n\t\t\t\t\t\t\t\t\t\t\t\t\t\t\t<img loading=\"lazy\" decoding=\"async\" width=\"1024\" height=\"710\" src=\"https:\/\/ozi-home.lv\/wp-content\/uploads\/2023\/11\/343057388_9059338710804802_8702641780478347349_n-copy-1024x710.jpg\" class=\"attachment-large size-large wp-image-1768\" alt=\"\" srcset=\"https:\/\/ozi-home.lv\/wp-content\/uploads\/2023\/11\/343057388_9059338710804802_8702641780478347349_n-copy-1024x710.jpg 1024w, https:\/\/ozi-home.lv\/wp-content\/uploads\/2023\/11\/343057388_9059338710804802_8702641780478347349_n-copy-300x208.jpg 300w, https:\/\/ozi-home.lv\/wp-content\/uploads\/2023\/11\/343057388_9059338710804802_8702641780478347349_n-copy-768x532.jpg 768w, https:\/\/ozi-home.lv\/wp-content\/uploads\/2023\/11\/343057388_9059338710804802_8702641780478347349_n-copy-1536x1064.jpg 1536w, https:\/\/ozi-home.lv\/wp-content\/uploads\/2023\/11\/343057388_9059338710804802_8702641780478347349_n-copy.jpg 1723w\" sizes=\"(max-width: 1024px) 100vw, 1024px\" \/>\t\t\t\t\t\t\t\t\t\t\t\t\t\t\t<\/div>\n\t\t\t\t<\/div>\n\t\t\t\t\t<\/div>\n\t\t<\/div>\n\t\t\t\t\t<\/div>\n\t\t<\/section>\n\t\t\t\t<div class=\"elementor-element elementor-element-e5114ad elementor-widget elementor-widget-heading\" data-id=\"e5114ad\" data-element_type=\"widget\" data-e-type=\"widget\" data-widget_type=\"heading.default\">\n\t\t\t\t<div class=\"elementor-widget-container\">\n\t\t\t\t\t<h2 class=\"elementor-heading-title elementor-size-default\">Now<\/h2>\t\t\t\t<\/div>\n\t\t\t\t<\/div>\n\t\t\t\t<div class=\"elementor-element elementor-element-c3530f5 elementor-widget elementor-widget-text-editor\" data-id=\"c3530f5\" data-element_type=\"widget\" data-e-type=\"widget\" data-widget_type=\"text-editor.default\">\n\t\t\t\t<div class=\"elementor-widget-container\">\n\t\t\t\t\t\t\t\t\t<p>Every two years our family has grown.<\/p><p>Varam lepoties ar \u010detriem skaistiem, talant\u012bgiem un dz\u012bvespriec\u012bgiem pieaugu\u0161iem su\u0146iem, kuri dz\u012bvo vesel\u012bgu, akt\u012bvu un interesantu dz\u012bvi, iev\u0113rojot visus labtur\u012bbas noteikumus.<br \/>The dogs have been socialized, passed behavioral tests, have undergone a series of health tests and genetic tests, successfully participate in exhibitions throughout Europe, participated in RallyObedience training and competitions, tried the the agility and nosework training, as well as passed NHAT herding instinct tests and learned tricks such as, for example , ride a skateboard.<br \/>Viens no m\u016bsu su\u0146iem dzimis m\u016bsu audz\u0113tav\u0101, t\u0101p\u0113c varam sekot su\u0146a att\u012bst\u012bbai jau kop\u0161 pirmaj\u0101m kuc\u0113nu dz\u012bves sekund\u0113m.<br \/>M\u016bsu su\u0146i apmekl\u0113 da\u017e\u0101das nodarb\u012bbas, k\u0101, piem\u0113ram, su\u0146u fitnesu un baseinu.<\/p>\t\t\t\t\t\t\t\t<\/div>\n\t\t\t\t<\/div>\n\t\t\t\t<section class=\"elementor-section elementor-inner-section elementor-element elementor-element-d762106 elementor-section-boxed elementor-section-height-default elementor-section-height-default\" data-id=\"d762106\" data-element_type=\"section\" data-e-type=\"section\">\n\t\t\t\t\t\t<div class=\"elementor-container elementor-column-gap-custom\">\n\t\t\t\t\t<div class=\"elementor-column elementor-col-50 elementor-inner-column elementor-element elementor-element-08ec54c\" data-id=\"08ec54c\" data-element_type=\"column\" data-e-type=\"column\">\n\t\t\t<div class=\"elementor-widget-wrap elementor-element-populated\">\n\t\t\t\t\t\t<div class=\"elementor-element elementor-element-12f63d2 elementor-widget elementor-widget-image\" data-id=\"12f63d2\" data-element_type=\"widget\" data-e-type=\"widget\" data-widget_type=\"image.default\">\n\t\t\t\t<div class=\"elementor-widget-container\">\n\t\t\t\t\t\t\t\t\t\t\t\t\t\t\t<img loading=\"lazy\" decoding=\"async\" width=\"1024\" height=\"731\" src=\"https:\/\/ozi-home.lv\/wp-content\/uploads\/2023\/11\/1F3A3349-copy-1024x731.jpg\" class=\"attachment-large size-large wp-image-1630\" alt=\"\" srcset=\"https:\/\/ozi-home.lv\/wp-content\/uploads\/2023\/11\/1F3A3349-copy-1024x731.jpg 1024w, https:\/\/ozi-home.lv\/wp-content\/uploads\/2023\/11\/1F3A3349-copy-300x214.jpg 300w, https:\/\/ozi-home.lv\/wp-content\/uploads\/2023\/11\/1F3A3349-copy-768x548.jpg 768w, https:\/\/ozi-home.lv\/wp-content\/uploads\/2023\/11\/1F3A3349-copy-1536x1096.jpg 1536w, https:\/\/ozi-home.lv\/wp-content\/uploads\/2023\/11\/1F3A3349-copy-2048x1461.jpg 2048w\" sizes=\"(max-width: 1024px) 100vw, 1024px\" \/>\t\t\t\t\t\t\t\t\t\t\t\t\t\t\t<\/div>\n\t\t\t\t<\/div>\n\t\t\t\t<div class=\"elementor-element elementor-element-d35be41 elementor-widget elementor-widget-heading\" data-id=\"d35be41\" data-element_type=\"widget\" data-e-type=\"widget\" data-widget_type=\"heading.default\">\n\t\t\t\t<div class=\"elementor-widget-container\">\n\t\t\t\t\t<h2 class=\"elementor-heading-title elementor-size-default\">Mission<\/h2>\t\t\t\t<\/div>\n\t\t\t\t<\/div>\n\t\t\t\t<div class=\"elementor-element elementor-element-8fa3d11 elementor-widget elementor-widget-text-editor\" data-id=\"8fa3d11\" data-element_type=\"widget\" data-e-type=\"widget\" data-widget_type=\"text-editor.default\">\n\t\t\t\t<div class=\"elementor-widget-container\">\n\t\t\t\t\t\t\t\t\t<p>The basis of everything is to breed healthy, psychologically stable, socialized Australian cattle dogs, following breed standards. We promote the popularity of the breed, as well as the understanding of the breed. Every puppy we breed is placed in responsible and loving hands.<\/p>\t\t\t\t\t\t\t\t<\/div>\n\t\t\t\t<\/div>\n\t\t\t\t\t<\/div>\n\t\t<\/div>\n\t\t\t\t<div class=\"elementor-column elementor-col-50 elementor-inner-column elementor-element elementor-element-d30d7a1\" data-id=\"d30d7a1\" data-element_type=\"column\" data-e-type=\"column\">\n\t\t\t<div class=\"elementor-widget-wrap elementor-element-populated\">\n\t\t\t\t\t\t<div class=\"elementor-element elementor-element-fb99e4c elementor-widget elementor-widget-image\" data-id=\"fb99e4c\" data-element_type=\"widget\" data-e-type=\"widget\" data-widget_type=\"image.default\">\n\t\t\t\t<div class=\"elementor-widget-container\">\n\t\t\t\t\t\t\t\t\t\t\t\t\t\t\t<img loading=\"lazy\" decoding=\"async\" width=\"1024\" height=\"683\" src=\"https:\/\/ozi-home.lv\/wp-content\/uploads\/2025\/05\/AXD_2172-1024x683.jpg\" class=\"attachment-large size-large wp-image-5829\" alt=\"\" srcset=\"https:\/\/ozi-home.lv\/wp-content\/uploads\/2025\/05\/AXD_2172-1024x683.jpg 1024w, https:\/\/ozi-home.lv\/wp-content\/uploads\/2025\/05\/AXD_2172-300x200.jpg 300w, https:\/\/ozi-home.lv\/wp-content\/uploads\/2025\/05\/AXD_2172-768x512.jpg 768w, https:\/\/ozi-home.lv\/wp-content\/uploads\/2025\/05\/AXD_2172-1536x1024.jpg 1536w, https:\/\/ozi-home.lv\/wp-content\/uploads\/2025\/05\/AXD_2172-18x12.jpg 18w, https:\/\/ozi-home.lv\/wp-content\/uploads\/2025\/05\/AXD_2172.jpg 2048w\" sizes=\"(max-width: 1024px) 100vw, 1024px\" \/>\t\t\t\t\t\t\t\t\t\t\t\t\t\t\t<\/div>\n\t\t\t\t<\/div>\n\t\t\t\t<div class=\"elementor-element elementor-element-6260bc9 elementor-widget elementor-widget-heading\" data-id=\"6260bc9\" data-element_type=\"widget\" data-e-type=\"widget\" data-widget_type=\"heading.default\">\n\t\t\t\t<div class=\"elementor-widget-container\">\n\t\t\t\t\t<h2 class=\"elementor-heading-title elementor-size-default\">Values<\/h2>\t\t\t\t<\/div>\n\t\t\t\t<\/div>\n\t\t\t\t<div class=\"elementor-element elementor-element-3a99000 elementor-widget elementor-widget-text-editor\" data-id=\"3a99000\" data-element_type=\"widget\" data-e-type=\"widget\" data-widget_type=\"text-editor.default\">\n\t\t\t\t<div class=\"elementor-widget-container\">\n\t\t\t\t\t\t\t\t\t<p>Love and passion for Australian cattle dogs \u2013 the greatest value. We are committed to the highest standards of dog welfare and health. Trust, responsibility and excellence are the core of our values. We believe that every dog is unique, so the puppies are chosen as best as possible for the new owners and their goals \u2013 both in sports and in every other part of life.<\/p>\t\t\t\t\t\t\t\t<\/div>\n\t\t\t\t<\/div>\n\t\t\t\t\t<\/div>\n\t\t<\/div>\n\t\t\t\t\t<\/div>\n\t\t<\/section>\n\t\t\t\t<div class=\"elementor-element elementor-element-cbe728a elementor-widget elementor-widget-image\" data-id=\"cbe728a\" data-element_type=\"widget\" data-e-type=\"widget\" data-widget_type=\"image.default\">\n\t\t\t\t<div class=\"elementor-widget-container\">\n\t\t\t\t\t\t\t\t\t\t\t\t\t\t\t<img loading=\"lazy\" decoding=\"async\" width=\"1650\" height=\"731\" src=\"https:\/\/ozi-home.lv\/wp-content\/uploads\/2023\/11\/1F3A4766-copy_-copy.jpg\" class=\"attachment-full size-full wp-image-1767\" alt=\"\" srcset=\"https:\/\/ozi-home.lv\/wp-content\/uploads\/2023\/11\/1F3A4766-copy_-copy.jpg 1650w, https:\/\/ozi-home.lv\/wp-content\/uploads\/2023\/11\/1F3A4766-copy_-copy-300x133.jpg 300w, https:\/\/ozi-home.lv\/wp-content\/uploads\/2023\/11\/1F3A4766-copy_-copy-1024x454.jpg 1024w, https:\/\/ozi-home.lv\/wp-content\/uploads\/2023\/11\/1F3A4766-copy_-copy-768x340.jpg 768w, https:\/\/ozi-home.lv\/wp-content\/uploads\/2023\/11\/1F3A4766-copy_-copy-1536x680.jpg 1536w\" sizes=\"(max-width: 1650px) 100vw, 1650px\" \/>\t\t\t\t\t\t\t\t\t\t\t\t\t\t\t<\/div>\n\t\t\t\t<\/div>\n\t\t\t\t\t<\/div>\n\t\t<\/div>\n\t\t\t\t\t<\/div>\n\t\t<\/section>\n\t\t\t\t<\/div>","protected":false},"excerpt":{"rendered":"<p>Par OZI Home Laipni l\u016bdzam OZI Home! OZI Home re\u0123istr\u0113ts 2022. gada mart\u0101 FCI\/LKF nr.18\/2022. Atrodamies skaistaj\u0101 Siguld\u0101, da\u017eu min\u016b\u0161u g\u0101jien\u0101 no Gaujas nacion\u0101l\u0101 parka. Nedaudz no v\u0113stures B\u0113rn\u012bb\u0101 vienm\u0113r l\u012bdz\u0101s biju\u0161i su\u0146i &#8211; jauktenis, V\u0101cu aitu suns, v\u0113l\u0101k ar\u012b Amerik\u0101\u0146u kokerspaniels un garspalvain\u0101s \u010divauvas jauktenis. 1997.gad\u0101 gr\u0101mat\u0101s iev\u0113roju Austr\u0101lijas ganu suni un nodom\u0101ju, ka [&hellip;]<\/p>","protected":false},"author":3,"featured_media":0,"parent":0,"menu_order":0,"comment_status":"closed","ping_status":"closed","template":"","meta":{"_monsterinsights_skip_tracking":false,"_monsterinsights_sitenote_active":false,"_monsterinsights_sitenote_note":"","_monsterinsights_sitenote_category":0,"site-sidebar-layout":"no-sidebar","site-content-layout":"page-builder","ast-site-content-layout":"full-width-container","site-content-style":"unboxed","site-sidebar-style":"unboxed","ast-global-header-display":"","ast-banner-title-visibility":"","ast-main-header-display":"","ast-hfb-above-header-display":"","ast-hfb-below-header-display":"","ast-hfb-mobile-header-display":"","site-post-title":"disabled","ast-breadcrumbs-content":"","ast-featured-img":"disabled","footer-sml-layout":"","ast-disable-related-posts":"","theme-transparent-header-meta":"enabled","adv-header-id-meta":"","stick-header-meta":"","header-above-stick-meta":"","header-main-stick-meta":"","header-below-stick-meta":"","astra-migrate-meta-layouts":"set","ast-page-background-enabled":"default","ast-page-background-meta":{"desktop":{"background-color":"var(--ast-global-color-4)","background-image":"","background-repeat":"repeat","background-position":"center center","background-size":"auto","background-attachment":"scroll","background-type":"","background-media":"","overlay-type":"","overlay-color":"","overlay-opacity":"","overlay-gradient":""},"tablet":{"background-color":"","background-image":"","background-repeat":"repeat","background-position":"center center","background-size":"auto","background-attachment":"scroll","background-type":"","background-media":"","overlay-type":"","overlay-color":"","overlay-opacity":"","overlay-gradient":""},"mobile":{"background-color":"","background-image":"","background-repeat":"repeat","background-position":"center center","background-size":"auto","background-attachment":"scroll","background-type":"","background-media":"","overlay-type":"","overlay-color":"","overlay-opacity":"","overlay-gradient":""}},"ast-content-background-meta":{"desktop":{"background-color":"var(--ast-global-color-5)","background-image":"","background-repeat":"repeat","background-position":"center center","background-size":"auto","background-attachment":"scroll","background-type":"","background-media":"","overlay-type":"","overlay-color":"","overlay-opacity":"","overlay-gradient":""},"tablet":{"background-color":"var(--ast-global-color-5)","background-image":"","background-repeat":"repeat","background-position":"center center","background-size":"auto","background-attachment":"scroll","background-type":"","background-media":"","overlay-type":"","overlay-color":"","overlay-opacity":"","overlay-gradient":""},"mobile":{"background-color":"var(--ast-global-color-5)","background-image":"","background-repeat":"repeat","background-position":"center center","background-size":"auto","background-attachment":"scroll","background-type":"","background-media":"","overlay-type":"","overlay-color":"","overlay-opacity":"","overlay-gradient":""}},"footnotes":""},"class_list":["post-1318","page","type-page","status-publish","hentry"],"_links":{"self":[{"href":"https:\/\/ozi-home.lv\/en\/wp-json\/wp\/v2\/pages\/1318","targetHints":{"allow":["GET"]}}],"collection":[{"href":"https:\/\/ozi-home.lv\/en\/wp-json\/wp\/v2\/pages"}],"about":[{"href":"https:\/\/ozi-home.lv\/en\/wp-json\/wp\/v2\/types\/page"}],"author":[{"embeddable":true,"href":"https:\/\/ozi-home.lv\/en\/wp-json\/wp\/v2\/users\/3"}],"replies":[{"embeddable":true,"href":"https:\/\/ozi-home.lv\/en\/wp-json\/wp\/v2\/comments?post=1318"}],"version-history":[{"count":74,"href":"https:\/\/ozi-home.lv\/en\/wp-json\/wp\/v2\/pages\/1318\/revisions"}],"predecessor-version":[{"id":6380,"href":"https:\/\/ozi-home.lv\/en\/wp-json\/wp\/v2\/pages\/1318\/revisions\/6380"}],"wp:attachment":[{"href":"https:\/\/ozi-home.lv\/en\/wp-json\/wp\/v2\/media?parent=1318"}],"curies":[{"name":"wp","href":"https:\/\/api.w.org\/{rel}","templated":true}]}}