{"id":1344,"date":"2023-11-27T10:06:39","date_gmt":"2023-11-27T10:06:39","guid":{"rendered":"http:\/\/51.20.249.130\/?page_id=1344"},"modified":"2025-11-04T11:19:40","modified_gmt":"2025-11-04T09:19:40","slug":"par-skirni","status":"publish","type":"page","link":"https:\/\/ozi-home.lv\/en\/par-skirni\/","title":{"rendered":"About breed"},"content":{"rendered":"<div data-elementor-type=\"wp-page\" data-elementor-id=\"1344\" class=\"elementor elementor-1344\" data-elementor-post-type=\"page\">\n\t\t\t\t\t\t<section class=\"elementor-section elementor-top-section elementor-element elementor-element-c8ddeb6 elementor-section-height-min-height elementor-section-boxed elementor-section-height-default elementor-section-items-middle\" data-id=\"c8ddeb6\" data-element_type=\"section\" data-e-type=\"section\" data-settings=\"{&quot;background_background&quot;:&quot;classic&quot;}\">\n\t\t\t\t\t\t\t<div class=\"elementor-background-overlay\"><\/div>\n\t\t\t\t\t\t\t<div class=\"elementor-container elementor-column-gap-default\">\n\t\t\t\t\t<div class=\"elementor-column elementor-col-100 elementor-top-column elementor-element elementor-element-6a5337e\" data-id=\"6a5337e\" data-element_type=\"column\" data-e-type=\"column\">\n\t\t\t<div class=\"elementor-widget-wrap elementor-element-populated\">\n\t\t\t\t\t\t<div class=\"elementor-element elementor-element-feefb6c elementor-widget elementor-widget-heading\" data-id=\"feefb6c\" data-element_type=\"widget\" data-e-type=\"widget\" data-widget_type=\"heading.default\">\n\t\t\t\t<div class=\"elementor-widget-container\">\n\t\t\t\t\t<h1 class=\"elementor-heading-title elementor-size-default\">About breed<\/h1>\t\t\t\t<\/div>\n\t\t\t\t<\/div>\n\t\t\t\t\t<\/div>\n\t\t<\/div>\n\t\t\t\t\t<\/div>\n\t\t<\/section>\n\t\t\t\t<section class=\"elementor-section elementor-top-section elementor-element elementor-element-034f786 elementor-section-boxed elementor-section-height-default elementor-section-height-default\" data-id=\"034f786\" data-element_type=\"section\" data-e-type=\"section\">\n\t\t\t\t\t\t<div class=\"elementor-container elementor-column-gap-default\">\n\t\t\t\t\t<div class=\"elementor-column elementor-col-100 elementor-top-column elementor-element elementor-element-ba0c118\" data-id=\"ba0c118\" data-element_type=\"column\" data-e-type=\"column\">\n\t\t\t<div class=\"elementor-widget-wrap elementor-element-populated\">\n\t\t\t\t\t\t<div class=\"elementor-element elementor-element-baf2afe elementor-widget elementor-widget-text-editor\" data-id=\"baf2afe\" data-element_type=\"widget\" data-e-type=\"widget\" data-widget_type=\"text-editor.default\">\n\t\t\t\t<div class=\"elementor-widget-container\">\n\t\t\t\t\t\t\t\t\t<p>The Australian cattle dog, also known as the Blue Heeler and the Red Heeler, is an extremely intelligent, active and durable dog breed created by Australian settlers. The breed was created in Australia, where the main task was to control and move huge herds, and it is still used as a herding dog. Australian cattle dog is a compact, durable and powerful working dog with the ability and desire to do the task assigned to it. They are loyal and will protect their family, tend to be wary of strangers. In addition to herding work, these dogs are good at dog sports such as flying disc competitions, agility, canicross, rally and others.<\/p>\t\t\t\t\t\t\t\t<\/div>\n\t\t\t\t<\/div>\n\t\t\t\t<div class=\"elementor-element elementor-element-97b58c9 gallery-spacing-custom elementor-widget elementor-widget-image-gallery\" data-id=\"97b58c9\" data-element_type=\"widget\" data-e-type=\"widget\" data-widget_type=\"image-gallery.default\">\n\t\t\t\t<div class=\"elementor-widget-container\">\n\t\t\t\t\t\t\t<div class=\"elementor-image-gallery\">\n\t\t\t<div id='gallery-1' class='gallery galleryid-1344 gallery-columns-3 gallery-size-full'><figure class='gallery-item'>\n\t\t\t<div class='gallery-icon landscape'>\n\t\t\t\t<a data-elementor-open-lightbox=\"yes\" data-elementor-lightbox-slideshow=\"97b58c9\" data-elementor-lightbox-title=\"1F3A8927 copy\" data-e-action-hash=\"#elementor-action%3Aaction%3Dlightbox%26settings%3DeyJpZCI6MTcyOCwidXJsIjoiaHR0cHM6XC9cL296aS1ob21lLmx2XC93cC1jb250ZW50XC91cGxvYWRzXC8yMDIzXC8xMVwvMUYzQTg5MjctY29weS1zY2FsZWQuanBnIiwic2xpZGVzaG93IjoiOTdiNThjOSJ9\" href='https:\/\/ozi-home.lv\/wp-content\/uploads\/2023\/11\/1F3A8927-copy-scaled.jpg'><img fetchpriority=\"high\" decoding=\"async\" width=\"2560\" height=\"1760\" src=\"https:\/\/ozi-home.lv\/wp-content\/uploads\/2023\/11\/1F3A8927-copy-scaled.jpg\" class=\"attachment-full size-full\" alt=\"\" srcset=\"https:\/\/ozi-home.lv\/wp-content\/uploads\/2023\/11\/1F3A8927-copy-scaled.jpg 2560w, https:\/\/ozi-home.lv\/wp-content\/uploads\/2023\/11\/1F3A8927-copy-300x206.jpg 300w, https:\/\/ozi-home.lv\/wp-content\/uploads\/2023\/11\/1F3A8927-copy-1024x704.jpg 1024w, https:\/\/ozi-home.lv\/wp-content\/uploads\/2023\/11\/1F3A8927-copy-768x528.jpg 768w, https:\/\/ozi-home.lv\/wp-content\/uploads\/2023\/11\/1F3A8927-copy-1536x1056.jpg 1536w, https:\/\/ozi-home.lv\/wp-content\/uploads\/2023\/11\/1F3A8927-copy-2048x1408.jpg 2048w\" sizes=\"(max-width: 2560px) 100vw, 2560px\" \/><\/a>\n\t\t\t<\/div><\/figure><figure class='gallery-item'>\n\t\t\t<div class='gallery-icon landscape'>\n\t\t\t\t<a data-elementor-open-lightbox=\"yes\" data-elementor-lightbox-slideshow=\"97b58c9\" data-elementor-lightbox-title=\"1F3A9349 copy\" data-e-action-hash=\"#elementor-action%3Aaction%3Dlightbox%26settings%3DeyJpZCI6MTcyNywidXJsIjoiaHR0cHM6XC9cL296aS1ob21lLmx2XC93cC1jb250ZW50XC91cGxvYWRzXC8yMDIzXC8xMVwvMUYzQTkzNDktY29weS1zY2FsZWQuanBnIiwic2xpZGVzaG93IjoiOTdiNThjOSJ9\" href='https:\/\/ozi-home.lv\/wp-content\/uploads\/2023\/11\/1F3A9349-copy-scaled.jpg'><img decoding=\"async\" width=\"2560\" height=\"1730\" src=\"https:\/\/ozi-home.lv\/wp-content\/uploads\/2023\/11\/1F3A9349-copy-scaled.jpg\" class=\"attachment-full size-full\" alt=\"\" srcset=\"https:\/\/ozi-home.lv\/wp-content\/uploads\/2023\/11\/1F3A9349-copy-scaled.jpg 2560w, https:\/\/ozi-home.lv\/wp-content\/uploads\/2023\/11\/1F3A9349-copy-300x203.jpg 300w, https:\/\/ozi-home.lv\/wp-content\/uploads\/2023\/11\/1F3A9349-copy-1024x692.jpg 1024w, https:\/\/ozi-home.lv\/wp-content\/uploads\/2023\/11\/1F3A9349-copy-768x519.jpg 768w, https:\/\/ozi-home.lv\/wp-content\/uploads\/2023\/11\/1F3A9349-copy-1536x1038.jpg 1536w, https:\/\/ozi-home.lv\/wp-content\/uploads\/2023\/11\/1F3A9349-copy-2048x1384.jpg 2048w\" sizes=\"(max-width: 2560px) 100vw, 2560px\" \/><\/a>\n\t\t\t<\/div><\/figure><figure class='gallery-item'>\n\t\t\t<div class='gallery-icon landscape'>\n\t\t\t\t<a data-elementor-open-lightbox=\"yes\" data-elementor-lightbox-slideshow=\"97b58c9\" data-elementor-lightbox-title=\"1F3A9948 copy\" data-e-action-hash=\"#elementor-action%3Aaction%3Dlightbox%26settings%3DeyJpZCI6MTMzNSwidXJsIjoiaHR0cHM6XC9cL296aS1ob21lLmx2XC93cC1jb250ZW50XC91cGxvYWRzXC8yMDIzXC8xMVwvMUYzQTk5NDgtY29weS1zY2FsZWQud2VicCIsInNsaWRlc2hvdyI6Ijk3YjU4YzkifQ%3D%3D\" href='https:\/\/ozi-home.lv\/wp-content\/uploads\/2023\/11\/1F3A9948-copy-scaled.webp'><img decoding=\"async\" width=\"2560\" height=\"1707\" src=\"https:\/\/ozi-home.lv\/wp-content\/uploads\/2023\/11\/1F3A9948-copy-scaled.webp\" class=\"attachment-full size-full\" alt=\"\" srcset=\"https:\/\/ozi-home.lv\/wp-content\/uploads\/2023\/11\/1F3A9948-copy-scaled.webp 2560w, https:\/\/ozi-home.lv\/wp-content\/uploads\/2023\/11\/1F3A9948-copy-300x200.webp 300w, https:\/\/ozi-home.lv\/wp-content\/uploads\/2023\/11\/1F3A9948-copy-1024x683.webp 1024w, https:\/\/ozi-home.lv\/wp-content\/uploads\/2023\/11\/1F3A9948-copy-768x512.webp 768w, https:\/\/ozi-home.lv\/wp-content\/uploads\/2023\/11\/1F3A9948-copy-1536x1024.webp 1536w, https:\/\/ozi-home.lv\/wp-content\/uploads\/2023\/11\/1F3A9948-copy-2048x1365.webp 2048w\" sizes=\"(max-width: 2560px) 100vw, 2560px\" \/><\/a>\n\t\t\t<\/div><\/figure>\n\t\t<\/div>\n\t\t<\/div>\n\t\t\t\t\t\t<\/div>\n\t\t\t\t<\/div>\n\t\t\t\t<section class=\"elementor-section elementor-inner-section elementor-element elementor-element-d762106 elementor-section-boxed elementor-section-height-default elementor-section-height-default\" data-id=\"d762106\" data-element_type=\"section\" data-e-type=\"section\">\n\t\t\t\t\t\t<div class=\"elementor-container elementor-column-gap-default\">\n\t\t\t\t\t<div class=\"elementor-column elementor-col-50 elementor-inner-column elementor-element elementor-element-08ec54c\" data-id=\"08ec54c\" data-element_type=\"column\" data-e-type=\"column\">\n\t\t\t<div class=\"elementor-widget-wrap elementor-element-populated\">\n\t\t\t\t\t\t<div class=\"elementor-element elementor-element-d35be41 elementor-widget elementor-widget-heading\" data-id=\"d35be41\" data-element_type=\"widget\" data-e-type=\"widget\" data-widget_type=\"heading.default\">\n\t\t\t\t<div class=\"elementor-widget-container\">\n\t\t\t\t\t<h2 class=\"elementor-heading-title elementor-size-default\">Excellent abilities and character<\/h2>\t\t\t\t<\/div>\n\t\t\t\t<\/div>\n\t\t\t\t<div class=\"elementor-element elementor-element-8fa3d11 elementor-widget elementor-widget-text-editor\" data-id=\"8fa3d11\" data-element_type=\"widget\" data-e-type=\"widget\" data-widget_type=\"text-editor.default\">\n\t\t\t\t<div class=\"elementor-widget-container\">\n\t\t\t\t\t\t\t\t\t<p>Australian cattle dogs are very easy to train and get along well with children, but they need early and consistent socialization to help them get along with other dogs. Dogs need a lot of mental and physical activity to be happy and healthy, as well as to prevent destructive behavior. If you have plenty of space at home for your dogs to run around, and you have an active lifestyle that allows you to involve your dog, the Australian cattle dog may be the breed for you.<\/p>\t\t\t\t\t\t\t\t<\/div>\n\t\t\t\t<\/div>\n\t\t\t\t\t<\/div>\n\t\t<\/div>\n\t\t\t\t<div class=\"elementor-column elementor-col-50 elementor-inner-column elementor-element elementor-element-d30d7a1\" data-id=\"d30d7a1\" data-element_type=\"column\" data-e-type=\"column\">\n\t\t\t<div class=\"elementor-widget-wrap elementor-element-populated\">\n\t\t\t\t\t\t<div class=\"elementor-element elementor-element-6260bc9 elementor-widget elementor-widget-heading\" data-id=\"6260bc9\" data-element_type=\"widget\" data-e-type=\"widget\" data-widget_type=\"heading.default\">\n\t\t\t\t<div class=\"elementor-widget-container\">\n\t\t\t\t\t<h2 class=\"elementor-heading-title elementor-size-default\">Health and care<\/h2>\t\t\t\t<\/div>\n\t\t\t\t<\/div>\n\t\t\t\t<div class=\"elementor-element elementor-element-3a99000 elementor-widget elementor-widget-text-editor\" data-id=\"3a99000\" data-element_type=\"widget\" data-e-type=\"widget\" data-widget_type=\"text-editor.default\">\n\t\t\t\t<div class=\"elementor-widget-container\">\n\t\t\t\t\t\t\t\t\t<p>The average lifespan of Australian cattle dog is 12 \u2013 15 years. Dogs have a short coat with a thick undercoat that protects them from the weather. They require minimal care and should be washed only when necessary (dirty, stuffy). The breed does not have the typical dog smell. The change of coat will be very noticeable even in smaller rooms, so you should not forget about brushing.<\/p>\t\t\t\t\t\t\t\t<\/div>\n\t\t\t\t<\/div>\n\t\t\t\t\t<\/div>\n\t\t<\/div>\n\t\t\t\t\t<\/div>\n\t\t<\/section>\n\t\t\t\t\t<\/div>\n\t\t<\/div>\n\t\t\t\t\t<\/div>\n\t\t<\/section>\n\t\t<div class=\"elementor-element elementor-element-6e4557b e-flex e-con-boxed e-con e-parent\" data-id=\"6e4557b\" data-element_type=\"container\" data-e-type=\"container\">\n\t\t\t\t\t<div class=\"e-con-inner\">\n\t\t<div class=\"elementor-element elementor-element-728b1be e-con-full e-flex e-con e-child\" data-id=\"728b1be\" data-element_type=\"container\" data-e-type=\"container\">\n\t\t\t\t<div class=\"elementor-element elementor-element-4e00120 elementor-widget elementor-widget-image\" data-id=\"4e00120\" data-element_type=\"widget\" data-e-type=\"widget\" data-widget_type=\"image.default\">\n\t\t\t\t<div class=\"elementor-widget-container\">\n\t\t\t\t\t\t\t\t\t\t\t\t\t\t\t<img loading=\"lazy\" decoding=\"async\" width=\"1302\" height=\"876\" src=\"https:\/\/ozi-home.lv\/wp-content\/uploads\/2025\/06\/1.jpg\" class=\"attachment-full size-full wp-image-5870\" alt=\"\" srcset=\"https:\/\/ozi-home.lv\/wp-content\/uploads\/2025\/06\/1.jpg 1302w, https:\/\/ozi-home.lv\/wp-content\/uploads\/2025\/06\/1-300x202.jpg 300w, https:\/\/ozi-home.lv\/wp-content\/uploads\/2025\/06\/1-1024x689.jpg 1024w, https:\/\/ozi-home.lv\/wp-content\/uploads\/2025\/06\/1-768x517.jpg 768w, https:\/\/ozi-home.lv\/wp-content\/uploads\/2025\/06\/1-18x12.jpg 18w\" sizes=\"(max-width: 1302px) 100vw, 1302px\" \/>\t\t\t\t\t\t\t\t\t\t\t\t\t\t\t<\/div>\n\t\t\t\t<\/div>\n\t\t\t\t<\/div>\n\t\t<div class=\"elementor-element elementor-element-6fd22ae e-con-full e-flex e-con e-child\" data-id=\"6fd22ae\" data-element_type=\"container\" data-e-type=\"container\">\n\t\t\t\t<div class=\"elementor-element elementor-element-acdce93 elementor-widget elementor-widget-image\" data-id=\"acdce93\" data-element_type=\"widget\" data-e-type=\"widget\" data-widget_type=\"image.default\">\n\t\t\t\t<div class=\"elementor-widget-container\">\n\t\t\t\t\t\t\t\t\t\t\t\t\t\t\t<img loading=\"lazy\" decoding=\"async\" width=\"1302\" height=\"876\" src=\"https:\/\/ozi-home.lv\/wp-content\/uploads\/2025\/06\/IMG_2.jpg\" class=\"attachment-full size-full wp-image-5850\" alt=\"\" srcset=\"https:\/\/ozi-home.lv\/wp-content\/uploads\/2025\/06\/IMG_2.jpg 1302w, https:\/\/ozi-home.lv\/wp-content\/uploads\/2025\/06\/IMG_2-300x202.jpg 300w, https:\/\/ozi-home.lv\/wp-content\/uploads\/2025\/06\/IMG_2-1024x689.jpg 1024w, https:\/\/ozi-home.lv\/wp-content\/uploads\/2025\/06\/IMG_2-768x517.jpg 768w, https:\/\/ozi-home.lv\/wp-content\/uploads\/2025\/06\/IMG_2-18x12.jpg 18w\" sizes=\"(max-width: 1302px) 100vw, 1302px\" \/>\t\t\t\t\t\t\t\t\t\t\t\t\t\t\t<\/div>\n\t\t\t\t<\/div>\n\t\t\t\t<\/div>\n\t\t<div class=\"elementor-element elementor-element-335d705 e-con-full e-flex e-con e-child\" data-id=\"335d705\" data-element_type=\"container\" data-e-type=\"container\">\n\t\t\t\t<div class=\"elementor-element elementor-element-059e1e2 elementor-widget elementor-widget-image\" data-id=\"059e1e2\" data-element_type=\"widget\" data-e-type=\"widget\" data-widget_type=\"image.default\">\n\t\t\t\t<div class=\"elementor-widget-container\">\n\t\t\t\t\t\t\t\t\t\t\t\t\t\t\t<img loading=\"lazy\" decoding=\"async\" width=\"1024\" height=\"689\" src=\"https:\/\/ozi-home.lv\/wp-content\/uploads\/2025\/06\/3-1024x689.jpg\" class=\"attachment-large size-large wp-image-5871\" alt=\"\" srcset=\"https:\/\/ozi-home.lv\/wp-content\/uploads\/2025\/06\/3-1024x689.jpg 1024w, https:\/\/ozi-home.lv\/wp-content\/uploads\/2025\/06\/3-300x202.jpg 300w, https:\/\/ozi-home.lv\/wp-content\/uploads\/2025\/06\/3-768x517.jpg 768w, https:\/\/ozi-home.lv\/wp-content\/uploads\/2025\/06\/3-18x12.jpg 18w, https:\/\/ozi-home.lv\/wp-content\/uploads\/2025\/06\/3.jpg 1302w\" sizes=\"(max-width: 1024px) 100vw, 1024px\" \/>\t\t\t\t\t\t\t\t\t\t\t\t\t\t\t<\/div>\n\t\t\t\t<\/div>\n\t\t\t\t<\/div>\n\t\t\t\t\t<\/div>\n\t\t\t\t<\/div>\n\t\t<div class=\"elementor-element elementor-element-8d3c068 e-flex e-con-boxed e-con e-parent\" data-id=\"8d3c068\" data-element_type=\"container\" data-e-type=\"container\">\n\t\t\t\t\t<div class=\"e-con-inner\">\n\t\t\t\t<div class=\"elementor-element elementor-element-0e4da1c elementor-widget elementor-widget-heading\" data-id=\"0e4da1c\" data-element_type=\"widget\" data-e-type=\"widget\" data-widget_type=\"heading.default\">\n\t\t\t\t<div class=\"elementor-widget-container\">\n\t\t\t\t\t<h2 class=\"elementor-heading-title elementor-size-default\">Insight of breed standard<\/h2>\t\t\t\t<\/div>\n\t\t\t\t<\/div>\n\t\t\t\t\t<\/div>\n\t\t\t\t<\/div>\n\t\t<div class=\"elementor-element elementor-element-9308c3f e-flex e-con-boxed e-con e-parent\" data-id=\"9308c3f\" data-element_type=\"container\" data-e-type=\"container\">\n\t\t\t\t\t<div class=\"e-con-inner\">\n\t\t\t\t<div class=\"elementor-element elementor-element-633c8e4 elementor-widget elementor-widget-text-editor\" data-id=\"633c8e4\" data-element_type=\"widget\" data-e-type=\"widget\" data-widget_type=\"text-editor.default\">\n\t\t\t\t<div class=\"elementor-widget-container\">\n\t\t\t\t\t\t\t\t\t<div>FCI-Standard No. 287<\/div><div>COUNTRY OF ORIGIN: Australia\u00a0<\/div><div>FCI CLASSIFICATION: Group 1 \u2013 Sheepdogs and Cattle Dogs (except Swiss Mountain and Cattle Dogs)<\/div><div>GENERAL APPEARANCE: The general appearance is that of a strong, compact, symmetrically built working dog, with the ability and willingness to carry out his allotted task however arduous. Its combination of substance, power, balance and hard muscular condition must convey the impression of great agility, strength and endurance.\u00a0<\/div><div>IMPORTANT PROPORTIONS: The length of the body from the point of the breast bone, in a straight line to the buttocks, is greater than the height at the withers, as 10 is to 9.<\/div><div>BEHAVIOUR\/TEMPERAMENT: The Cattle Dog's loyalty and protective instincts make it a self-appointed guardian to the Stockman, his herd and his property. Whilst naturally suspicious of strangers, must be amenable to handling, particularly in the Show ring. Any feature of temperament or structure foreign to a working dog must be regarded as a serious fault. As the name applies the dog\u2019s prime function, and one in which he has no peer, is the control and movement of cattle in both wide open and confined areas. Always alert, extremely intelligent, watchful, courageous and trustworthy, with an implicit devotion to duty making it an ideal working dog.<\/div><div>Height at the withers: Males: 46 to 51 cm. Females: 43 to 48 cm.<\/div><div>\u00a0<\/div><div>More details: <a href=\"https:\/\/www.fci.be\/nomenclature\/standards\/287g01-en.pdf\">FCI STANDARD<\/a>\u00a0<\/div>\t\t\t\t\t\t\t\t<\/div>\n\t\t\t\t<\/div>\n\t\t\t\t\t<\/div>\n\t\t\t\t<\/div>\n\t\t<div class=\"elementor-element elementor-element-d39b0cc e-flex e-con-boxed e-con e-parent\" data-id=\"d39b0cc\" data-element_type=\"container\" data-e-type=\"container\">\n\t\t\t\t\t<div class=\"e-con-inner\">\n\t\t<div class=\"elementor-element elementor-element-4b5d35f e-con-full e-flex e-con e-child\" data-id=\"4b5d35f\" data-element_type=\"container\" data-e-type=\"container\">\n\t\t\t\t<div class=\"elementor-element elementor-element-348e4eb elementor-widget elementor-widget-image\" data-id=\"348e4eb\" data-element_type=\"widget\" data-e-type=\"widget\" data-widget_type=\"image.default\">\n\t\t\t\t<div class=\"elementor-widget-container\">\n\t\t\t\t\t\t\t\t\t\t\t\t\t\t\t<img loading=\"lazy\" decoding=\"async\" width=\"1024\" height=\"683\" src=\"https:\/\/ozi-home.lv\/wp-content\/uploads\/2025\/05\/STAR6630-copy-2-1024x683.jpg\" class=\"attachment-large size-large wp-image-5823\" alt=\"\" srcset=\"https:\/\/ozi-home.lv\/wp-content\/uploads\/2025\/05\/STAR6630-copy-2-1024x683.jpg 1024w, https:\/\/ozi-home.lv\/wp-content\/uploads\/2025\/05\/STAR6630-copy-2-300x200.jpg 300w, https:\/\/ozi-home.lv\/wp-content\/uploads\/2025\/05\/STAR6630-copy-2-768x512.jpg 768w, https:\/\/ozi-home.lv\/wp-content\/uploads\/2025\/05\/STAR6630-copy-2-18x12.jpg 18w, https:\/\/ozi-home.lv\/wp-content\/uploads\/2025\/05\/STAR6630-copy-2.jpg 1200w\" sizes=\"(max-width: 1024px) 100vw, 1024px\" \/>\t\t\t\t\t\t\t\t\t\t\t\t\t\t\t<\/div>\n\t\t\t\t<\/div>\n\t\t\t\t<\/div>\n\t\t<div class=\"elementor-element elementor-element-c88a68a e-con-full e-flex e-con e-child\" data-id=\"c88a68a\" data-element_type=\"container\" data-e-type=\"container\">\n\t\t\t\t<div class=\"elementor-element elementor-element-7a4981e elementor-widget elementor-widget-image\" data-id=\"7a4981e\" data-element_type=\"widget\" data-e-type=\"widget\" data-widget_type=\"image.default\">\n\t\t\t\t<div class=\"elementor-widget-container\">\n\t\t\t\t\t\t\t\t\t\t\t\t\t\t\t<img loading=\"lazy\" decoding=\"async\" width=\"1024\" height=\"683\" src=\"https:\/\/ozi-home.lv\/wp-content\/uploads\/2025\/05\/STAR6495-copy-2-1024x683.jpg\" class=\"attachment-large size-large wp-image-5824\" alt=\"\" srcset=\"https:\/\/ozi-home.lv\/wp-content\/uploads\/2025\/05\/STAR6495-copy-2-1024x683.jpg 1024w, https:\/\/ozi-home.lv\/wp-content\/uploads\/2025\/05\/STAR6495-copy-2-300x200.jpg 300w, https:\/\/ozi-home.lv\/wp-content\/uploads\/2025\/05\/STAR6495-copy-2-768x512.jpg 768w, https:\/\/ozi-home.lv\/wp-content\/uploads\/2025\/05\/STAR6495-copy-2-18x12.jpg 18w, https:\/\/ozi-home.lv\/wp-content\/uploads\/2025\/05\/STAR6495-copy-2.jpg 1200w\" sizes=\"(max-width: 1024px) 100vw, 1024px\" \/>\t\t\t\t\t\t\t\t\t\t\t\t\t\t\t<\/div>\n\t\t\t\t<\/div>\n\t\t\t\t<\/div>\n\t\t<div class=\"elementor-element elementor-element-ed8d80d e-con-full e-flex e-con e-child\" data-id=\"ed8d80d\" data-element_type=\"container\" data-e-type=\"container\">\n\t\t\t\t<div class=\"elementor-element elementor-element-cde958f elementor-widget elementor-widget-image\" data-id=\"cde958f\" data-element_type=\"widget\" data-e-type=\"widget\" data-widget_type=\"image.default\">\n\t\t\t\t<div class=\"elementor-widget-container\">\n\t\t\t\t\t\t\t\t\t\t\t\t\t\t\t<img loading=\"lazy\" decoding=\"async\" width=\"1024\" height=\"683\" src=\"https:\/\/ozi-home.lv\/wp-content\/uploads\/2025\/05\/494676001_1002524728526814_7673909401649835285_n-1024x683.jpg\" class=\"attachment-large size-large wp-image-5825\" alt=\"\" srcset=\"https:\/\/ozi-home.lv\/wp-content\/uploads\/2025\/05\/494676001_1002524728526814_7673909401649835285_n-1024x683.jpg 1024w, https:\/\/ozi-home.lv\/wp-content\/uploads\/2025\/05\/494676001_1002524728526814_7673909401649835285_n-300x200.jpg 300w, https:\/\/ozi-home.lv\/wp-content\/uploads\/2025\/05\/494676001_1002524728526814_7673909401649835285_n-768x512.jpg 768w, https:\/\/ozi-home.lv\/wp-content\/uploads\/2025\/05\/494676001_1002524728526814_7673909401649835285_n-1536x1024.jpg 1536w, https:\/\/ozi-home.lv\/wp-content\/uploads\/2025\/05\/494676001_1002524728526814_7673909401649835285_n-18x12.jpg 18w, https:\/\/ozi-home.lv\/wp-content\/uploads\/2025\/05\/494676001_1002524728526814_7673909401649835285_n.jpg 2048w\" sizes=\"(max-width: 1024px) 100vw, 1024px\" \/>\t\t\t\t\t\t\t\t\t\t\t\t\t\t\t<\/div>\n\t\t\t\t<\/div>\n\t\t\t\t<\/div>\n\t\t<div class=\"elementor-element elementor-element-06373a4 e-con-full e-flex e-con e-child\" data-id=\"06373a4\" data-element_type=\"container\" data-e-type=\"container\">\n\t\t\t\t<\/div>\n\t\t<div class=\"elementor-element elementor-element-434a655 e-con-full e-flex e-con e-child\" data-id=\"434a655\" data-element_type=\"container\" data-e-type=\"container\">\n\t\t\t\t<\/div>\n\t\t<div class=\"elementor-element elementor-element-bb81b5f e-con-full e-flex e-con e-child\" data-id=\"bb81b5f\" data-element_type=\"container\" data-e-type=\"container\">\n\t\t\t\t<\/div>\n\t\t\t\t\t<\/div>\n\t\t\t\t<\/div>\n\t\t\t\t<\/div>","protected":false},"excerpt":{"rendered":"<p>Par \u0161\u0137irni Austr\u0101lijas ganu suns, paz\u012bstams ar\u012b k\u0101 zilais h\u012blers un sarkanais h\u012blers, ir \u0101rk\u0101rt\u012bgi inteli\u0123enta, akt\u012bva un iztur\u012bga su\u0146u \u0161\u0137irne, ko rad\u012bju\u0161i Austr\u0101lijas kolonisti. \u0160\u0137irne rad\u012bta Austr\u0101lij\u0101, kur galvenais uzdevums bijis kontrol\u0113t un p\u0101rvietot milz\u012bgus gan\u0101mpulkus, un to joproj\u0101m izmanto k\u0101 ganu suni. Austr\u0101lijas ganu suns ir kompakts, iztur\u012bgs un sp\u0113c\u012bgs darba suns, kam [&hellip;]<\/p>","protected":false},"author":3,"featured_media":0,"parent":0,"menu_order":0,"comment_status":"closed","ping_status":"closed","template":"","meta":{"_monsterinsights_skip_tracking":false,"_monsterinsights_sitenote_active":false,"_monsterinsights_sitenote_note":"","_monsterinsights_sitenote_category":0,"site-sidebar-layout":"no-sidebar","site-content-layout":"page-builder","ast-site-content-layout":"default","site-content-style":"default","site-sidebar-style":"default","ast-global-header-display":"","ast-banner-title-visibility":"","ast-main-header-display":"","ast-hfb-above-header-display":"","ast-hfb-below-header-display":"","ast-hfb-mobile-header-display":"","site-post-title":"disabled","ast-breadcrumbs-content":"","ast-featured-img":"disabled","footer-sml-layout":"","ast-disable-related-posts":"","theme-transparent-header-meta":"enabled","adv-header-id-meta":"","stick-header-meta":"","header-above-stick-meta":"","header-main-stick-meta":"","header-below-stick-meta":"","astra-migrate-meta-layouts":"default","ast-page-background-enabled":"default","ast-page-background-meta":{"desktop":{"background-color":"var(--ast-global-color-4)","background-image":"","background-repeat":"repeat","background-position":"center center","background-size":"auto","background-attachment":"scroll","background-type":"","background-media":"","overlay-type":"","overlay-color":"","overlay-opacity":"","overlay-gradient":""},"tablet":{"background-color":"","background-image":"","background-repeat":"repeat","background-position":"center center","background-size":"auto","background-attachment":"scroll","background-type":"","background-media":"","overlay-type":"","overlay-color":"","overlay-opacity":"","overlay-gradient":""},"mobile":{"background-color":"","background-image":"","background-repeat":"repeat","background-position":"center center","background-size":"auto","background-attachment":"scroll","background-type":"","background-media":"","overlay-type":"","overlay-color":"","overlay-opacity":"","overlay-gradient":""}},"ast-content-background-meta":{"desktop":{"background-color":"var(--ast-global-color-5)","background-image":"","background-repeat":"repeat","background-position":"center center","background-size":"auto","background-attachment":"scroll","background-type":"","background-media":"","overlay-type":"","overlay-color":"","overlay-opacity":"","overlay-gradient":""},"tablet":{"background-color":"var(--ast-global-color-5)","background-image":"","background-repeat":"repeat","background-position":"center center","background-size":"auto","background-attachment":"scroll","background-type":"","background-media":"","overlay-type":"","overlay-color":"","overlay-opacity":"","overlay-gradient":""},"mobile":{"background-color":"var(--ast-global-color-5)","background-image":"","background-repeat":"repeat","background-position":"center center","background-size":"auto","background-attachment":"scroll","background-type":"","background-media":"","overlay-type":"","overlay-color":"","overlay-opacity":"","overlay-gradient":""}},"footnotes":""},"class_list":["post-1344","page","type-page","status-publish","hentry"],"_links":{"self":[{"href":"https:\/\/ozi-home.lv\/en\/wp-json\/wp\/v2\/pages\/1344","targetHints":{"allow":["GET"]}}],"collection":[{"href":"https:\/\/ozi-home.lv\/en\/wp-json\/wp\/v2\/pages"}],"about":[{"href":"https:\/\/ozi-home.lv\/en\/wp-json\/wp\/v2\/types\/page"}],"author":[{"embeddable":true,"href":"https:\/\/ozi-home.lv\/en\/wp-json\/wp\/v2\/users\/3"}],"replies":[{"embeddable":true,"href":"https:\/\/ozi-home.lv\/en\/wp-json\/wp\/v2\/comments?post=1344"}],"version-history":[{"count":67,"href":"https:\/\/ozi-home.lv\/en\/wp-json\/wp\/v2\/pages\/1344\/revisions"}],"predecessor-version":[{"id":6271,"href":"https:\/\/ozi-home.lv\/en\/wp-json\/wp\/v2\/pages\/1344\/revisions\/6271"}],"wp:attachment":[{"href":"https:\/\/ozi-home.lv\/en\/wp-json\/wp\/v2\/media?parent=1344"}],"curies":[{"name":"wp","href":"https:\/\/api.w.org\/{rel}","templated":true}]}}