{"id":3904,"date":"2024-05-23T09:27:14","date_gmt":"2024-05-23T07:27:14","guid":{"rendered":"https:\/\/ozi-home.lv\/?page_id=3904"},"modified":"2025-11-04T11:11:03","modified_gmt":"2025-11-04T09:11:03","slug":"b-metiens","status":"publish","type":"page","link":"https:\/\/ozi-home.lv\/en\/b-metiens\/","title":{"rendered":"B litter"},"content":{"rendered":"<div data-elementor-type=\"wp-page\" data-elementor-id=\"3904\" class=\"elementor elementor-3904\" data-elementor-post-type=\"page\">\n\t\t\t\t\t\t<section class=\"elementor-section elementor-top-section elementor-element elementor-element-c8ddeb6 elementor-section-height-min-height elementor-section-boxed elementor-section-height-default elementor-section-items-middle\" data-id=\"c8ddeb6\" data-element_type=\"section\" data-e-type=\"section\" data-settings=\"{&quot;background_background&quot;:&quot;classic&quot;}\">\n\t\t\t\t\t\t\t<div class=\"elementor-background-overlay\"><\/div>\n\t\t\t\t\t\t\t<div class=\"elementor-container elementor-column-gap-default\">\n\t\t\t\t\t<div class=\"elementor-column elementor-col-100 elementor-top-column elementor-element elementor-element-6a5337e\" data-id=\"6a5337e\" data-element_type=\"column\" data-e-type=\"column\">\n\t\t\t<div class=\"elementor-widget-wrap elementor-element-populated\">\n\t\t\t\t\t\t<div class=\"elementor-element elementor-element-feefb6c elementor-widget elementor-widget-heading\" data-id=\"feefb6c\" data-element_type=\"widget\" data-e-type=\"widget\" data-widget_type=\"heading.default\">\n\t\t\t\t<div class=\"elementor-widget-container\">\n\t\t\t\t\t<h1 class=\"elementor-heading-title elementor-size-default\">B-litter<\/h1>\t\t\t\t<\/div>\n\t\t\t\t<\/div>\n\t\t\t\t\t<\/div>\n\t\t<\/div>\n\t\t\t\t\t<\/div>\n\t\t<\/section>\n\t\t\t\t<section class=\"elementor-section elementor-top-section elementor-element elementor-element-034f786 elementor-section-full_width elementor-section-height-default elementor-section-height-default\" data-id=\"034f786\" data-element_type=\"section\" data-e-type=\"section\">\n\t\t\t\t\t\t<div class=\"elementor-container elementor-column-gap-default\">\n\t\t\t\t\t<div class=\"elementor-column elementor-col-100 elementor-top-column elementor-element elementor-element-ba0c118\" data-id=\"ba0c118\" data-element_type=\"column\" data-e-type=\"column\">\n\t\t\t<div class=\"elementor-widget-wrap elementor-element-populated\">\n\t\t\t\t\t\t<div class=\"elementor-element elementor-element-29303a4 elementor-widget elementor-widget-heading\" data-id=\"29303a4\" data-element_type=\"widget\" data-e-type=\"widget\" data-widget_type=\"heading.default\">\n\t\t\t\t<div class=\"elementor-widget-container\">\n\t\t\t\t\t<h2 class=\"elementor-heading-title elementor-size-default\">\ud83c\udf38 Summer puppies<br>\nDOB. 19\/05\/2024<\/h2>\t\t\t\t<\/div>\n\t\t\t\t<\/div>\n\t\t\t\t<div class=\"elementor-element elementor-element-642797d elementor-widget elementor-widget-text-editor\" data-id=\"642797d\" data-element_type=\"widget\" data-e-type=\"widget\" data-widget_type=\"text-editor.default\">\n\t\t\t\t<div class=\"elementor-widget-container\">\n\t\t\t\t\t\t\t\t\tAll puppies have hearing test with the result BAER +\/+ , vaccinated, dewormed, microchipped, registrated in LDC. Puppies have found their forever homes in Latvia, Estonia, Spain and USA.\t\t\t\t\t\t\t\t<\/div>\n\t\t\t\t<\/div>\n\t\t\t\t<div class=\"elementor-element elementor-element-0afa0e2 elementor-widget elementor-widget-text-editor\" data-id=\"0afa0e2\" data-element_type=\"widget\" data-e-type=\"widget\" data-widget_type=\"text-editor.default\">\n\t\t\t\t<div class=\"elementor-widget-container\">\n\t\t\t\t\t\t\t\t\t<p>In the group photo puppies are 8 weeks old<\/p><p>The age of the puppies in the individual pictures is 8 weeks (pink) and 4 months\u00a0(purple).<\/p>\t\t\t\t\t\t\t\t<\/div>\n\t\t\t\t<\/div>\n\t\t\t\t<div class=\"elementor-element elementor-element-ebf273e elementor-widget elementor-widget-image\" data-id=\"ebf273e\" data-element_type=\"widget\" data-e-type=\"widget\" data-widget_type=\"image.default\">\n\t\t\t\t<div class=\"elementor-widget-container\">\n\t\t\t\t\t\t\t\t\t\t\t\t\t\t\t<img fetchpriority=\"high\" decoding=\"async\" width=\"1024\" height=\"721\" src=\"https:\/\/ozi-home.lv\/wp-content\/uploads\/2024\/05\/zita-2024-bundle1-1024x721.jpg\" class=\"attachment-large size-large wp-image-3906\" alt=\"\" srcset=\"https:\/\/ozi-home.lv\/wp-content\/uploads\/2024\/05\/zita-2024-bundle1-1024x721.jpg 1024w, https:\/\/ozi-home.lv\/wp-content\/uploads\/2024\/05\/zita-2024-bundle1-300x211.jpg 300w, https:\/\/ozi-home.lv\/wp-content\/uploads\/2024\/05\/zita-2024-bundle1-768x541.jpg 768w, https:\/\/ozi-home.lv\/wp-content\/uploads\/2024\/05\/zita-2024-bundle1-1536x1082.jpg 1536w, https:\/\/ozi-home.lv\/wp-content\/uploads\/2024\/05\/zita-2024-bundle1-2048x1443.jpg 2048w, https:\/\/ozi-home.lv\/wp-content\/uploads\/2024\/05\/zita-2024-bundle1-18x12.jpg 18w\" sizes=\"(max-width: 1024px) 100vw, 1024px\" \/>\t\t\t\t\t\t\t\t\t\t\t\t\t\t\t<\/div>\n\t\t\t\t<\/div>\n\t\t\t\t<div class=\"elementor-element elementor-element-1b3f7d0 elementor-widget elementor-widget-boosted-elements-image-grid\" data-id=\"1b3f7d0\" data-element_type=\"widget\" data-e-type=\"widget\" data-widget_type=\"boosted-elements-image-grid.default\">\n\t\t\t\t<div class=\"elementor-widget-container\">\n\t\t\t\t\t\n\n\n\t<div class=\"boosted-elements-progression-image-grid-container boosted-elements-image-grid-caption-under boosted-elements-image-grid-transition-sepia\">\n\t\t<div class=\"boosted-elements-masonry-margins\">\n\t\t\t<div class=\"boosted-elements-grid-masonry1b3f7d0\">\n\t\t\t\t\n\t\t\t\t\t\t\n\t\t\t\t\t<div class=\"boosted-elements-progression-masonry-item boosted-elements-progression-masonry-column\">\n\t\t\t\t\t\t<div class=\"boosted-elements-progression-image-masonry-padding\">\n\t\t\t\t\t\t\t<div class=\"boosted-elements-progression-isotope-animation\">\n\t\t\t\t\t\t\t\t\n\t\t\t\t\t\t\t\t<div class=\"boosted-elements-progression-image-grid-item\">\n\t\t\t\t\t\t\t\t\t\t\t\t\t\t\t\t\t\t\t\t\t\t\t\t\t\t\n\t\t\t\t\t\t\t\t\t\n\t\t\t\t\t\t\t\t\t\t\t\t\t\t\t\t\t\t<a href=\"https:\/\/ozi-home.lv\/wp-content\/uploads\/2024\/10\/BuzzingBee-1024x691.jpg\" class=\"boosted-elements-lightbox-js\" data-elementor-lightbox-slideshow=\"gallery-boosted-1b3f7d0\" >\n\t\t\t\t\t\t\t\t\t\n\t\t\t\t\t\t\t\t\t<img decoding=\"async\" src=\"https:\/\/ozi-home.lv\/wp-content\/uploads\/2024\/10\/BuzzingBee-1024x691.jpg\" alt=\"\u2642 BUZZING BEE (LV)\" class=\"boosted-elements-progression-image\">\n\t\t\t\t\t\t\t\t\t\n\t\t\t\t\t\t\t\t\t\t\t\t\t\t\t\t\t\t<div class=\"progression-studios-image-grid-caption-overlay\"><div class=\"progression-studios-image-grid-caption-table\"><div class=\"progression-studios-image-grid-caption-table-cell\"><div class=\"progression-studios-grid-caption\">\u2642 BUZZING BEE (LV)<\/div><\/div><\/div><\/div><!-- close .progression-studios-image-grid-caption-table -->\t\t\t\t\t\t\t\t\t\n\t\t\t\t\t\t\t\t\t<\/a>\t\t\t\t\t\t\t\t\t\n\t\t\t\t\t\t\t\t\t\n\t\t\t\t\t\t\t\t\t\t\n\t\t\t\t\t\t\t\t\t\t<div class=\"clearfix-boosted-element\"><\/div>\n\t\t\t\t\t\t\t\t<\/div><!-- close .boosted-elements-progression-image-grid-item -->\n\t\t\t\t\t\t\t\t\n\t\t\t\t\t\t\t<\/div><!-- close .boosted-elements-progression-isotope-animation -->\n\t\t\t\t\t\t<\/div><!-- close .boosted-elements-progression-image-masonry-padding -->\n\t\t\t\t\t<\/div><!-- close .boosted-elements-progression-masonry-item progression-masonry-col -->\n\n\t\t\t\t\n\t\t\t\t\t<div class=\"boosted-elements-progression-masonry-item boosted-elements-progression-masonry-column\">\n\t\t\t\t\t\t<div class=\"boosted-elements-progression-image-masonry-padding\">\n\t\t\t\t\t\t\t<div class=\"boosted-elements-progression-isotope-animation\">\n\t\t\t\t\t\t\t\t\n\t\t\t\t\t\t\t\t<div class=\"boosted-elements-progression-image-grid-item\">\n\t\t\t\t\t\t\t\t\t\t\t\t\t\t\t\t\t\t\t\t\t\t\t\t\t\t\n\t\t\t\t\t\t\t\t\t\n\t\t\t\t\t\t\t\t\t\t\t\t\t\t\t\t\t\t<a href=\"https:\/\/ozi-home.lv\/wp-content\/uploads\/2024\/10\/butterfly-1024x679.jpg\" class=\"boosted-elements-lightbox-js\" data-elementor-lightbox-slideshow=\"gallery-boosted-1b3f7d0\" >\n\t\t\t\t\t\t\t\t\t\n\t\t\t\t\t\t\t\t\t<img decoding=\"async\" src=\"https:\/\/ozi-home.lv\/wp-content\/uploads\/2024\/10\/butterfly-1024x679.jpg\" alt=\"\u2640 BUTTERFLY EFFECT (ES)\" class=\"boosted-elements-progression-image\">\n\t\t\t\t\t\t\t\t\t\n\t\t\t\t\t\t\t\t\t\t\t\t\t\t\t\t\t\t<div class=\"progression-studios-image-grid-caption-overlay\"><div class=\"progression-studios-image-grid-caption-table\"><div class=\"progression-studios-image-grid-caption-table-cell\"><div class=\"progression-studios-grid-caption\">\u2640 BUTTERFLY EFFECT (ES)<\/div><\/div><\/div><\/div><!-- close .progression-studios-image-grid-caption-table -->\t\t\t\t\t\t\t\t\t\n\t\t\t\t\t\t\t\t\t<\/a>\t\t\t\t\t\t\t\t\t\n\t\t\t\t\t\t\t\t\t\n\t\t\t\t\t\t\t\t\t\t\n\t\t\t\t\t\t\t\t\t\t<div class=\"clearfix-boosted-element\"><\/div>\n\t\t\t\t\t\t\t\t<\/div><!-- close .boosted-elements-progression-image-grid-item -->\n\t\t\t\t\t\t\t\t\n\t\t\t\t\t\t\t<\/div><!-- close .boosted-elements-progression-isotope-animation -->\n\t\t\t\t\t\t<\/div><!-- close .boosted-elements-progression-image-masonry-padding -->\n\t\t\t\t\t<\/div><!-- close .boosted-elements-progression-masonry-item progression-masonry-col -->\n\n\t\t\t\t\n\t\t\t\t\t<div class=\"boosted-elements-progression-masonry-item boosted-elements-progression-masonry-column\">\n\t\t\t\t\t\t<div class=\"boosted-elements-progression-image-masonry-padding\">\n\t\t\t\t\t\t\t<div class=\"boosted-elements-progression-isotope-animation\">\n\t\t\t\t\t\t\t\t\n\t\t\t\t\t\t\t\t<div class=\"boosted-elements-progression-image-grid-item\">\n\t\t\t\t\t\t\t\t\t\t\t\t\t\t\t\t\t\t\t\t\t\t\t\t\t\t\n\t\t\t\t\t\t\t\t\t\n\t\t\t\t\t\t\t\t\t\t\t\t\t\t\t\t\t\t<a href=\"https:\/\/ozi-home.lv\/wp-content\/uploads\/2024\/08\/blossom-1024x702.jpg\" class=\"boosted-elements-lightbox-js\" data-elementor-lightbox-slideshow=\"gallery-boosted-1b3f7d0\" >\n\t\t\t\t\t\t\t\t\t\n\t\t\t\t\t\t\t\t\t<img decoding=\"async\" src=\"https:\/\/ozi-home.lv\/wp-content\/uploads\/2024\/08\/blossom-1024x702.jpg\" alt=\"\u2642 BLOSSOM BRINGS JOY (EE)\" class=\"boosted-elements-progression-image\">\n\t\t\t\t\t\t\t\t\t\n\t\t\t\t\t\t\t\t\t\t\t\t\t\t\t\t\t\t<div class=\"progression-studios-image-grid-caption-overlay\"><div class=\"progression-studios-image-grid-caption-table\"><div class=\"progression-studios-image-grid-caption-table-cell\"><div class=\"progression-studios-grid-caption\">\u2642 BLOSSOM BRINGS JOY (EE)<\/div><\/div><\/div><\/div><!-- close .progression-studios-image-grid-caption-table -->\t\t\t\t\t\t\t\t\t\n\t\t\t\t\t\t\t\t\t<\/a>\t\t\t\t\t\t\t\t\t\n\t\t\t\t\t\t\t\t\t\n\t\t\t\t\t\t\t\t\t\t\n\t\t\t\t\t\t\t\t\t\t<div class=\"clearfix-boosted-element\"><\/div>\n\t\t\t\t\t\t\t\t<\/div><!-- close .boosted-elements-progression-image-grid-item -->\n\t\t\t\t\t\t\t\t\n\t\t\t\t\t\t\t<\/div><!-- close .boosted-elements-progression-isotope-animation -->\n\t\t\t\t\t\t<\/div><!-- close .boosted-elements-progression-image-masonry-padding -->\n\t\t\t\t\t<\/div><!-- close .boosted-elements-progression-masonry-item progression-masonry-col -->\n\n\t\t\t\t\n\t\t\t\t\t<div class=\"boosted-elements-progression-masonry-item boosted-elements-progression-masonry-column\">\n\t\t\t\t\t\t<div class=\"boosted-elements-progression-image-masonry-padding\">\n\t\t\t\t\t\t\t<div class=\"boosted-elements-progression-isotope-animation\">\n\t\t\t\t\t\t\t\t\n\t\t\t\t\t\t\t\t<div class=\"boosted-elements-progression-image-grid-item\">\n\t\t\t\t\t\t\t\t\t\t\t\t\t\t\t\t\t\t\t\t\t\t\t\t\t\t\n\t\t\t\t\t\t\t\t\t\n\t\t\t\t\t\t\t\t\t\t\t\t\t\t\t\t\t\t<a href=\"https:\/\/ozi-home.lv\/wp-content\/uploads\/2024\/10\/woody-1024x683.jpg\" class=\"boosted-elements-lightbox-js\" data-elementor-lightbox-slideshow=\"gallery-boosted-1b3f7d0\" >\n\t\t\t\t\t\t\t\t\t\n\t\t\t\t\t\t\t\t\t<img decoding=\"async\" src=\"https:\/\/ozi-home.lv\/wp-content\/uploads\/2024\/10\/woody-1024x683.jpg\" alt=\"\u2642 BLUEBELL WOODLAND (EE)\" class=\"boosted-elements-progression-image\">\n\t\t\t\t\t\t\t\t\t\n\t\t\t\t\t\t\t\t\t\t\t\t\t\t\t\t\t\t<div class=\"progression-studios-image-grid-caption-overlay\"><div class=\"progression-studios-image-grid-caption-table\"><div class=\"progression-studios-image-grid-caption-table-cell\"><div class=\"progression-studios-grid-caption\">\u2642 BLUEBELL WOODLAND (EE)<\/div><\/div><\/div><\/div><!-- close .progression-studios-image-grid-caption-table -->\t\t\t\t\t\t\t\t\t\n\t\t\t\t\t\t\t\t\t<\/a>\t\t\t\t\t\t\t\t\t\n\t\t\t\t\t\t\t\t\t\n\t\t\t\t\t\t\t\t\t\t\n\t\t\t\t\t\t\t\t\t\t<div class=\"clearfix-boosted-element\"><\/div>\n\t\t\t\t\t\t\t\t<\/div><!-- close .boosted-elements-progression-image-grid-item -->\n\t\t\t\t\t\t\t\t\n\t\t\t\t\t\t\t<\/div><!-- close .boosted-elements-progression-isotope-animation -->\n\t\t\t\t\t\t<\/div><!-- close .boosted-elements-progression-image-masonry-padding -->\n\t\t\t\t\t<\/div><!-- close .boosted-elements-progression-masonry-item progression-masonry-col -->\n\n\t\t\t\t\n\t\t\t\t\t<div class=\"boosted-elements-progression-masonry-item boosted-elements-progression-masonry-column\">\n\t\t\t\t\t\t<div class=\"boosted-elements-progression-image-masonry-padding\">\n\t\t\t\t\t\t\t<div class=\"boosted-elements-progression-isotope-animation\">\n\t\t\t\t\t\t\t\t\n\t\t\t\t\t\t\t\t<div class=\"boosted-elements-progression-image-grid-item\">\n\t\t\t\t\t\t\t\t\t\t\t\t\t\t\t\t\t\t\t\t\t\t\t\t\t\t\n\t\t\t\t\t\t\t\t\t\n\t\t\t\t\t\t\t\t\t\t\t\t\t\t\t\t\t\t<a href=\"https:\/\/ozi-home.lv\/wp-content\/uploads\/2024\/08\/blueberry-1024x701.jpg\" class=\"boosted-elements-lightbox-js\" data-elementor-lightbox-slideshow=\"gallery-boosted-1b3f7d0\" >\n\t\t\t\t\t\t\t\t\t\n\t\t\t\t\t\t\t\t\t<img decoding=\"async\" src=\"https:\/\/ozi-home.lv\/wp-content\/uploads\/2024\/08\/blueberry-1024x701.jpg\" alt=\"\u2640 BLUEBERRY DELIGHT (US)\" class=\"boosted-elements-progression-image\">\n\t\t\t\t\t\t\t\t\t\n\t\t\t\t\t\t\t\t\t\t\t\t\t\t\t\t\t\t<div class=\"progression-studios-image-grid-caption-overlay\"><div class=\"progression-studios-image-grid-caption-table\"><div class=\"progression-studios-image-grid-caption-table-cell\"><div class=\"progression-studios-grid-caption\">\u2640 BLUEBERRY DELIGHT (US)<\/div><\/div><\/div><\/div><!-- close .progression-studios-image-grid-caption-table -->\t\t\t\t\t\t\t\t\t\n\t\t\t\t\t\t\t\t\t<\/a>\t\t\t\t\t\t\t\t\t\n\t\t\t\t\t\t\t\t\t\n\t\t\t\t\t\t\t\t\t\t\n\t\t\t\t\t\t\t\t\t\t<div class=\"clearfix-boosted-element\"><\/div>\n\t\t\t\t\t\t\t\t<\/div><!-- close .boosted-elements-progression-image-grid-item -->\n\t\t\t\t\t\t\t\t\n\t\t\t\t\t\t\t<\/div><!-- close .boosted-elements-progression-isotope-animation -->\n\t\t\t\t\t\t<\/div><!-- close .boosted-elements-progression-image-masonry-padding -->\n\t\t\t\t\t<\/div><!-- close .boosted-elements-progression-masonry-item progression-masonry-col -->\n\n\t\t\t\t\n\t\t\t\t\t<div class=\"boosted-elements-progression-masonry-item boosted-elements-progression-masonry-column\">\n\t\t\t\t\t\t<div class=\"boosted-elements-progression-image-masonry-padding\">\n\t\t\t\t\t\t\t<div class=\"boosted-elements-progression-isotope-animation\">\n\t\t\t\t\t\t\t\t\n\t\t\t\t\t\t\t\t<div class=\"boosted-elements-progression-image-grid-item\">\n\t\t\t\t\t\t\t\t\t\t\t\t\t\t\t\t\t\t\t\t\t\t\t\t\t\t\n\t\t\t\t\t\t\t\t\t\n\t\t\t\t\t\t\t\t\t\t\t\t\t\t\t\t\t\t<a href=\"https:\/\/ozi-home.lv\/wp-content\/uploads\/2024\/10\/blueBirdy-1-1024x718.jpg\" class=\"boosted-elements-lightbox-js\" data-elementor-lightbox-slideshow=\"gallery-boosted-1b3f7d0\" >\n\t\t\t\t\t\t\t\t\t\n\t\t\t\t\t\t\t\t\t<img decoding=\"async\" src=\"https:\/\/ozi-home.lv\/wp-content\/uploads\/2024\/10\/blueBirdy-1-1024x718.jpg\" alt=\"\u2640 BLUE BIRDY aka Blue (LV)\" class=\"boosted-elements-progression-image\">\n\t\t\t\t\t\t\t\t\t\n\t\t\t\t\t\t\t\t\t\t\t\t\t\t\t\t\t\t<div class=\"progression-studios-image-grid-caption-overlay\"><div class=\"progression-studios-image-grid-caption-table\"><div class=\"progression-studios-image-grid-caption-table-cell\"><div class=\"progression-studios-grid-caption\">\u2640 BLUE BIRDY aka Blue (LV)<\/div><\/div><\/div><\/div><!-- close .progression-studios-image-grid-caption-table -->\t\t\t\t\t\t\t\t\t\n\t\t\t\t\t\t\t\t\t<\/a>\t\t\t\t\t\t\t\t\t\n\t\t\t\t\t\t\t\t\t\n\t\t\t\t\t\t\t\t\t\t\n\t\t\t\t\t\t\t\t\t\t<div class=\"clearfix-boosted-element\"><\/div>\n\t\t\t\t\t\t\t\t<\/div><!-- close .boosted-elements-progression-image-grid-item -->\n\t\t\t\t\t\t\t\t\n\t\t\t\t\t\t\t<\/div><!-- close .boosted-elements-progression-isotope-animation -->\n\t\t\t\t\t\t<\/div><!-- close .boosted-elements-progression-image-masonry-padding -->\n\t\t\t\t\t<\/div><!-- close .boosted-elements-progression-masonry-item progression-masonry-col -->\n\n\t\t\t\t<\/div><!-- close .boosted-elements-grid-masonry1b3f7d0  -->\n\t\t<\/div><!-- close .boosted-elements-masonry-margins-->\n\t\n\t<\/div><!-- close .boosted-elements-progression-image-grid-container -->\n\t\n\t<script type=\"text\/javascript\">\n\t\tjQuery(document).ready(function($) { 'use strict';\n\t\t\/* Default Isotope Load Code *\/\n\t\tvar $container = $('.boosted-elements-grid-masonry1b3f7d0').isotope();\n\t\t$container.imagesLoaded( function() {\n\t\t\t\n\t\t\t$(\".boosted-elements-progression-masonry-item\").addClass(\"boosted-elements-isotope-animation-start\");\n\t\t\t\n\t\t\t$container.isotope({\n\t\t\t\titemSelector: '.boosted-elements-progression-masonry-item',\t\t\t\t\n\t\t\t\tpercentPosition: true,\n\t\t\t\tlayoutMode: \"fitRows\"  \n\t \t\t});\n\t\t\t\n\t\t\t\n\t   \t$(\"boosted-elements-grid-masonry1b3f7d0 a[data-rel^='prettyPhoto']\").prettyPhoto({\n\t \t\t\ttheme: 'pp_default',\n\t   \t\t\thook: 'data-rel',\n\t \t\t\t\topacity: 0.7,\n\t   \t\t\tshow_title: false,\n\t   \t\t\tdeeplinking: false,\n\t   \t\t\toverlay_gallery: false,\n\t   \t\t\tcustom_markup: '',\n\t \t\t\t\tdefault_width: 900,\n\t \t\t\t\tdefault_height: 506,\n\t   \t\t\tsocial_tools: ''\n\t   \t});\n\t\t\t\n\t\t});\n\t\t\/* END Default Isotope Code *\/\n\t});\n\t<\/script>\n\t\n\t<div class=\"clearfix-boosted-element\"><\/div>\n\t\n\t\t\t\t\t<\/div>\n\t\t\t\t<\/div>\n\t\t\t\t\t<\/div>\n\t\t<\/div>\n\t\t\t\t\t<\/div>\n\t\t<\/section>\n\t\t\t\t<\/div>","protected":false},"excerpt":{"rendered":"<p>B-metiens \ud83c\udf38 Vasaras kuc\u0113ni DOB. 19\/05\/2024 Visiem kuc\u0113niem veikta dzirdes p\u0101rbaude ar rezult\u0101tiem BAER +\/+ , vakcin\u0113ti, att\u0101rpoti, ar mikro\u010dipiem, re\u0123istr\u0113ti LDC (un p\u0101rre\u0123istr\u0113ti uz jaunajiem saimniekiem). Visi kuc\u0113ni devu\u0161ies uz sav\u0101m jaunaj\u0101m m\u0101j\u0101m Latvij\u0101, Sp\u0101nij\u0101, ASV un Igaunij\u0101. Kopbild\u0113 kuc\u0113ni ir 8 ned\u0113\u013cas jauni Kuc\u0113nu vecums individu\u0101laj\u0101s bild\u0113s ir 8 ned\u0113\u013cas (roz\u0101) un 4 [&hellip;]<\/p>","protected":false},"author":3,"featured_media":0,"parent":0,"menu_order":0,"comment_status":"closed","ping_status":"closed","template":"","meta":{"_monsterinsights_skip_tracking":false,"_monsterinsights_sitenote_active":false,"_monsterinsights_sitenote_note":"","_monsterinsights_sitenote_category":0,"site-sidebar-layout":"no-sidebar","site-content-layout":"page-builder","ast-site-content-layout":"full-width-container","site-content-style":"unboxed","site-sidebar-style":"unboxed","ast-global-header-display":"","ast-banner-title-visibility":"","ast-main-header-display":"","ast-hfb-above-header-display":"","ast-hfb-below-header-display":"","ast-hfb-mobile-header-display":"","site-post-title":"disabled","ast-breadcrumbs-content":"","ast-featured-img":"disabled","footer-sml-layout":"","ast-disable-related-posts":"","theme-transparent-header-meta":"enabled","adv-header-id-meta":"","stick-header-meta":"","header-above-stick-meta":"","header-main-stick-meta":"","header-below-stick-meta":"","astra-migrate-meta-layouts":"set","ast-page-background-enabled":"default","ast-page-background-meta":{"desktop":{"background-color":"var(--ast-global-color-4)","background-image":"","background-repeat":"repeat","background-position":"center center","background-size":"auto","background-attachment":"scroll","background-type":"","background-media":"","overlay-type":"","overlay-color":"","overlay-opacity":"","overlay-gradient":""},"tablet":{"background-color":"","background-image":"","background-repeat":"repeat","background-position":"center center","background-size":"auto","background-attachment":"scroll","background-type":"","background-media":"","overlay-type":"","overlay-color":"","overlay-opacity":"","overlay-gradient":""},"mobile":{"background-color":"","background-image":"","background-repeat":"repeat","background-position":"center center","background-size":"auto","background-attachment":"scroll","background-type":"","background-media":"","overlay-type":"","overlay-color":"","overlay-opacity":"","overlay-gradient":""}},"ast-content-background-meta":{"desktop":{"background-color":"var(--ast-global-color-5)","background-image":"","background-repeat":"repeat","background-position":"center center","background-size":"auto","background-attachment":"scroll","background-type":"","background-media":"","overlay-type":"","overlay-color":"","overlay-opacity":"","overlay-gradient":""},"tablet":{"background-color":"var(--ast-global-color-5)","background-image":"","background-repeat":"repeat","background-position":"center center","background-size":"auto","background-attachment":"scroll","background-type":"","background-media":"","overlay-type":"","overlay-color":"","overlay-opacity":"","overlay-gradient":""},"mobile":{"background-color":"var(--ast-global-color-5)","background-image":"","background-repeat":"repeat","background-position":"center center","background-size":"auto","background-attachment":"scroll","background-type":"","background-media":"","overlay-type":"","overlay-color":"","overlay-opacity":"","overlay-gradient":""}},"footnotes":""},"class_list":["post-3904","page","type-page","status-publish","hentry"],"_links":{"self":[{"href":"https:\/\/ozi-home.lv\/en\/wp-json\/wp\/v2\/pages\/3904","targetHints":{"allow":["GET"]}}],"collection":[{"href":"https:\/\/ozi-home.lv\/en\/wp-json\/wp\/v2\/pages"}],"about":[{"href":"https:\/\/ozi-home.lv\/en\/wp-json\/wp\/v2\/types\/page"}],"author":[{"embeddable":true,"href":"https:\/\/ozi-home.lv\/en\/wp-json\/wp\/v2\/users\/3"}],"replies":[{"embeddable":true,"href":"https:\/\/ozi-home.lv\/en\/wp-json\/wp\/v2\/comments?post=3904"}],"version-history":[{"count":70,"href":"https:\/\/ozi-home.lv\/en\/wp-json\/wp\/v2\/pages\/3904\/revisions"}],"predecessor-version":[{"id":6232,"href":"https:\/\/ozi-home.lv\/en\/wp-json\/wp\/v2\/pages\/3904\/revisions\/6232"}],"wp:attachment":[{"href":"https:\/\/ozi-home.lv\/en\/wp-json\/wp\/v2\/media?parent=3904"}],"curies":[{"name":"wp","href":"https:\/\/api.w.org\/{rel}","templated":true}]}}