{"id":4143,"date":"2024-08-01T10:40:09","date_gmt":"2024-08-01T08:40:09","guid":{"rendered":"https:\/\/ozi-home.lv\/?page_id=4143"},"modified":"2025-11-04T11:12:54","modified_gmt":"2025-11-04T09:12:54","slug":"christina-loyal-brave-true-ozi-home","status":"publish","type":"page","link":"https:\/\/ozi-home.lv\/en\/christina-loyal-brave-true-ozi-home\/","title":{"rendered":"Christina Loyal Brave True OZI Home"},"content":{"rendered":"<div data-elementor-type=\"wp-page\" data-elementor-id=\"4143\" class=\"elementor elementor-4143\" data-elementor-post-type=\"page\">\n\t\t\t\t\t\t<section class=\"elementor-section elementor-top-section elementor-element elementor-element-83746e8 elementor-section-height-min-height elementor-section-boxed elementor-section-height-default elementor-section-items-middle\" data-id=\"83746e8\" data-element_type=\"section\" data-e-type=\"section\" data-settings=\"{&quot;background_background&quot;:&quot;classic&quot;}\">\n\t\t\t\t\t\t\t<div class=\"elementor-background-overlay\"><\/div>\n\t\t\t\t\t\t\t<div class=\"elementor-container elementor-column-gap-default\">\n\t\t\t\t\t<div class=\"elementor-column elementor-col-100 elementor-top-column elementor-element elementor-element-09faee3\" data-id=\"09faee3\" data-element_type=\"column\" data-e-type=\"column\">\n\t\t\t<div class=\"elementor-widget-wrap elementor-element-populated\">\n\t\t\t\t\t\t<div class=\"elementor-element elementor-element-c7152a9 elementor-widget elementor-widget-heading\" data-id=\"c7152a9\" data-element_type=\"widget\" data-e-type=\"widget\" data-widget_type=\"heading.default\">\n\t\t\t\t<div class=\"elementor-widget-container\">\n\t\t\t\t\t<h1 class=\"elementor-heading-title elementor-size-default\">Christina Loyal Brave True OZI Home<\/h1>\t\t\t\t<\/div>\n\t\t\t\t<\/div>\n\t\t\t\t<div class=\"elementor-element elementor-element-df686b3 elementor-widget elementor-widget-heading\" data-id=\"df686b3\" data-element_type=\"widget\" data-e-type=\"widget\" data-widget_type=\"heading.default\">\n\t\t\t\t<div class=\"elementor-widget-container\">\n\t\t\t\t\t<span class=\"elementor-heading-title elementor-size-default\">Australian Cattle Dog<\/span>\t\t\t\t<\/div>\n\t\t\t\t<\/div>\n\t\t\t\t\t<\/div>\n\t\t<\/div>\n\t\t\t\t\t<\/div>\n\t\t<\/section>\n\t\t<div class=\"elementor-element elementor-element-cf945a6 e-flex e-con-boxed e-con e-parent\" data-id=\"cf945a6\" data-element_type=\"container\" data-e-type=\"container\">\n\t\t\t\t\t<div class=\"e-con-inner\">\n\t\t<div class=\"elementor-element elementor-element-dbfecfc e-con-full e-flex e-con e-child\" data-id=\"dbfecfc\" data-element_type=\"container\" data-e-type=\"container\">\n\t\t\t\t<div class=\"elementor-element elementor-element-7ce5ed2 elementor-widget elementor-widget-image\" data-id=\"7ce5ed2\" data-element_type=\"widget\" data-e-type=\"widget\" data-widget_type=\"image.default\">\n\t\t\t\t<div class=\"elementor-widget-container\">\n\t\t\t\t\t\t\t\t\t\t\t\t\t\t\t<img fetchpriority=\"high\" decoding=\"async\" width=\"2560\" height=\"1750\" src=\"https:\/\/ozi-home.lv\/wp-content\/uploads\/2024\/08\/STAR4004-copy-scaled.jpg\" class=\"attachment-full size-full wp-image-4145\" alt=\"\" srcset=\"https:\/\/ozi-home.lv\/wp-content\/uploads\/2024\/08\/STAR4004-copy-scaled.jpg 2560w, https:\/\/ozi-home.lv\/wp-content\/uploads\/2024\/08\/STAR4004-copy-300x205.jpg 300w, https:\/\/ozi-home.lv\/wp-content\/uploads\/2024\/08\/STAR4004-copy-1024x700.jpg 1024w, https:\/\/ozi-home.lv\/wp-content\/uploads\/2024\/08\/STAR4004-copy-768x525.jpg 768w, https:\/\/ozi-home.lv\/wp-content\/uploads\/2024\/08\/STAR4004-copy-1536x1050.jpg 1536w, https:\/\/ozi-home.lv\/wp-content\/uploads\/2024\/08\/STAR4004-copy-2048x1400.jpg 2048w, https:\/\/ozi-home.lv\/wp-content\/uploads\/2024\/08\/STAR4004-copy-18x12.jpg 18w\" sizes=\"(max-width: 2560px) 100vw, 2560px\" \/>\t\t\t\t\t\t\t\t\t\t\t\t\t\t\t<\/div>\n\t\t\t\t<\/div>\n\t\t\t\t<\/div>\n\t\t<div class=\"elementor-element elementor-element-a0f2476 e-con-full e-flex e-con e-child\" data-id=\"a0f2476\" data-element_type=\"container\" data-e-type=\"container\">\n\t\t\t\t<div class=\"elementor-element elementor-element-83db20f elementor-widget elementor-widget-heading\" data-id=\"83db20f\" data-element_type=\"widget\" data-e-type=\"widget\" data-widget_type=\"heading.default\">\n\t\t\t\t<div class=\"elementor-widget-container\">\n\t\t\t\t\t<h2 class=\"elementor-heading-title elementor-size-default\">General information<\/h2>\t\t\t\t<\/div>\n\t\t\t\t<\/div>\n\t\t\t\t<div class=\"elementor-element elementor-element-90292bd elementor-widget elementor-widget-heading\" data-id=\"90292bd\" data-element_type=\"widget\" data-e-type=\"widget\" data-widget_type=\"heading.default\">\n\t\t\t\t<div class=\"elementor-widget-container\">\n\t\t\t\t\t<h2 class=\"elementor-heading-title elementor-size-default\">DOB: 24. february 2024<br>\nID 900141000395627 \/ LV-AG-69\/24<br>\nParents: Bradley Simpatija \u00d7 La Luna Polaris Queen Nia\n<\/h2>\t\t\t\t<\/div>\n\t\t\t\t<\/div>\n\t\t\t\t<div class=\"elementor-element elementor-element-7fcdbe9 elementor-widget elementor-widget-button\" data-id=\"7fcdbe9\" data-element_type=\"widget\" data-e-type=\"widget\" data-widget_type=\"button.default\">\n\t\t\t\t<div class=\"elementor-widget-container\">\n\t\t\t\t\t\t\t\t\t<div class=\"elementor-button-wrapper\">\n\t\t\t\t\t<a class=\"elementor-button elementor-button-link elementor-size-sm\" href=\"https:\/\/www.dogsfiles.com\/index.php?ind=dogsbase&#038;breed=4&#038;op=view&#038;did=297745&#038;nlang=en\" target=\"_blank\">\n\t\t\t\t\t\t<span class=\"elementor-button-content-wrapper\">\n\t\t\t\t\t\t<span class=\"elementor-button-icon\">\n\t\t\t\t<svg aria-hidden=\"true\" class=\"e-font-icon-svg e-fas-sitemap\" viewbox=\"0 0 640 512\" xmlns=\"http:\/\/www.w3.org\/2000\/svg\"><path d=\"M128 352H32c-17.67 0-32 14.33-32 32v96c0 17.67 14.33 32 32 32h96c17.67 0 32-14.33 32-32v-96c0-17.67-14.33-32-32-32zm-24-80h192v48h48v-48h192v48h48v-57.59c0-21.17-17.23-38.41-38.41-38.41H344v-64h40c17.67 0 32-14.33 32-32V32c0-17.67-14.33-32-32-32H256c-17.67 0-32 14.33-32 32v96c0 17.67 14.33 32 32 32h40v64H94.41C73.23 224 56 241.23 56 262.41V320h48v-48zm264 80h-96c-17.67 0-32 14.33-32 32v96c0 17.67 14.33 32 32 32h96c17.67 0 32-14.33 32-32v-96c0-17.67-14.33-32-32-32zm240 0h-96c-17.67 0-32 14.33-32 32v96c0 17.67 14.33 32 32 32h96c17.67 0 32-14.33 32-32v-96c0-17.67-14.33-32-32-32z\"><\/path><\/svg>\t\t\t<\/span>\n\t\t\t\t\t\t\t\t\t<span class=\"elementor-button-text\">Pedigree<\/span>\n\t\t\t\t\t<\/span>\n\t\t\t\t\t<\/a>\n\t\t\t\t<\/div>\n\t\t\t\t\t\t\t\t<\/div>\n\t\t\t\t<\/div>\n\t\t\t\t<\/div>\n\t\t\t\t\t<\/div>\n\t\t\t\t<\/div>\n\t\t<div class=\"elementor-element elementor-element-969e886 e-flex e-con-boxed e-con e-parent\" data-id=\"969e886\" data-element_type=\"container\" data-e-type=\"container\">\n\t\t\t\t\t<div class=\"e-con-inner\">\n\t\t\t\t<div class=\"elementor-element elementor-element-f2da052 elementor-widget elementor-widget-heading\" data-id=\"f2da052\" data-element_type=\"widget\" data-e-type=\"widget\" data-widget_type=\"heading.default\">\n\t\t\t\t<div class=\"elementor-widget-container\">\n\t\t\t\t\t<h2 class=\"elementor-heading-title elementor-size-default\">Health checks<\/h2>\t\t\t\t<\/div>\n\t\t\t\t<\/div>\n\t\t\t\t\t<\/div>\n\t\t\t\t<\/div>\n\t\t<div class=\"elementor-element elementor-element-eac394b e-flex e-con-boxed e-con e-parent\" data-id=\"eac394b\" data-element_type=\"container\" data-e-type=\"container\">\n\t\t\t\t\t<div class=\"e-con-inner\">\n\t\t<div class=\"elementor-element elementor-element-1d09c87 e-con-full e-flex e-con e-child\" data-id=\"1d09c87\" data-element_type=\"container\" data-e-type=\"container\">\n\t\t\t\t<div class=\"elementor-element elementor-element-5ed2c0a elementor-widget elementor-widget-text-editor\" data-id=\"5ed2c0a\" data-element_type=\"widget\" data-e-type=\"widget\" data-widget_type=\"text-editor.default\">\n\t\t\t\t<div class=\"elementor-widget-container\">\n\t\t\t\t\t\t\t\t\t<ul><li>BAER +\/+<\/li><li>PRA-prcd &#8211; NN<\/li><li>rcd4-PRA &#8211; NN<\/li><li>CYST2A &#8211; NN<\/li><li>NCL5 &#8211; NN<\/li><li>DM &#8211; NN<\/li><li>PLL &#8211; NN<\/li><li>Scissor bite<\/li><\/ul>\t\t\t\t\t\t\t\t<\/div>\n\t\t\t\t<\/div>\n\t\t\t\t<\/div>\n\t\t\t\t\t<\/div>\n\t\t\t\t<\/div>\n\t\t<div class=\"elementor-element elementor-element-bbe3ca9 elementor-hidden-desktop elementor-hidden-tablet elementor-hidden-mobile e-flex e-con-boxed e-con e-parent\" data-id=\"bbe3ca9\" data-element_type=\"container\" data-e-type=\"container\">\n\t\t\t\t\t<div class=\"e-con-inner\">\n\t\t\t\t<div class=\"elementor-element elementor-element-facbdd0 elementor-widget elementor-widget-heading\" data-id=\"facbdd0\" data-element_type=\"widget\" data-e-type=\"widget\" data-widget_type=\"heading.default\">\n\t\t\t\t<div class=\"elementor-widget-container\">\n\t\t\t\t\t<h2 class=\"elementor-heading-title elementor-size-default\">Achievements<\/h2>\t\t\t\t<\/div>\n\t\t\t\t<\/div>\n\t\t\t\t\t<\/div>\n\t\t\t\t<\/div>\n\t\t<div class=\"elementor-element elementor-element-8963e5e elementor-hidden-desktop elementor-hidden-tablet elementor-hidden-mobile e-flex e-con-boxed e-con e-parent\" data-id=\"8963e5e\" data-element_type=\"container\" data-e-type=\"container\">\n\t\t\t\t\t<div class=\"e-con-inner\">\n\t\t<div class=\"elementor-element elementor-element-8094ecc e-con-full e-flex e-con e-child\" data-id=\"8094ecc\" data-element_type=\"container\" data-e-type=\"container\">\n\t\t\t\t<div class=\"elementor-element elementor-element-1c20a82 elementor-widget elementor-widget-text-editor\" data-id=\"1c20a82\" data-element_type=\"widget\" data-e-type=\"widget\" data-widget_type=\"text-editor.default\">\n\t\t\t\t<div class=\"elementor-widget-container\">\n\t\t\t\t\t\t\t\t\t<ul><li>1st BIS Baby<\/li><li>3rd BIS Baby<\/li><li>4th BIS Baby<\/li><li>6 x CACIB<\/li><\/ul>\t\t\t\t\t\t\t\t<\/div>\n\t\t\t\t<\/div>\n\t\t\t\t<\/div>\n\t\t\t\t\t<\/div>\n\t\t\t\t<\/div>\n\t\t<div class=\"elementor-element elementor-element-fa0c1fb elementor-hidden-desktop elementor-hidden-tablet elementor-hidden-mobile e-flex e-con-boxed e-con e-parent\" data-id=\"fa0c1fb\" data-element_type=\"container\" data-e-type=\"container\">\n\t\t\t\t\t<div class=\"e-con-inner\">\n\t\t\t\t<div class=\"elementor-element elementor-element-c8f4c63 elementor-widget elementor-widget-text-editor\" data-id=\"c8f4c63\" data-element_type=\"widget\" data-e-type=\"widget\" data-widget_type=\"text-editor.default\">\n\t\t\t\t<div class=\"elementor-widget-container\">\n\t\t\t\t\t\t\t\t\t<p><u>Junior Champion of:<\/u>\u00a0Latvia, Lithuania, Estonia, the Baltic States, Croatia, Montenegro, Balkans, Adriatic, Mediterranean, Bosnia and Hercogovina, Ukraine<\/p><p><u>Champion of:<\/u>\u00a0Latvia, Lithuania, Estonia, the Baltic States, Ukraine, Poland<\/p>\t\t\t\t\t\t\t\t<\/div>\n\t\t\t\t<\/div>\n\t\t\t\t\t<\/div>\n\t\t\t\t<\/div>\n\t\t<div class=\"elementor-element elementor-element-cfc2914 elementor-hidden-desktop elementor-hidden-tablet elementor-hidden-mobile e-flex e-con-boxed e-con e-parent\" data-id=\"cfc2914\" data-element_type=\"container\" data-e-type=\"container\">\n\t\t\t\t\t<div class=\"e-con-inner\">\n\t\t\t\t<div class=\"elementor-element elementor-element-62aca4b elementor-widget elementor-widget-text-editor\" data-id=\"62aca4b\" data-element_type=\"widget\" data-e-type=\"widget\" data-widget_type=\"text-editor.default\">\n\t\t\t\t<div class=\"elementor-widget-container\">\n\t\t\t\t\t\t\t\t\t<p>Winner:<\/p>\t\t\t\t\t\t\t\t<\/div>\n\t\t\t\t<\/div>\n\t\t\t\t\t<\/div>\n\t\t\t\t<\/div>\n\t\t<div class=\"elementor-element elementor-element-f01f12d elementor-hidden-desktop elementor-hidden-tablet elementor-hidden-mobile e-flex e-con-boxed e-con e-parent\" data-id=\"f01f12d\" data-element_type=\"container\" data-e-type=\"container\">\n\t\t\t\t\t<div class=\"e-con-inner\">\n\t\t<div class=\"elementor-element elementor-element-7c6a1fb e-con-full e-flex e-con e-child\" data-id=\"7c6a1fb\" data-element_type=\"container\" data-e-type=\"container\">\n\t\t\t\t<div class=\"elementor-element elementor-element-a8d89e4 elementor-widget elementor-widget-text-editor\" data-id=\"a8d89e4\" data-element_type=\"widget\" data-e-type=\"widget\" data-widget_type=\"text-editor.default\">\n\t\t\t\t<div class=\"elementor-widget-container\">\n\t\t\t\t\t\t\t\t\t<ul><li>Ogre Junior winner 2021<\/li><li>\u0160iroki Brijeg Junior winner 2021<\/li><\/ul>\t\t\t\t\t\t\t\t<\/div>\n\t\t\t\t<\/div>\n\t\t\t\t<\/div>\n\t\t\t\t\t<\/div>\n\t\t\t\t<\/div>\n\t\t<div class=\"elementor-element elementor-element-9da4706 elementor-hidden-desktop elementor-hidden-tablet elementor-hidden-mobile e-flex e-con-boxed e-con e-parent\" data-id=\"9da4706\" data-element_type=\"container\" data-e-type=\"container\">\n\t\t\t\t\t<div class=\"e-con-inner\">\n\t\t\t\t<div class=\"elementor-element elementor-element-3fa7aa1 gallery-spacing-custom elementor-widget elementor-widget-image-gallery\" data-id=\"3fa7aa1\" data-element_type=\"widget\" data-e-type=\"widget\" data-widget_type=\"image-gallery.default\">\n\t\t\t\t<div class=\"elementor-widget-container\">\n\t\t\t\t\t\t\t<div class=\"elementor-image-gallery\">\n\t\t\t<div id='gallery-1' class='gallery galleryid-4143 gallery-columns-4 gallery-size-full'><figure class='gallery-item'>\n\t\t\t<div class='gallery-icon landscape'>\n\t\t\t\t<a data-elementor-open-lightbox=\"yes\" data-elementor-lightbox-slideshow=\"3fa7aa1\" data-elementor-lightbox-title=\"nia\" data-e-action-hash=\"#elementor-action%3Aaction%3Dlightbox%26settings%3DeyJpZCI6MjMzOCwidXJsIjoiaHR0cHM6XC9cL296aS1ob21lLmx2XC93cC1jb250ZW50XC91cGxvYWRzXC8yMDI0XC8wMlwvbmlhLmpwZWciLCJzbGlkZXNob3ciOiIzZmE3YWExIn0%3D\" href='https:\/\/ozi-home.lv\/wp-content\/uploads\/2024\/02\/nia.jpeg'><img decoding=\"async\" width=\"2048\" height=\"1365\" src=\"https:\/\/ozi-home.lv\/wp-content\/uploads\/2024\/02\/nia.jpeg\" class=\"attachment-full size-full\" alt=\"\" srcset=\"https:\/\/ozi-home.lv\/wp-content\/uploads\/2024\/02\/nia.jpeg 2048w, https:\/\/ozi-home.lv\/wp-content\/uploads\/2024\/02\/nia-300x200.jpeg 300w, https:\/\/ozi-home.lv\/wp-content\/uploads\/2024\/02\/nia-1024x683.jpeg 1024w, https:\/\/ozi-home.lv\/wp-content\/uploads\/2024\/02\/nia-768x512.jpeg 768w, https:\/\/ozi-home.lv\/wp-content\/uploads\/2024\/02\/nia-1536x1024.jpeg 1536w, https:\/\/ozi-home.lv\/wp-content\/uploads\/2024\/02\/nia-18x12.jpeg 18w\" sizes=\"(max-width: 2048px) 100vw, 2048px\" \/><\/a>\n\t\t\t<\/div><\/figure><figure class='gallery-item'>\n\t\t\t<div class='gallery-icon landscape'>\n\t\t\t\t<a data-elementor-open-lightbox=\"yes\" data-elementor-lightbox-slideshow=\"3fa7aa1\" data-elementor-lightbox-title=\"nia_\" data-e-action-hash=\"#elementor-action%3Aaction%3Dlightbox%26settings%3DeyJpZCI6MjMzOSwidXJsIjoiaHR0cHM6XC9cL296aS1ob21lLmx2XC93cC1jb250ZW50XC91cGxvYWRzXC8yMDI0XC8wMlwvbmlhXy5qcGVnIiwic2xpZGVzaG93IjoiM2ZhN2FhMSJ9\" href='https:\/\/ozi-home.lv\/wp-content\/uploads\/2024\/02\/nia_.jpeg'><img decoding=\"async\" width=\"2000\" height=\"1334\" src=\"https:\/\/ozi-home.lv\/wp-content\/uploads\/2024\/02\/nia_.jpeg\" class=\"attachment-full size-full\" alt=\"\" srcset=\"https:\/\/ozi-home.lv\/wp-content\/uploads\/2024\/02\/nia_.jpeg 2000w, https:\/\/ozi-home.lv\/wp-content\/uploads\/2024\/02\/nia_-300x200.jpeg 300w, https:\/\/ozi-home.lv\/wp-content\/uploads\/2024\/02\/nia_-1024x683.jpeg 1024w, https:\/\/ozi-home.lv\/wp-content\/uploads\/2024\/02\/nia_-768x512.jpeg 768w, https:\/\/ozi-home.lv\/wp-content\/uploads\/2024\/02\/nia_-1536x1025.jpeg 1536w, https:\/\/ozi-home.lv\/wp-content\/uploads\/2024\/02\/nia_-18x12.jpeg 18w\" sizes=\"(max-width: 2000px) 100vw, 2000px\" \/><\/a>\n\t\t\t<\/div><\/figure><figure class='gallery-item'>\n\t\t\t<div class='gallery-icon landscape'>\n\t\t\t\t<a data-elementor-open-lightbox=\"yes\" data-elementor-lightbox-slideshow=\"3fa7aa1\" data-elementor-lightbox-title=\"nia_1\" data-e-action-hash=\"#elementor-action%3Aaction%3Dlightbox%26settings%3DeyJpZCI6MjM0MCwidXJsIjoiaHR0cHM6XC9cL296aS1ob21lLmx2XC93cC1jb250ZW50XC91cGxvYWRzXC8yMDI0XC8wMlwvbmlhXzEuanBlZyIsInNsaWRlc2hvdyI6IjNmYTdhYTEifQ%3D%3D\" href='https:\/\/ozi-home.lv\/wp-content\/uploads\/2024\/02\/nia_1.jpeg'><img loading=\"lazy\" decoding=\"async\" width=\"2000\" height=\"1335\" src=\"https:\/\/ozi-home.lv\/wp-content\/uploads\/2024\/02\/nia_1.jpeg\" class=\"attachment-full size-full\" alt=\"\" srcset=\"https:\/\/ozi-home.lv\/wp-content\/uploads\/2024\/02\/nia_1.jpeg 2000w, https:\/\/ozi-home.lv\/wp-content\/uploads\/2024\/02\/nia_1-300x200.jpeg 300w, https:\/\/ozi-home.lv\/wp-content\/uploads\/2024\/02\/nia_1-1024x684.jpeg 1024w, https:\/\/ozi-home.lv\/wp-content\/uploads\/2024\/02\/nia_1-768x513.jpeg 768w, https:\/\/ozi-home.lv\/wp-content\/uploads\/2024\/02\/nia_1-1536x1025.jpeg 1536w, https:\/\/ozi-home.lv\/wp-content\/uploads\/2024\/02\/nia_1-18x12.jpeg 18w\" sizes=\"(max-width: 2000px) 100vw, 2000px\" \/><\/a>\n\t\t\t<\/div><\/figure><figure class='gallery-item'>\n\t\t\t<div class='gallery-icon landscape'>\n\t\t\t\t<a data-elementor-open-lightbox=\"yes\" data-elementor-lightbox-slideshow=\"3fa7aa1\" data-elementor-lightbox-title=\"nia_2\" data-e-action-hash=\"#elementor-action%3Aaction%3Dlightbox%26settings%3DeyJpZCI6MjM0MSwidXJsIjoiaHR0cHM6XC9cL296aS1ob21lLmx2XC93cC1jb250ZW50XC91cGxvYWRzXC8yMDI0XC8wMlwvbmlhXzIuanBlZyIsInNsaWRlc2hvdyI6IjNmYTdhYTEifQ%3D%3D\" href='https:\/\/ozi-home.lv\/wp-content\/uploads\/2024\/02\/nia_2.jpeg'><img loading=\"lazy\" decoding=\"async\" width=\"2048\" height=\"1365\" src=\"https:\/\/ozi-home.lv\/wp-content\/uploads\/2024\/02\/nia_2.jpeg\" class=\"attachment-full size-full\" alt=\"\" srcset=\"https:\/\/ozi-home.lv\/wp-content\/uploads\/2024\/02\/nia_2.jpeg 2048w, https:\/\/ozi-home.lv\/wp-content\/uploads\/2024\/02\/nia_2-300x200.jpeg 300w, https:\/\/ozi-home.lv\/wp-content\/uploads\/2024\/02\/nia_2-1024x683.jpeg 1024w, https:\/\/ozi-home.lv\/wp-content\/uploads\/2024\/02\/nia_2-768x512.jpeg 768w, https:\/\/ozi-home.lv\/wp-content\/uploads\/2024\/02\/nia_2-1536x1024.jpeg 1536w, https:\/\/ozi-home.lv\/wp-content\/uploads\/2024\/02\/nia_2-18x12.jpeg 18w\" sizes=\"(max-width: 2048px) 100vw, 2048px\" \/><\/a>\n\t\t\t<\/div><\/figure><figure class='gallery-item'>\n\t\t\t<div class='gallery-icon landscape'>\n\t\t\t\t<a data-elementor-open-lightbox=\"yes\" data-elementor-lightbox-slideshow=\"3fa7aa1\" data-elementor-lightbox-title=\"nia_3\" data-e-action-hash=\"#elementor-action%3Aaction%3Dlightbox%26settings%3DeyJpZCI6MjM0MiwidXJsIjoiaHR0cHM6XC9cL296aS1ob21lLmx2XC93cC1jb250ZW50XC91cGxvYWRzXC8yMDI0XC8wMlwvbmlhXzMuanBlZyIsInNsaWRlc2hvdyI6IjNmYTdhYTEifQ%3D%3D\" href='https:\/\/ozi-home.lv\/wp-content\/uploads\/2024\/02\/nia_3.jpeg'><img loading=\"lazy\" decoding=\"async\" width=\"2048\" height=\"1366\" src=\"https:\/\/ozi-home.lv\/wp-content\/uploads\/2024\/02\/nia_3.jpeg\" class=\"attachment-full size-full\" alt=\"\" srcset=\"https:\/\/ozi-home.lv\/wp-content\/uploads\/2024\/02\/nia_3.jpeg 2048w, https:\/\/ozi-home.lv\/wp-content\/uploads\/2024\/02\/nia_3-300x200.jpeg 300w, https:\/\/ozi-home.lv\/wp-content\/uploads\/2024\/02\/nia_3-1024x683.jpeg 1024w, https:\/\/ozi-home.lv\/wp-content\/uploads\/2024\/02\/nia_3-768x512.jpeg 768w, https:\/\/ozi-home.lv\/wp-content\/uploads\/2024\/02\/nia_3-1536x1025.jpeg 1536w, https:\/\/ozi-home.lv\/wp-content\/uploads\/2024\/02\/nia_3-18x12.jpeg 18w\" sizes=\"(max-width: 2048px) 100vw, 2048px\" \/><\/a>\n\t\t\t<\/div><\/figure><figure class='gallery-item'>\n\t\t\t<div class='gallery-icon landscape'>\n\t\t\t\t<a data-elementor-open-lightbox=\"yes\" data-elementor-lightbox-slideshow=\"3fa7aa1\" data-elementor-lightbox-title=\"nia_4\" data-e-action-hash=\"#elementor-action%3Aaction%3Dlightbox%26settings%3DeyJpZCI6MjM0MywidXJsIjoiaHR0cHM6XC9cL296aS1ob21lLmx2XC93cC1jb250ZW50XC91cGxvYWRzXC8yMDI0XC8wMlwvbmlhXzQuanBlZyIsInNsaWRlc2hvdyI6IjNmYTdhYTEifQ%3D%3D\" href='https:\/\/ozi-home.lv\/wp-content\/uploads\/2024\/02\/nia_4.jpeg'><img loading=\"lazy\" decoding=\"async\" width=\"2048\" height=\"1365\" src=\"https:\/\/ozi-home.lv\/wp-content\/uploads\/2024\/02\/nia_4.jpeg\" class=\"attachment-full size-full\" alt=\"\" srcset=\"https:\/\/ozi-home.lv\/wp-content\/uploads\/2024\/02\/nia_4.jpeg 2048w, https:\/\/ozi-home.lv\/wp-content\/uploads\/2024\/02\/nia_4-300x200.jpeg 300w, https:\/\/ozi-home.lv\/wp-content\/uploads\/2024\/02\/nia_4-1024x683.jpeg 1024w, https:\/\/ozi-home.lv\/wp-content\/uploads\/2024\/02\/nia_4-768x512.jpeg 768w, https:\/\/ozi-home.lv\/wp-content\/uploads\/2024\/02\/nia_4-1536x1024.jpeg 1536w, https:\/\/ozi-home.lv\/wp-content\/uploads\/2024\/02\/nia_4-18x12.jpeg 18w\" sizes=\"(max-width: 2048px) 100vw, 2048px\" \/><\/a>\n\t\t\t<\/div><\/figure><figure class='gallery-item'>\n\t\t\t<div class='gallery-icon landscape'>\n\t\t\t\t<a data-elementor-open-lightbox=\"yes\" data-elementor-lightbox-slideshow=\"3fa7aa1\" data-elementor-lightbox-title=\"nia_2888\" data-e-action-hash=\"#elementor-action%3Aaction%3Dlightbox%26settings%3DeyJpZCI6MjM0OCwidXJsIjoiaHR0cHM6XC9cL296aS1ob21lLmx2XC93cC1jb250ZW50XC91cGxvYWRzXC8yMDI0XC8wMlwvbmlhXzI4ODgucG5nIiwic2xpZGVzaG93IjoiM2ZhN2FhMSJ9\" href='https:\/\/ozi-home.lv\/wp-content\/uploads\/2024\/02\/nia_2888.png'><img loading=\"lazy\" decoding=\"async\" width=\"2048\" height=\"1365\" src=\"https:\/\/ozi-home.lv\/wp-content\/uploads\/2024\/02\/nia_2888.png\" class=\"attachment-full size-full\" alt=\"\" srcset=\"https:\/\/ozi-home.lv\/wp-content\/uploads\/2024\/02\/nia_2888.png 2048w, https:\/\/ozi-home.lv\/wp-content\/uploads\/2024\/02\/nia_2888-300x200.png 300w, https:\/\/ozi-home.lv\/wp-content\/uploads\/2024\/02\/nia_2888-1024x683.png 1024w, https:\/\/ozi-home.lv\/wp-content\/uploads\/2024\/02\/nia_2888-768x512.png 768w, https:\/\/ozi-home.lv\/wp-content\/uploads\/2024\/02\/nia_2888-1536x1024.png 1536w, https:\/\/ozi-home.lv\/wp-content\/uploads\/2024\/02\/nia_2888-18x12.png 18w\" sizes=\"(max-width: 2048px) 100vw, 2048px\" \/><\/a>\n\t\t\t<\/div><\/figure><figure class='gallery-item'>\n\t\t\t<div class='gallery-icon landscape'>\n\t\t\t\t<a data-elementor-open-lightbox=\"yes\" data-elementor-lightbox-slideshow=\"3fa7aa1\" data-elementor-lightbox-title=\"nia_2223\" data-e-action-hash=\"#elementor-action%3Aaction%3Dlightbox%26settings%3DeyJpZCI6MjM0NywidXJsIjoiaHR0cHM6XC9cL296aS1ob21lLmx2XC93cC1jb250ZW50XC91cGxvYWRzXC8yMDI0XC8wMlwvbmlhXzIyMjMucG5nIiwic2xpZGVzaG93IjoiM2ZhN2FhMSJ9\" href='https:\/\/ozi-home.lv\/wp-content\/uploads\/2024\/02\/nia_2223.png'><img loading=\"lazy\" decoding=\"async\" width=\"2048\" height=\"1365\" src=\"https:\/\/ozi-home.lv\/wp-content\/uploads\/2024\/02\/nia_2223.png\" class=\"attachment-full size-full\" alt=\"\" srcset=\"https:\/\/ozi-home.lv\/wp-content\/uploads\/2024\/02\/nia_2223.png 2048w, https:\/\/ozi-home.lv\/wp-content\/uploads\/2024\/02\/nia_2223-300x200.png 300w, https:\/\/ozi-home.lv\/wp-content\/uploads\/2024\/02\/nia_2223-1024x683.png 1024w, https:\/\/ozi-home.lv\/wp-content\/uploads\/2024\/02\/nia_2223-768x512.png 768w, https:\/\/ozi-home.lv\/wp-content\/uploads\/2024\/02\/nia_2223-1536x1024.png 1536w, https:\/\/ozi-home.lv\/wp-content\/uploads\/2024\/02\/nia_2223-18x12.png 18w\" sizes=\"(max-width: 2048px) 100vw, 2048px\" \/><\/a>\n\t\t\t<\/div><\/figure>\n\t\t<\/div>\n\t\t<\/div>\n\t\t\t\t\t\t<\/div>\n\t\t\t\t<\/div>\n\t\t\t\t\t<\/div>\n\t\t\t\t<\/div>\n\t\t\t\t<\/div>","protected":false},"excerpt":{"rendered":"<p>Christina Loyal Brave True OZI Home Austr\u0101lijas ganu suns Visp\u0101r\u012bga inform\u0101cija Dzimusi: 2024. gada 24. febru\u0101r\u012b ID 900141000395627 \/ LV-AG-69\/24 Vec\u0101ki: Bradley Simpatija \u00d7 La Luna Polaris Queen Nia Pedigree Vesel\u012bbas p\u0101rbaudes BAER +\/+ PRA-prcd &#8211; NN rcd4-PRA &#8211; NN CYST2A &#8211; NN NCL5 &#8211; NN DM &#8211; NN PLL &#8211; NN \u0160\u0137\u0113rveida sakodiens Sasniegumi [&hellip;]<\/p>","protected":false},"author":3,"featured_media":0,"parent":0,"menu_order":0,"comment_status":"closed","ping_status":"closed","template":"","meta":{"_monsterinsights_skip_tracking":false,"_monsterinsights_sitenote_active":false,"_monsterinsights_sitenote_note":"","_monsterinsights_sitenote_category":0,"site-sidebar-layout":"no-sidebar","site-content-layout":"page-builder","ast-site-content-layout":"full-width-container","site-content-style":"unboxed","site-sidebar-style":"unboxed","ast-global-header-display":"","ast-banner-title-visibility":"","ast-main-header-display":"","ast-hfb-above-header-display":"","ast-hfb-below-header-display":"","ast-hfb-mobile-header-display":"","site-post-title":"disabled","ast-breadcrumbs-content":"","ast-featured-img":"disabled","footer-sml-layout":"","ast-disable-related-posts":"","theme-transparent-header-meta":"enabled","adv-header-id-meta":"","stick-header-meta":"","header-above-stick-meta":"","header-main-stick-meta":"","header-below-stick-meta":"","astra-migrate-meta-layouts":"set","ast-page-background-enabled":"default","ast-page-background-meta":{"desktop":{"background-color":"var(--ast-global-color-4)","background-image":"","background-repeat":"repeat","background-position":"center center","background-size":"auto","background-attachment":"scroll","background-type":"","background-media":"","overlay-type":"","overlay-color":"","overlay-opacity":"","overlay-gradient":""},"tablet":{"background-color":"","background-image":"","background-repeat":"repeat","background-position":"center center","background-size":"auto","background-attachment":"scroll","background-type":"","background-media":"","overlay-type":"","overlay-color":"","overlay-opacity":"","overlay-gradient":""},"mobile":{"background-color":"","background-image":"","background-repeat":"repeat","background-position":"center center","background-size":"auto","background-attachment":"scroll","background-type":"","background-media":"","overlay-type":"","overlay-color":"","overlay-opacity":"","overlay-gradient":""}},"ast-content-background-meta":{"desktop":{"background-color":"var(--ast-global-color-5)","background-image":"","background-repeat":"repeat","background-position":"center center","background-size":"auto","background-attachment":"scroll","background-type":"","background-media":"","overlay-type":"","overlay-color":"","overlay-opacity":"","overlay-gradient":""},"tablet":{"background-color":"var(--ast-global-color-5)","background-image":"","background-repeat":"repeat","background-position":"center center","background-size":"auto","background-attachment":"scroll","background-type":"","background-media":"","overlay-type":"","overlay-color":"","overlay-opacity":"","overlay-gradient":""},"mobile":{"background-color":"var(--ast-global-color-5)","background-image":"","background-repeat":"repeat","background-position":"center center","background-size":"auto","background-attachment":"scroll","background-type":"","background-media":"","overlay-type":"","overlay-color":"","overlay-opacity":"","overlay-gradient":""}},"footnotes":""},"class_list":["post-4143","page","type-page","status-publish","hentry"],"_links":{"self":[{"href":"https:\/\/ozi-home.lv\/en\/wp-json\/wp\/v2\/pages\/4143","targetHints":{"allow":["GET"]}}],"collection":[{"href":"https:\/\/ozi-home.lv\/en\/wp-json\/wp\/v2\/pages"}],"about":[{"href":"https:\/\/ozi-home.lv\/en\/wp-json\/wp\/v2\/types\/page"}],"author":[{"embeddable":true,"href":"https:\/\/ozi-home.lv\/en\/wp-json\/wp\/v2\/users\/3"}],"replies":[{"embeddable":true,"href":"https:\/\/ozi-home.lv\/en\/wp-json\/wp\/v2\/comments?post=4143"}],"version-history":[{"count":28,"href":"https:\/\/ozi-home.lv\/en\/wp-json\/wp\/v2\/pages\/4143\/revisions"}],"predecessor-version":[{"id":6241,"href":"https:\/\/ozi-home.lv\/en\/wp-json\/wp\/v2\/pages\/4143\/revisions\/6241"}],"wp:attachment":[{"href":"https:\/\/ozi-home.lv\/en\/wp-json\/wp\/v2\/media?parent=4143"}],"curies":[{"name":"wp","href":"https:\/\/api.w.org\/{rel}","templated":true}]}}