{"id":4400,"date":"2024-12-22T15:11:51","date_gmt":"2024-12-22T13:11:51","guid":{"rendered":"https:\/\/ozi-home.lv\/?page_id=4400"},"modified":"2026-02-28T09:48:12","modified_gmt":"2026-02-28T07:48:12","slug":"veikals","status":"publish","type":"page","link":"https:\/\/ozi-home.lv\/en\/veikals\/","title":{"rendered":"Shop"},"content":{"rendered":"<div data-elementor-type=\"wp-page\" data-elementor-id=\"4400\" class=\"elementor elementor-4400\" data-elementor-post-type=\"page\">\n\t\t\t\t\t\t<section class=\"elementor-section elementor-top-section elementor-element elementor-element-c8ddeb6 elementor-section-height-min-height elementor-section-boxed elementor-section-height-default elementor-section-items-middle\" data-id=\"c8ddeb6\" data-element_type=\"section\" data-e-type=\"section\" data-settings=\"{&quot;background_background&quot;:&quot;classic&quot;}\">\n\t\t\t\t\t\t\t<div class=\"elementor-background-overlay\"><\/div>\n\t\t\t\t\t\t\t<div class=\"elementor-container elementor-column-gap-default\">\n\t\t\t\t\t<div class=\"elementor-column elementor-col-100 elementor-top-column elementor-element elementor-element-6a5337e\" data-id=\"6a5337e\" data-element_type=\"column\" data-e-type=\"column\">\n\t\t\t<div class=\"elementor-widget-wrap elementor-element-populated\">\n\t\t\t\t\t\t<div class=\"elementor-element elementor-element-feefb6c elementor-widget elementor-widget-heading\" data-id=\"feefb6c\" data-element_type=\"widget\" data-e-type=\"widget\" data-widget_type=\"heading.default\">\n\t\t\t\t<div class=\"elementor-widget-container\">\n\t\t\t\t\t<h2 class=\"elementor-heading-title elementor-size-default\"><a href=\"http:\/\/www.ozihome-shop.lv\/home\/\">Shop<\/a><\/h2>\t\t\t\t<\/div>\n\t\t\t\t<\/div>\n\t\t\t\t\t<\/div>\n\t\t<\/div>\n\t\t\t\t\t<\/div>\n\t\t<\/section>\n\t\t\t\t<section class=\"elementor-section elementor-top-section elementor-element elementor-element-034f786 elementor-section-boxed elementor-section-height-default elementor-section-height-default\" data-id=\"034f786\" data-element_type=\"section\" data-e-type=\"section\">\n\t\t\t\t\t\t<div class=\"elementor-container elementor-column-gap-default\">\n\t\t\t\t\t<div class=\"elementor-column elementor-col-100 elementor-top-column elementor-element elementor-element-ba0c118\" data-id=\"ba0c118\" data-element_type=\"column\" data-e-type=\"column\">\n\t\t\t<div class=\"elementor-widget-wrap elementor-element-populated\">\n\t\t\t\t\t\t<div class=\"elementor-element elementor-element-b48fff5 elementor-widget elementor-widget-text-editor\" data-id=\"b48fff5\" data-element_type=\"widget\" data-e-type=\"widget\" data-widget_type=\"text-editor.default\">\n\t\t\t\t<div class=\"elementor-widget-container\">\n\t\t\t\t\t\t\t\t\t<h3><span style=\"color: #800080;\"><a style=\"color: #800080;\" href=\"http:\/\/www.ozihome-shop.lv\/home\/\"><span class=\"s1\">Handcrafted for your dog\u2019s paws<\/span><\/a><\/span><\/h3>\t\t\t\t\t\t\t\t<\/div>\n\t\t\t\t<\/div>\n\t\t\t\t<div class=\"elementor-element elementor-element-baf2afe elementor-widget elementor-widget-text-editor\" data-id=\"baf2afe\" data-element_type=\"widget\" data-e-type=\"widget\" data-widget_type=\"text-editor.default\">\n\t\t\t\t<div class=\"elementor-widget-container\">\n\t\t\t\t\t\t\t\t\t<p>We have created a new product for dogs \u2013 a paw balm that combines functionality, quality, and style. It comes in a convenient and modern package, making it easy to use both at home and on walks.<\/p><p>Our paw balm is handmade, created with special care and love for animals. The products have been tested on our own dogs to ensure they are safe, effective, and pleasant to use.<\/p><p>It is a reliable solution for everyday paw care in all weather conditions, as well as an excellent aid for presenting dogs at shows.<\/p><p class=\"translation-block\">\u2714\ufe0f <strong>Paw Balm for Daily Care<\/strong> \u2013 intended for use <strong>after walks<\/strong>. It helps restore, nourish, and soothe paw pads after contact with asphalt, sand, moisture, or cold. This is the only paw balm made in Latvia that has been laboratory tested!<\/p><p class=\"translation-block\">\u2714\ufe0f <strong>Paw Balm for Show Dogs<\/strong> \u2013 a unique product in Latvia, designed for use before entering the ring. Its formula has been developed to help reduce slipping on show carpets.<\/p><p>The recipes for both products have been developed independently, based on our vision of high-quality paw care.<\/p><p><span style=\"color: #800080;\"><a style=\"color: #800080;\" href=\"http:\/\/www.ozihome-shop.lv\/home\/\"><strong>Explore our shop and make your choice today.<\/strong><\/a><\/span><\/p><p><span style=\"color: #800080;\"><a style=\"color: #800080;\" href=\"http:\/\/www.ozihome-shop.lv\/home\/\">www.ozihome-shop.lv<\/a><\/span><\/p><p>Give your dog\u2019s paws the care they deserve.<\/p>\t\t\t\t\t\t\t\t<\/div>\n\t\t\t\t<\/div>\n\t\t\t\t\t<\/div>\n\t\t<\/div>\n\t\t\t\t\t<\/div>\n\t\t<\/section>\n\t\t<div class=\"elementor-element elementor-element-8e13c3e e-flex e-con-boxed e-con e-parent\" data-id=\"8e13c3e\" data-element_type=\"container\" data-e-type=\"container\">\n\t\t\t\t\t<div class=\"e-con-inner\">\n\t\t\t\t\t<\/div>\n\t\t\t\t<\/div>\n\t\t\t\t<\/div>","protected":false},"excerpt":{"rendered":"<p>Veikals Roku darbs Tava su\u0146a \u0137ep\u0101m Esam rad\u012bju\u0161i jaunu produktu su\u0146iem \u2013 \u0137epu vasku, kas apvieno funkcionalit\u0101ti, kvalit\u0101ti un stilu. Tas ir ievietots \u0113rt\u0101 un modern\u0101 iepakojum\u0101, lai lieto\u0161ana b\u016btu vienk\u0101r\u0161a gan m\u0101j\u0101s, gan pastaig\u0101s. M\u016bsu \u0137epu vasks ir roku darbs, rad\u012bts ar \u012bpa\u0161u r\u016bp\u012bbu un m\u012blest\u012bbu pret dz\u012bvniekiem. Produkti ir test\u0113ti uz m\u016bsu su\u0146iem, [&hellip;]<\/p>","protected":false},"author":3,"featured_media":0,"parent":0,"menu_order":0,"comment_status":"closed","ping_status":"closed","template":"","meta":{"_monsterinsights_skip_tracking":false,"_monsterinsights_sitenote_active":false,"_monsterinsights_sitenote_note":"","_monsterinsights_sitenote_category":0,"site-sidebar-layout":"no-sidebar","site-content-layout":"page-builder","ast-site-content-layout":"default","site-content-style":"default","site-sidebar-style":"default","ast-global-header-display":"","ast-banner-title-visibility":"","ast-main-header-display":"","ast-hfb-above-header-display":"","ast-hfb-below-header-display":"","ast-hfb-mobile-header-display":"","site-post-title":"disabled","ast-breadcrumbs-content":"","ast-featured-img":"disabled","footer-sml-layout":"","ast-disable-related-posts":"","theme-transparent-header-meta":"enabled","adv-header-id-meta":"","stick-header-meta":"","header-above-stick-meta":"","header-main-stick-meta":"","header-below-stick-meta":"","astra-migrate-meta-layouts":"default","ast-page-background-enabled":"default","ast-page-background-meta":{"desktop":{"background-color":"var(--ast-global-color-4)","background-image":"","background-repeat":"repeat","background-position":"center center","background-size":"auto","background-attachment":"scroll","background-type":"","background-media":"","overlay-type":"","overlay-color":"","overlay-opacity":"","overlay-gradient":""},"tablet":{"background-color":"","background-image":"","background-repeat":"repeat","background-position":"center center","background-size":"auto","background-attachment":"scroll","background-type":"","background-media":"","overlay-type":"","overlay-color":"","overlay-opacity":"","overlay-gradient":""},"mobile":{"background-color":"","background-image":"","background-repeat":"repeat","background-position":"center center","background-size":"auto","background-attachment":"scroll","background-type":"","background-media":"","overlay-type":"","overlay-color":"","overlay-opacity":"","overlay-gradient":""}},"ast-content-background-meta":{"desktop":{"background-color":"var(--ast-global-color-5)","background-image":"","background-repeat":"repeat","background-position":"center center","background-size":"auto","background-attachment":"scroll","background-type":"","background-media":"","overlay-type":"","overlay-color":"","overlay-opacity":"","overlay-gradient":""},"tablet":{"background-color":"var(--ast-global-color-5)","background-image":"","background-repeat":"repeat","background-position":"center center","background-size":"auto","background-attachment":"scroll","background-type":"","background-media":"","overlay-type":"","overlay-color":"","overlay-opacity":"","overlay-gradient":""},"mobile":{"background-color":"var(--ast-global-color-5)","background-image":"","background-repeat":"repeat","background-position":"center center","background-size":"auto","background-attachment":"scroll","background-type":"","background-media":"","overlay-type":"","overlay-color":"","overlay-opacity":"","overlay-gradient":""}},"footnotes":""},"class_list":["post-4400","page","type-page","status-publish","hentry"],"_links":{"self":[{"href":"https:\/\/ozi-home.lv\/en\/wp-json\/wp\/v2\/pages\/4400","targetHints":{"allow":["GET"]}}],"collection":[{"href":"https:\/\/ozi-home.lv\/en\/wp-json\/wp\/v2\/pages"}],"about":[{"href":"https:\/\/ozi-home.lv\/en\/wp-json\/wp\/v2\/types\/page"}],"author":[{"embeddable":true,"href":"https:\/\/ozi-home.lv\/en\/wp-json\/wp\/v2\/users\/3"}],"replies":[{"embeddable":true,"href":"https:\/\/ozi-home.lv\/en\/wp-json\/wp\/v2\/comments?post=4400"}],"version-history":[{"count":51,"href":"https:\/\/ozi-home.lv\/en\/wp-json\/wp\/v2\/pages\/4400\/revisions"}],"predecessor-version":[{"id":6408,"href":"https:\/\/ozi-home.lv\/en\/wp-json\/wp\/v2\/pages\/4400\/revisions\/6408"}],"wp:attachment":[{"href":"https:\/\/ozi-home.lv\/en\/wp-json\/wp\/v2\/media?parent=4400"}],"curies":[{"name":"wp","href":"https:\/\/api.w.org\/{rel}","templated":true}]}}