{"id":5833,"date":"2025-05-27T07:46:11","date_gmt":"2025-05-27T05:46:11","guid":{"rendered":"https:\/\/ozi-home.lv\/?page_id=5833"},"modified":"2025-11-04T11:10:18","modified_gmt":"2025-11-04T09:10:18","slug":"adziliti","status":"publish","type":"page","link":"https:\/\/ozi-home.lv\/en\/adziliti\/","title":{"rendered":"Agility"},"content":{"rendered":"<div data-elementor-type=\"wp-page\" data-elementor-id=\"5833\" class=\"elementor elementor-5833\" data-elementor-post-type=\"page\">\n\t\t\t\t\t\t<section class=\"elementor-section elementor-top-section elementor-element elementor-element-42eb1226 elementor-section-height-min-height elementor-section-boxed elementor-section-height-default elementor-section-items-middle\" data-id=\"42eb1226\" data-element_type=\"section\" data-e-type=\"section\" data-settings=\"{&quot;background_background&quot;:&quot;classic&quot;}\">\n\t\t\t\t\t\t\t<div class=\"elementor-background-overlay\"><\/div>\n\t\t\t\t\t\t\t<div class=\"elementor-container elementor-column-gap-default\">\n\t\t\t\t\t<div class=\"elementor-column elementor-col-100 elementor-top-column elementor-element elementor-element-461fc312\" data-id=\"461fc312\" data-element_type=\"column\" data-e-type=\"column\">\n\t\t\t<div class=\"elementor-widget-wrap elementor-element-populated\">\n\t\t\t\t\t\t<div class=\"elementor-element elementor-element-0b3feff elementor-widget elementor-widget-heading\" data-id=\"0b3feff\" data-element_type=\"widget\" data-e-type=\"widget\" data-widget_type=\"heading.default\">\n\t\t\t\t<div class=\"elementor-widget-container\">\n\t\t\t\t\t<h1 class=\"elementor-heading-title elementor-size-default\">Agility<\/h1>\t\t\t\t<\/div>\n\t\t\t\t<\/div>\n\t\t\t\t\t<\/div>\n\t\t<\/div>\n\t\t\t\t\t<\/div>\n\t\t<\/section>\n\t\t<div class=\"elementor-element elementor-element-b97ee01 e-flex e-con-boxed e-con e-parent\" data-id=\"b97ee01\" data-element_type=\"container\" data-e-type=\"container\">\n\t\t\t\t\t<div class=\"e-con-inner\">\n\t\t<div class=\"elementor-element elementor-element-fc08cbd e-con-full e-flex e-con e-child\" data-id=\"fc08cbd\" data-element_type=\"container\" data-e-type=\"container\">\n\t\t\t\t<div class=\"elementor-element elementor-element-de7e829 elementor-widget elementor-widget-image\" data-id=\"de7e829\" data-element_type=\"widget\" data-e-type=\"widget\" data-widget_type=\"image.default\">\n\t\t\t\t<div class=\"elementor-widget-container\">\n\t\t\t\t\t\t\t\t\t\t\t\t\t\t\t<img fetchpriority=\"high\" decoding=\"async\" width=\"1000\" height=\"666\" src=\"https:\/\/ozi-home.lv\/wp-content\/uploads\/2025\/06\/STAR0800-copy-2-1000-x-666.jpg\" class=\"attachment-large size-large wp-image-5914\" alt=\"\" srcset=\"https:\/\/ozi-home.lv\/wp-content\/uploads\/2025\/06\/STAR0800-copy-2-1000-x-666.jpg 1000w, https:\/\/ozi-home.lv\/wp-content\/uploads\/2025\/06\/STAR0800-copy-2-1000-x-666-300x200.jpg 300w, https:\/\/ozi-home.lv\/wp-content\/uploads\/2025\/06\/STAR0800-copy-2-1000-x-666-768x511.jpg 768w, https:\/\/ozi-home.lv\/wp-content\/uploads\/2025\/06\/STAR0800-copy-2-1000-x-666-18x12.jpg 18w\" sizes=\"(max-width: 1000px) 100vw, 1000px\" \/>\t\t\t\t\t\t\t\t\t\t\t\t\t\t\t<\/div>\n\t\t\t\t<\/div>\n\t\t\t\t<\/div>\n\t\t<div class=\"elementor-element elementor-element-e3e7dd4 e-con-full e-flex e-con e-child\" data-id=\"e3e7dd4\" data-element_type=\"container\" data-e-type=\"container\">\n\t\t\t\t<div class=\"elementor-element elementor-element-96b357b elementor-widget elementor-widget-text-editor\" data-id=\"96b357b\" data-element_type=\"widget\" data-e-type=\"widget\" data-widget_type=\"text-editor.default\">\n\t\t\t\t<div class=\"elementor-widget-container\">\n\t\t\t\t\t\t\t\t\t<p>Agility is a fast-paced dog sport where a handler guides their dog through an obstacle course as quickly and accurately as possible. The course typically includes jumps, tunnels, weave poles, seesaws, A-frames, and other challenges that test a dog\u2019s speed, coordination, and obedience.<\/p><div>It\u2019s not just about athleticism\u2014agility also builds a strong bond between dog and handler through communication, trust, and teamwork. Dogs of all sizes and breeds can enjoy agility, whether for fun or competition.<br \/>It\u2019s a fun way to channel your dog\u2019s energy, improve behavior, and keep them mentally and physically fit.<\/div><div><p>Agility is very suitable for Australian Cattle Dogs (ACDs) \u2014 in fact, they can be excellent in the sport when properly trained and conditioned.<\/p><p>\u00a0<\/p><\/div>\t\t\t\t\t\t\t\t<\/div>\n\t\t\t\t<\/div>\n\t\t\t\t<\/div>\n\t\t\t\t\t<\/div>\n\t\t\t\t<\/div>\n\t\t<div class=\"elementor-element elementor-element-b30b188 e-flex e-con-boxed e-con e-parent\" data-id=\"b30b188\" data-element_type=\"container\" data-e-type=\"container\">\n\t\t\t\t\t<div class=\"e-con-inner\">\n\t\t<div class=\"elementor-element elementor-element-205bf9a e-con-full e-flex e-con e-child\" data-id=\"205bf9a\" data-element_type=\"container\" data-e-type=\"container\">\n\t\t\t\t<div class=\"elementor-element elementor-element-24a03d9 elementor-widget elementor-widget-text-editor\" data-id=\"24a03d9\" data-element_type=\"widget\" data-e-type=\"widget\" data-widget_type=\"text-editor.default\">\n\t\t\t\t<div class=\"elementor-widget-container\">\n\t\t\t\t\t\t\t\t\t<div><b>Why Agility Can Be Great for Australian Cattle Dogs<\/b><\/div><div><u>High Energy &amp; Endurance<\/u><br \/>\u2022 ACDs are bred to work hard all day herding cattle \u2014 they thrive on physical and mental challenges.<b><\/b><\/div><div><u>Intelligent &amp; Problem-Solving<\/u><br \/>\u2022 Very smart and independent thinkers, which is ideal for learning complex agility courses.<\/div><div><u>Athletic &amp; Agile<\/u><br \/>\u2022 Compact, muscular build gives them great speed, balance, and coordination.<br \/>\u2022 They\u2019re capable of tight turns, fast weaves, and solid jumping.<\/div><div><u>Strong Focus &amp; Drive<\/u><br \/>\u2022 Loyal and often very handler-focused, especially with a strong bond.<br \/>\u2022 High food or toy motivation can make them very responsive during training.<\/div>\t\t\t\t\t\t\t\t<\/div>\n\t\t\t\t<\/div>\n\t\t\t\t<\/div>\n\t\t<div class=\"elementor-element elementor-element-447659a e-con-full e-flex e-con e-child\" data-id=\"447659a\" data-element_type=\"container\" data-e-type=\"container\">\n\t\t\t\t<div class=\"elementor-element elementor-element-358000c elementor-widget elementor-widget-image\" data-id=\"358000c\" data-element_type=\"widget\" data-e-type=\"widget\" data-widget_type=\"image.default\">\n\t\t\t\t<div class=\"elementor-widget-container\">\n\t\t\t\t\t\t\t\t\t\t\t\t\t\t\t<img decoding=\"async\" width=\"1000\" height=\"666\" src=\"https:\/\/ozi-home.lv\/wp-content\/uploads\/2025\/06\/STAR0769-copy-2-1000-x-666.jpg\" class=\"attachment-large size-large wp-image-5915\" alt=\"\" srcset=\"https:\/\/ozi-home.lv\/wp-content\/uploads\/2025\/06\/STAR0769-copy-2-1000-x-666.jpg 1000w, https:\/\/ozi-home.lv\/wp-content\/uploads\/2025\/06\/STAR0769-copy-2-1000-x-666-300x200.jpg 300w, https:\/\/ozi-home.lv\/wp-content\/uploads\/2025\/06\/STAR0769-copy-2-1000-x-666-768x511.jpg 768w, https:\/\/ozi-home.lv\/wp-content\/uploads\/2025\/06\/STAR0769-copy-2-1000-x-666-18x12.jpg 18w\" sizes=\"(max-width: 1000px) 100vw, 1000px\" \/>\t\t\t\t\t\t\t\t\t\t\t\t\t\t\t<\/div>\n\t\t\t\t<\/div>\n\t\t\t\t<\/div>\n\t\t\t\t\t<\/div>\n\t\t\t\t<\/div>\n\t\t<div class=\"elementor-element elementor-element-e192cd6 e-flex e-con-boxed e-con e-parent\" data-id=\"e192cd6\" data-element_type=\"container\" data-e-type=\"container\">\n\t\t\t\t\t<div class=\"e-con-inner\">\n\t\t<div class=\"elementor-element elementor-element-4d120c1 e-con-full e-flex e-con e-child\" data-id=\"4d120c1\" data-element_type=\"container\" data-e-type=\"container\">\n\t\t\t\t<div class=\"elementor-element elementor-element-350709f elementor-widget elementor-widget-image\" data-id=\"350709f\" data-element_type=\"widget\" data-e-type=\"widget\" data-widget_type=\"image.default\">\n\t\t\t\t<div class=\"elementor-widget-container\">\n\t\t\t\t\t\t\t\t\t\t\t\t\t\t\t<img decoding=\"async\" width=\"1000\" height=\"666\" src=\"https:\/\/ozi-home.lv\/wp-content\/uploads\/2025\/06\/STAR0810-copy-2-1000-x-666.jpg\" class=\"attachment-large size-large wp-image-5916\" alt=\"\" srcset=\"https:\/\/ozi-home.lv\/wp-content\/uploads\/2025\/06\/STAR0810-copy-2-1000-x-666.jpg 1000w, https:\/\/ozi-home.lv\/wp-content\/uploads\/2025\/06\/STAR0810-copy-2-1000-x-666-300x200.jpg 300w, https:\/\/ozi-home.lv\/wp-content\/uploads\/2025\/06\/STAR0810-copy-2-1000-x-666-768x511.jpg 768w, https:\/\/ozi-home.lv\/wp-content\/uploads\/2025\/06\/STAR0810-copy-2-1000-x-666-18x12.jpg 18w\" sizes=\"(max-width: 1000px) 100vw, 1000px\" \/>\t\t\t\t\t\t\t\t\t\t\t\t\t\t\t<\/div>\n\t\t\t\t<\/div>\n\t\t\t\t<\/div>\n\t\t<div class=\"elementor-element elementor-element-c3b9acd e-con-full e-flex e-con e-child\" data-id=\"c3b9acd\" data-element_type=\"container\" data-e-type=\"container\">\n\t\t\t\t<div class=\"elementor-element elementor-element-88f23b3 elementor-widget elementor-widget-image\" data-id=\"88f23b3\" data-element_type=\"widget\" data-e-type=\"widget\" data-widget_type=\"image.default\">\n\t\t\t\t<div class=\"elementor-widget-container\">\n\t\t\t\t\t\t\t\t\t\t\t\t\t\t\t<img loading=\"lazy\" decoding=\"async\" width=\"1024\" height=\"689\" src=\"https:\/\/ozi-home.lv\/wp-content\/uploads\/2025\/06\/STAR0845-copy-2-2487-x-1673-1024x689.jpg\" class=\"attachment-large size-large wp-image-5917\" alt=\"\" srcset=\"https:\/\/ozi-home.lv\/wp-content\/uploads\/2025\/06\/STAR0845-copy-2-2487-x-1673-1024x689.jpg 1024w, https:\/\/ozi-home.lv\/wp-content\/uploads\/2025\/06\/STAR0845-copy-2-2487-x-1673-300x202.jpg 300w, https:\/\/ozi-home.lv\/wp-content\/uploads\/2025\/06\/STAR0845-copy-2-2487-x-1673-768x517.jpg 768w, https:\/\/ozi-home.lv\/wp-content\/uploads\/2025\/06\/STAR0845-copy-2-2487-x-1673-1536x1033.jpg 1536w, https:\/\/ozi-home.lv\/wp-content\/uploads\/2025\/06\/STAR0845-copy-2-2487-x-1673-2048x1378.jpg 2048w, https:\/\/ozi-home.lv\/wp-content\/uploads\/2025\/06\/STAR0845-copy-2-2487-x-1673-18x12.jpg 18w\" sizes=\"(max-width: 1024px) 100vw, 1024px\" \/>\t\t\t\t\t\t\t\t\t\t\t\t\t\t\t<\/div>\n\t\t\t\t<\/div>\n\t\t\t\t<\/div>\n\t\t\t\t\t<\/div>\n\t\t\t\t<\/div>\n\t\t<div class=\"elementor-element elementor-element-d44846b e-flex e-con-boxed e-con e-parent\" data-id=\"d44846b\" data-element_type=\"container\" data-e-type=\"container\">\n\t\t\t\t\t<div class=\"e-con-inner\">\n\t\t\t\t<div class=\"elementor-element elementor-element-6b06b6b elementor-widget elementor-widget-text-editor\" data-id=\"6b06b6b\" data-element_type=\"widget\" data-e-type=\"widget\" data-widget_type=\"text-editor.default\">\n\t\t\t\t<div class=\"elementor-widget-container\">\n\t\t\t\t\t\t\t\t\t<table><thead><tr><th><strong>Factor<\/strong><\/th><th><strong>Tip<\/strong><\/th><\/tr><\/thead><tbody><tr><td>Stubbornness<\/td><td>Training must be consistent and clear; they may challenge handlers early on.<\/td><\/tr><tr><td>High Drive<\/td><td>Without enough stimulation, they can become frustrated or reactive. Agility is great for redirecting this energy.<\/td><\/tr><tr><td>Joint Health<\/td><td>Monitor for hip\/elbow dysplasia or arthritis as they age. Always warm up and cool down properly.<\/td><\/tr><tr><td>Socialization<\/td><td>ACDs can be wary of unfamiliar dogs\/people \u2014 early, positive exposure helps in crowded agility settings.<\/td><\/tr><\/tbody><\/table>\t\t\t\t\t\t\t\t<\/div>\n\t\t\t\t<\/div>\n\t\t\t\t\t<\/div>\n\t\t\t\t<\/div>\n\t\t<div class=\"elementor-element elementor-element-c9348f6 e-flex e-con-boxed e-con e-parent\" data-id=\"c9348f6\" data-element_type=\"container\" data-e-type=\"container\">\n\t\t\t\t\t<div class=\"e-con-inner\">\n\t\t\t\t<div class=\"elementor-element elementor-element-6f2645b elementor-widget elementor-widget-heading\" data-id=\"6f2645b\" data-element_type=\"widget\" data-e-type=\"widget\" data-widget_type=\"heading.default\">\n\t\t\t\t<div class=\"elementor-widget-container\">\n\t\t\t\t\t<h2 class=\"elementor-heading-title elementor-size-default\">ABRAMS Harvest OZI Home aka Rocky<\/h2>\t\t\t\t<\/div>\n\t\t\t\t<\/div>\n\t\t\t\t\t<\/div>\n\t\t\t\t<\/div>\n\t\t<div class=\"elementor-element elementor-element-d8411d9 e-flex e-con-boxed e-con e-parent\" data-id=\"d8411d9\" data-element_type=\"container\" data-e-type=\"container\">\n\t\t\t\t\t<div class=\"e-con-inner\">\n\t\t<div class=\"elementor-element elementor-element-444b2de e-con-full e-flex e-con e-child\" data-id=\"444b2de\" data-element_type=\"container\" data-e-type=\"container\">\n\t\t\t\t<div class=\"elementor-element elementor-element-9691e7b elementor-widget elementor-widget-image\" data-id=\"9691e7b\" data-element_type=\"widget\" data-e-type=\"widget\" data-widget_type=\"image.default\">\n\t\t\t\t<div class=\"elementor-widget-container\">\n\t\t\t\t\t\t\t\t\t\t\t\t\t\t\t<img loading=\"lazy\" decoding=\"async\" width=\"1024\" height=\"768\" src=\"https:\/\/ozi-home.lv\/wp-content\/uploads\/2025\/05\/8b85b0de-ee19-4c93-941d-48978805935b-1024x768.jpg\" class=\"attachment-large size-large wp-image-5835\" alt=\"\" srcset=\"\" sizes=\"(max-width: 1024px) 100vw, 1024px\" data-srcset=\"\" \/>\t\t\t\t\t\t\t\t\t\t\t\t\t\t\t<\/div>\n\t\t\t\t<\/div>\n\t\t\t\t<\/div>\n\t\t<div class=\"elementor-element elementor-element-6bcd37e e-con-full e-flex e-con e-child\" data-id=\"6bcd37e\" data-element_type=\"container\" data-e-type=\"container\">\n\t\t\t\t<div class=\"elementor-element elementor-element-d8a4097 elementor-widget elementor-widget-text-editor\" data-id=\"d8a4097\" data-element_type=\"widget\" data-e-type=\"widget\" data-widget_type=\"text-editor.default\">\n\t\t\t\t<div class=\"elementor-widget-container\">\n\t\t\t\t\t\t\t\t\t<div>Born on September 27, 2022, as a firstborn in our OZI Home Kennel, a spirited Australian Cattle Dog named Rocky (Abrams Harvest) began his journey. The son of two remarkable dogs\u2014Bradley, known for his confidence and drive, and Nia, admired for her intelligence and grace\u2014Rocky inherited the best of both worlds.<\/div><div>\u00a0<\/div><div>From the very beginning, Rocky showed something special. Quick to learn and always alert, he bonded closely with his dedicated owner, who committed countless hours to training, socializing, and guiding him. The two built their foundation not just on commands and drills, but on mutual respect and trust.<\/div><div>\u00a0<\/div><div>By the time Rocky turned one, he was already confidently navigating jumps, tunnels, and weave poles. With a sharp mind and a love for movement, agility became his passion\u2014and his strength.<\/div><div>\u00a0<\/div><div>\u00a0<\/div>\t\t\t\t\t\t\t\t<\/div>\n\t\t\t\t<\/div>\n\t\t\t\t<\/div>\n\t\t\t\t\t<\/div>\n\t\t\t\t<\/div>\n\t\t<div class=\"elementor-element elementor-element-4fe8d1e e-flex e-con-boxed e-con e-parent\" data-id=\"4fe8d1e\" data-element_type=\"container\" data-e-type=\"container\">\n\t\t\t\t\t<div class=\"e-con-inner\">\n\t\t<div class=\"elementor-element elementor-element-ccf7952 e-con-full e-flex e-con e-child\" data-id=\"ccf7952\" data-element_type=\"container\" data-e-type=\"container\">\n\t\t\t\t<div class=\"elementor-element elementor-element-151c441 elementor-widget elementor-widget-image\" data-id=\"151c441\" data-element_type=\"widget\" data-e-type=\"widget\" data-widget_type=\"image.default\">\n\t\t\t\t<div class=\"elementor-widget-container\">\n\t\t\t\t\t\t\t\t\t\t\t\t\t\t\t<img loading=\"lazy\" decoding=\"async\" width=\"1916\" height=\"1259\" src=\"https:\/\/ozi-home.lv\/wp-content\/uploads\/2025\/06\/IMG_4865-copy.jpg\" class=\"attachment-full size-full wp-image-5895\" alt=\"\" srcset=\"https:\/\/ozi-home.lv\/wp-content\/uploads\/2025\/06\/IMG_4865-copy.jpg 1916w, https:\/\/ozi-home.lv\/wp-content\/uploads\/2025\/06\/IMG_4865-copy-300x197.jpg 300w, https:\/\/ozi-home.lv\/wp-content\/uploads\/2025\/06\/IMG_4865-copy-1024x673.jpg 1024w, https:\/\/ozi-home.lv\/wp-content\/uploads\/2025\/06\/IMG_4865-copy-768x505.jpg 768w, https:\/\/ozi-home.lv\/wp-content\/uploads\/2025\/06\/IMG_4865-copy-1536x1009.jpg 1536w, https:\/\/ozi-home.lv\/wp-content\/uploads\/2025\/06\/IMG_4865-copy-18x12.jpg 18w\" sizes=\"(max-width: 1916px) 100vw, 1916px\" \/>\t\t\t\t\t\t\t\t\t\t\t\t\t\t\t<\/div>\n\t\t\t\t<\/div>\n\t\t\t\t<\/div>\n\t\t<div class=\"elementor-element elementor-element-4520858 e-con-full e-flex e-con e-child\" data-id=\"4520858\" data-element_type=\"container\" data-e-type=\"container\">\n\t\t\t\t<div class=\"elementor-element elementor-element-352e25c elementor-widget elementor-widget-image\" data-id=\"352e25c\" data-element_type=\"widget\" data-e-type=\"widget\" data-widget_type=\"image.default\">\n\t\t\t\t<div class=\"elementor-widget-container\">\n\t\t\t\t\t\t\t\t\t\t\t\t\t\t\t<img loading=\"lazy\" decoding=\"async\" width=\"2048\" height=\"1393\" src=\"https:\/\/ozi-home.lv\/wp-content\/uploads\/2025\/05\/481771498_957060996406521_3522731699330702542_n.jpg\" class=\"attachment-full size-full wp-image-5834\" alt=\"\" srcset=\"https:\/\/ozi-home.lv\/wp-content\/uploads\/2025\/05\/481771498_957060996406521_3522731699330702542_n.jpg 2048w, https:\/\/ozi-home.lv\/wp-content\/uploads\/2025\/05\/481771498_957060996406521_3522731699330702542_n-300x204.jpg 300w, https:\/\/ozi-home.lv\/wp-content\/uploads\/2025\/05\/481771498_957060996406521_3522731699330702542_n-1024x697.jpg 1024w, https:\/\/ozi-home.lv\/wp-content\/uploads\/2025\/05\/481771498_957060996406521_3522731699330702542_n-768x522.jpg 768w, https:\/\/ozi-home.lv\/wp-content\/uploads\/2025\/05\/481771498_957060996406521_3522731699330702542_n-1536x1045.jpg 1536w, https:\/\/ozi-home.lv\/wp-content\/uploads\/2025\/05\/481771498_957060996406521_3522731699330702542_n-18x12.jpg 18w\" sizes=\"(max-width: 2048px) 100vw, 2048px\" \/>\t\t\t\t\t\t\t\t\t\t\t\t\t\t\t<\/div>\n\t\t\t\t<\/div>\n\t\t\t\t<\/div>\n\t\t\t\t\t<\/div>\n\t\t\t\t<\/div>\n\t\t<div class=\"elementor-element elementor-element-6f2da31 e-flex e-con-boxed e-con e-parent\" data-id=\"6f2da31\" data-element_type=\"container\" data-e-type=\"container\">\n\t\t\t\t\t<div class=\"e-con-inner\">\n\t\t\t\t<div class=\"elementor-element elementor-element-56eb35d elementor-widget elementor-widget-text-editor\" data-id=\"56eb35d\" data-element_type=\"widget\" data-e-type=\"widget\" data-widget_type=\"text-editor.default\">\n\t\t\t\t<div class=\"elementor-widget-container\">\n\t\t\t\t\t\t\t\t\t<div>Today, Rocky proudly represents OZI Home Kennel across the Baltic States, competing in agility competitions in Latvia, Lithuania, and Estonia. Known for his focus, speed, and precise execution, he\u2019s not just turning heads\u2014he\u2019s climbing podiums.<\/div><div>\u00a0<\/div><div>Rocky is more than a competitor; he\u2019s a testament to what\u2019s possible when great breeding meets dedicated training and a deep bond between dog and handler.<\/div><div>\u00a0<\/div><div>We are so thankful to Rocky's owner for the hard work and input he has made, and of course for a great care and love.<\/div>\t\t\t\t\t\t\t\t<\/div>\n\t\t\t\t<\/div>\n\t\t\t\t\t<\/div>\n\t\t\t\t<\/div>\n\t\t\t\t<\/div>","protected":false},"excerpt":{"rendered":"<p>Ad\u017eiliti Ad\u017eiliti ir sporta veids su\u0146iem uz \u0101trumu, kur suns p\u0101rvar da\u017e\u0101dus \u0161\u0137\u0113r\u0161\u013cus.\u00a0Trase parasti ietver l\u0113cienus, tune\u013cus, \u0161\u016bpoles un citus izaicin\u0101jumus, kas p\u0101rbauda su\u0146a \u0101trumu, koordin\u0101ciju un paklaus\u012bbu. Tas nav tikai atl\u0113tisms \u2014 veikl\u012bba ar\u012b veido sp\u0113c\u012bgu saikni starp suni un su\u0146a pavadoni, izmantojot komunik\u0101ciju, uztic\u0113\u0161anos un komandas darbu. Visu izm\u0113ru un \u0161\u0137ir\u0146u su\u0146i var [&hellip;]<\/p>","protected":false},"author":3,"featured_media":0,"parent":0,"menu_order":0,"comment_status":"closed","ping_status":"closed","template":"","meta":{"_monsterinsights_skip_tracking":false,"_monsterinsights_sitenote_active":false,"_monsterinsights_sitenote_note":"","_monsterinsights_sitenote_category":0,"site-sidebar-layout":"no-sidebar","site-content-layout":"page-builder","ast-site-content-layout":"full-width-container","site-content-style":"unboxed","site-sidebar-style":"unboxed","ast-global-header-display":"","ast-banner-title-visibility":"","ast-main-header-display":"","ast-hfb-above-header-display":"","ast-hfb-below-header-display":"","ast-hfb-mobile-header-display":"","site-post-title":"disabled","ast-breadcrumbs-content":"","ast-featured-img":"disabled","footer-sml-layout":"","ast-disable-related-posts":"","theme-transparent-header-meta":"enabled","adv-header-id-meta":"","stick-header-meta":"","header-above-stick-meta":"","header-main-stick-meta":"","header-below-stick-meta":"","astra-migrate-meta-layouts":"set","ast-page-background-enabled":"default","ast-page-background-meta":{"desktop":{"background-color":"var(--ast-global-color-4)","background-image":"","background-repeat":"repeat","background-position":"center center","background-size":"auto","background-attachment":"scroll","background-type":"","background-media":"","overlay-type":"","overlay-color":"","overlay-opacity":"","overlay-gradient":""},"tablet":{"background-color":"","background-image":"","background-repeat":"repeat","background-position":"center center","background-size":"auto","background-attachment":"scroll","background-type":"","background-media":"","overlay-type":"","overlay-color":"","overlay-opacity":"","overlay-gradient":""},"mobile":{"background-color":"","background-image":"","background-repeat":"repeat","background-position":"center center","background-size":"auto","background-attachment":"scroll","background-type":"","background-media":"","overlay-type":"","overlay-color":"","overlay-opacity":"","overlay-gradient":""}},"ast-content-background-meta":{"desktop":{"background-color":"var(--ast-global-color-5)","background-image":"","background-repeat":"repeat","background-position":"center center","background-size":"auto","background-attachment":"scroll","background-type":"","background-media":"","overlay-type":"","overlay-color":"","overlay-opacity":"","overlay-gradient":""},"tablet":{"background-color":"var(--ast-global-color-5)","background-image":"","background-repeat":"repeat","background-position":"center center","background-size":"auto","background-attachment":"scroll","background-type":"","background-media":"","overlay-type":"","overlay-color":"","overlay-opacity":"","overlay-gradient":""},"mobile":{"background-color":"var(--ast-global-color-5)","background-image":"","background-repeat":"repeat","background-position":"center center","background-size":"auto","background-attachment":"scroll","background-type":"","background-media":"","overlay-type":"","overlay-color":"","overlay-opacity":"","overlay-gradient":""}},"footnotes":""},"class_list":["post-5833","page","type-page","status-publish","hentry"],"_links":{"self":[{"href":"https:\/\/ozi-home.lv\/en\/wp-json\/wp\/v2\/pages\/5833","targetHints":{"allow":["GET"]}}],"collection":[{"href":"https:\/\/ozi-home.lv\/en\/wp-json\/wp\/v2\/pages"}],"about":[{"href":"https:\/\/ozi-home.lv\/en\/wp-json\/wp\/v2\/types\/page"}],"author":[{"embeddable":true,"href":"https:\/\/ozi-home.lv\/en\/wp-json\/wp\/v2\/users\/3"}],"replies":[{"embeddable":true,"href":"https:\/\/ozi-home.lv\/en\/wp-json\/wp\/v2\/comments?post=5833"}],"version-history":[{"count":34,"href":"https:\/\/ozi-home.lv\/en\/wp-json\/wp\/v2\/pages\/5833\/revisions"}],"predecessor-version":[{"id":6229,"href":"https:\/\/ozi-home.lv\/en\/wp-json\/wp\/v2\/pages\/5833\/revisions\/6229"}],"wp:attachment":[{"href":"https:\/\/ozi-home.lv\/en\/wp-json\/wp\/v2\/media?parent=5833"}],"curies":[{"name":"wp","href":"https:\/\/api.w.org\/{rel}","templated":true}]}}