{"id":6473,"date":"2026-03-25T19:53:58","date_gmt":"2026-03-25T17:53:58","guid":{"rendered":"https:\/\/ozi-home.lv\/?page_id=6473"},"modified":"2026-03-26T19:00:20","modified_gmt":"2026-03-26T17:00:20","slug":"buzzing-bee","status":"publish","type":"page","link":"https:\/\/ozi-home.lv\/en\/buzzing-bee\/","title":{"rendered":"Buzzing Bee"},"content":{"rendered":"<div data-elementor-type=\"wp-page\" data-elementor-id=\"6473\" class=\"elementor elementor-6473\" data-elementor-post-type=\"page\">\n\t\t\t\t\t\t<section class=\"elementor-section elementor-top-section elementor-element elementor-element-83746e8 elementor-section-height-min-height elementor-section-boxed elementor-section-height-default elementor-section-items-middle\" data-id=\"83746e8\" data-element_type=\"section\" data-e-type=\"section\" data-settings=\"{&quot;background_background&quot;:&quot;classic&quot;}\">\n\t\t\t\t\t\t\t<div class=\"elementor-background-overlay\"><\/div>\n\t\t\t\t\t\t\t<div class=\"elementor-container elementor-column-gap-default\">\n\t\t\t\t\t<div class=\"elementor-column elementor-col-100 elementor-top-column elementor-element elementor-element-09faee3\" data-id=\"09faee3\" data-element_type=\"column\" data-e-type=\"column\">\n\t\t\t<div class=\"elementor-widget-wrap elementor-element-populated\">\n\t\t\t\t\t\t<div class=\"elementor-element elementor-element-c7152a9 elementor-widget elementor-widget-heading\" data-id=\"c7152a9\" data-element_type=\"widget\" data-e-type=\"widget\" data-widget_type=\"heading.default\">\n\t\t\t\t<div class=\"elementor-widget-container\">\n\t\t\t\t\t<h1 class=\"elementor-heading-title elementor-size-default\">JCIB Buzzing Bee<\/h1>\t\t\t\t<\/div>\n\t\t\t\t<\/div>\n\t\t\t\t<div class=\"elementor-element elementor-element-df686b3 elementor-widget elementor-widget-heading\" data-id=\"df686b3\" data-element_type=\"widget\" data-e-type=\"widget\" data-widget_type=\"heading.default\">\n\t\t\t\t<div class=\"elementor-widget-container\">\n\t\t\t\t\t<span class=\"elementor-heading-title elementor-size-default\">Australian Cattle Dog<\/span>\t\t\t\t<\/div>\n\t\t\t\t<\/div>\n\t\t\t\t\t<\/div>\n\t\t<\/div>\n\t\t\t\t\t<\/div>\n\t\t<\/section>\n\t\t<div class=\"elementor-element elementor-element-cf945a6 e-flex e-con-boxed e-con e-parent\" data-id=\"cf945a6\" data-element_type=\"container\" data-e-type=\"container\">\n\t\t\t\t\t<div class=\"e-con-inner\">\n\t\t<div class=\"elementor-element elementor-element-dbfecfc e-con-full e-flex e-con e-child\" data-id=\"dbfecfc\" data-element_type=\"container\" data-e-type=\"container\">\n\t\t\t\t<div class=\"elementor-element elementor-element-7ce5ed2 elementor-widget elementor-widget-image\" data-id=\"7ce5ed2\" data-element_type=\"widget\" data-e-type=\"widget\" data-widget_type=\"image.default\">\n\t\t\t\t<div class=\"elementor-widget-container\">\n\t\t\t\t\t\t\t\t\t\t\t\t\t\t\t<img fetchpriority=\"high\" decoding=\"async\" width=\"2048\" height=\"1365\" src=\"https:\/\/ozi-home.lv\/wp-content\/uploads\/2026\/03\/566207445_1128144955964790_2744085619350521850_n.jpg\" class=\"attachment-full size-full wp-image-6479\" alt=\"\" srcset=\"https:\/\/ozi-home.lv\/wp-content\/uploads\/2026\/03\/566207445_1128144955964790_2744085619350521850_n.jpg 2048w, https:\/\/ozi-home.lv\/wp-content\/uploads\/2026\/03\/566207445_1128144955964790_2744085619350521850_n-300x200.jpg 300w, https:\/\/ozi-home.lv\/wp-content\/uploads\/2026\/03\/566207445_1128144955964790_2744085619350521850_n-1024x683.jpg 1024w, https:\/\/ozi-home.lv\/wp-content\/uploads\/2026\/03\/566207445_1128144955964790_2744085619350521850_n-768x512.jpg 768w, https:\/\/ozi-home.lv\/wp-content\/uploads\/2026\/03\/566207445_1128144955964790_2744085619350521850_n-1536x1024.jpg 1536w, https:\/\/ozi-home.lv\/wp-content\/uploads\/2026\/03\/566207445_1128144955964790_2744085619350521850_n-18x12.jpg 18w\" sizes=\"(max-width: 2048px) 100vw, 2048px\" \/>\t\t\t\t\t\t\t\t\t\t\t\t\t\t\t<\/div>\n\t\t\t\t<\/div>\n\t\t\t\t<\/div>\n\t\t<div class=\"elementor-element elementor-element-a0f2476 e-con-full e-flex e-con e-child\" data-id=\"a0f2476\" data-element_type=\"container\" data-e-type=\"container\">\n\t\t\t\t<div class=\"elementor-element elementor-element-83db20f elementor-widget elementor-widget-heading\" data-id=\"83db20f\" data-element_type=\"widget\" data-e-type=\"widget\" data-widget_type=\"heading.default\">\n\t\t\t\t<div class=\"elementor-widget-container\">\n\t\t\t\t\t<h2 class=\"elementor-heading-title elementor-size-default\">General information<\/h2>\t\t\t\t<\/div>\n\t\t\t\t<\/div>\n\t\t\t\t<div class=\"elementor-element elementor-element-90292bd elementor-widget elementor-widget-heading\" data-id=\"90292bd\" data-element_type=\"widget\" data-e-type=\"widget\" data-widget_type=\"heading.default\">\n\t\t\t\t<div class=\"elementor-widget-container\">\n\t\t\t\t\t<h2 class=\"elementor-heading-title elementor-size-default\">DOB: 19 May 2024 <br>\nID 380260102740693 <br>\nParents: Bradley Simpatija x Banana Bender Lechuguilla Kit Fox<br>\n\n<\/h2>\t\t\t\t<\/div>\n\t\t\t\t<\/div>\n\t\t\t\t<div class=\"elementor-element elementor-element-7fcdbe9 elementor-widget elementor-widget-button\" data-id=\"7fcdbe9\" data-element_type=\"widget\" data-e-type=\"widget\" data-widget_type=\"button.default\">\n\t\t\t\t<div class=\"elementor-widget-container\">\n\t\t\t\t\t\t\t\t\t<div class=\"elementor-button-wrapper\">\n\t\t\t\t\t<a class=\"elementor-button elementor-button-link elementor-size-sm\" href=\"https:\/\/www.dogsfiles.com\/index.php?ind=dogsbase&#038;breed=4&#038;op=view&#038;did=314359&#038;nlang=en\" target=\"_blank\">\n\t\t\t\t\t\t<span class=\"elementor-button-content-wrapper\">\n\t\t\t\t\t\t<span class=\"elementor-button-icon\">\n\t\t\t\t<svg aria-hidden=\"true\" class=\"e-font-icon-svg e-fas-sitemap\" viewbox=\"0 0 640 512\" xmlns=\"http:\/\/www.w3.org\/2000\/svg\"><path d=\"M128 352H32c-17.67 0-32 14.33-32 32v96c0 17.67 14.33 32 32 32h96c17.67 0 32-14.33 32-32v-96c0-17.67-14.33-32-32-32zm-24-80h192v48h48v-48h192v48h48v-57.59c0-21.17-17.23-38.41-38.41-38.41H344v-64h40c17.67 0 32-14.33 32-32V32c0-17.67-14.33-32-32-32H256c-17.67 0-32 14.33-32 32v96c0 17.67 14.33 32 32 32h40v64H94.41C73.23 224 56 241.23 56 262.41V320h48v-48zm264 80h-96c-17.67 0-32 14.33-32 32v96c0 17.67 14.33 32 32 32h96c17.67 0 32-14.33 32-32v-96c0-17.67-14.33-32-32-32zm240 0h-96c-17.67 0-32 14.33-32 32v96c0 17.67 14.33 32 32 32h96c17.67 0 32-14.33 32-32v-96c0-17.67-14.33-32-32-32z\"><\/path><\/svg>\t\t\t<\/span>\n\t\t\t\t\t\t\t\t\t<span class=\"elementor-button-text\">Pedigree<\/span>\n\t\t\t\t\t<\/span>\n\t\t\t\t\t<\/a>\n\t\t\t\t<\/div>\n\t\t\t\t\t\t\t\t<\/div>\n\t\t\t\t<\/div>\n\t\t\t\t<\/div>\n\t\t\t\t\t<\/div>\n\t\t\t\t<\/div>\n\t\t<div class=\"elementor-element elementor-element-969e886 e-flex e-con-boxed e-con e-parent\" data-id=\"969e886\" data-element_type=\"container\" data-e-type=\"container\">\n\t\t\t\t\t<div class=\"e-con-inner\">\n\t\t\t\t<div class=\"elementor-element elementor-element-f2da052 elementor-widget elementor-widget-heading\" data-id=\"f2da052\" data-element_type=\"widget\" data-e-type=\"widget\" data-widget_type=\"heading.default\">\n\t\t\t\t<div class=\"elementor-widget-container\">\n\t\t\t\t\t<h2 class=\"elementor-heading-title elementor-size-default\">Health checks<\/h2>\t\t\t\t<\/div>\n\t\t\t\t<\/div>\n\t\t\t\t\t<\/div>\n\t\t\t\t<\/div>\n\t\t<div class=\"elementor-element elementor-element-eac394b e-flex e-con-boxed e-con e-parent\" data-id=\"eac394b\" data-element_type=\"container\" data-e-type=\"container\">\n\t\t\t\t\t<div class=\"e-con-inner\">\n\t\t<div class=\"elementor-element elementor-element-1d09c87 e-con-full e-flex e-con e-child\" data-id=\"1d09c87\" data-element_type=\"container\" data-e-type=\"container\">\n\t\t\t\t<div class=\"elementor-element elementor-element-5ed2c0a elementor-widget elementor-widget-text-editor\" data-id=\"5ed2c0a\" data-element_type=\"widget\" data-e-type=\"widget\" data-widget_type=\"text-editor.default\">\n\t\t\t\t<div class=\"elementor-widget-container\">\n\t\t\t\t\t\t\t\t\t<ul><li>BAER +\/+<\/li><li>PRA-prcd &#8211; N\/M<\/li><li>MDR1 &#8211; N\/N<\/li><li>Scissor bite, full dentition<\/li><li>NHAT test \u2013 EXCELLENT \u2013 passed [at age 10m\/o]<\/li><li>Temperament &amp; socialisation test &#8211;\u00a0 \u00a0passed (with highest points)<\/li><\/ul>\t\t\t\t\t\t\t\t<\/div>\n\t\t\t\t<\/div>\n\t\t\t\t<\/div>\n\t\t\t\t\t<\/div>\n\t\t\t\t<\/div>\n\t\t<div class=\"elementor-element elementor-element-bbe3ca9 e-flex e-con-boxed e-con e-parent\" data-id=\"bbe3ca9\" data-element_type=\"container\" data-e-type=\"container\">\n\t\t\t\t\t<div class=\"e-con-inner\">\n\t\t\t\t<div class=\"elementor-element elementor-element-facbdd0 elementor-widget elementor-widget-heading\" data-id=\"facbdd0\" data-element_type=\"widget\" data-e-type=\"widget\" data-widget_type=\"heading.default\">\n\t\t\t\t<div class=\"elementor-widget-container\">\n\t\t\t\t\t<h2 class=\"elementor-heading-title elementor-size-default\">Achievements<\/h2>\t\t\t\t<\/div>\n\t\t\t\t<\/div>\n\t\t\t\t\t<\/div>\n\t\t\t\t<\/div>\n\t\t<div class=\"elementor-element elementor-element-8963e5e e-flex e-con-boxed e-con e-parent\" data-id=\"8963e5e\" data-element_type=\"container\" data-e-type=\"container\">\n\t\t\t\t\t<div class=\"e-con-inner\">\n\t\t<div class=\"elementor-element elementor-element-8094ecc e-con-full e-flex e-con e-child\" data-id=\"8094ecc\" data-element_type=\"container\" data-e-type=\"container\">\n\t\t\t\t<div class=\"elementor-element elementor-element-1c20a82 elementor-widget elementor-widget-text-editor\" data-id=\"1c20a82\" data-element_type=\"widget\" data-e-type=\"widget\" data-widget_type=\"text-editor.default\">\n\t\t\t\t<div class=\"elementor-widget-container\">\n\t\t\t\t\t\t\t\t\t<ul><li>#2 &#8211; Australian cattle dog in 2025 in Latvia<\/li><li>CRUFTS qualifications x 2<\/li><li><strong>Junior BEST IN SHOW<\/strong>, BISS 2, J-BIS FCI 1, res.JBIS FCI 1<\/li><li>J-CACIB x 8<\/li><li>CACIB x 6<\/li><\/ul>\t\t\t\t\t\t\t\t<\/div>\n\t\t\t\t<\/div>\n\t\t\t\t<\/div>\n\t\t\t\t\t<\/div>\n\t\t\t\t<\/div>\n\t\t<div class=\"elementor-element elementor-element-fa0c1fb e-flex e-con-boxed e-con e-parent\" data-id=\"fa0c1fb\" data-element_type=\"container\" data-e-type=\"container\">\n\t\t\t\t\t<div class=\"e-con-inner\">\n\t\t\t\t<div class=\"elementor-element elementor-element-c8f4c63 elementor-widget elementor-widget-text-editor\" data-id=\"c8f4c63\" data-element_type=\"widget\" data-e-type=\"widget\" data-widget_type=\"text-editor.default\">\n\t\t\t\t<div class=\"elementor-widget-container\">\n\t\t\t\t\t\t\t\t\t<p><u>Junior Champion of<\/u>: Latvia, Lithuania, Estonia, the Baltic States, Slovakia<\/p><p><u>Champion of<\/u>: Estonia, Lithuania,\u00a0 Latvia, the Baltic States<\/p><p><u>GRAND Champion<\/u>:\u00a0<\/p>\t\t\t\t\t\t\t\t<\/div>\n\t\t\t\t<\/div>\n\t\t\t\t\t<\/div>\n\t\t\t\t<\/div>\n\t\t<div class=\"elementor-element elementor-element-cfc2914 e-flex e-con-boxed e-con e-parent\" data-id=\"cfc2914\" data-element_type=\"container\" data-e-type=\"container\">\n\t\t\t\t\t<div class=\"e-con-inner\">\n\t\t\t\t\t<\/div>\n\t\t\t\t<\/div>\n\t\t<div class=\"elementor-element elementor-element-f01f12d e-flex e-con-boxed e-con e-parent\" data-id=\"f01f12d\" data-element_type=\"container\" data-e-type=\"container\">\n\t\t\t\t\t<div class=\"e-con-inner\">\n\t\t<div class=\"elementor-element elementor-element-7c6a1fb e-con-full e-flex e-con e-child\" data-id=\"7c6a1fb\" data-element_type=\"container\" data-e-type=\"container\">\n\t\t\t\t<div class=\"elementor-element elementor-element-a8d89e4 elementor-widget elementor-widget-text-editor\" data-id=\"a8d89e4\" data-element_type=\"widget\" data-e-type=\"widget\" data-widget_type=\"text-editor.default\">\n\t\t\t\t<div class=\"elementor-widget-container\">\n\t\t\t\t\t\t\t\t\t<ul><li>vice EUROPEAN Junior winner&#8217;25<\/li><li>Dogfestival Junior Super winner&#8217;25<\/li><\/ul>\t\t\t\t\t\t\t\t<\/div>\n\t\t\t\t<\/div>\n\t\t\t\t<\/div>\n\t\t\t\t\t<\/div>\n\t\t\t\t<\/div>\n\t\t<div class=\"elementor-element elementor-element-9da4706 e-flex e-con-boxed e-con e-parent\" data-id=\"9da4706\" data-element_type=\"container\" data-e-type=\"container\">\n\t\t\t\t\t<div class=\"e-con-inner\">\n\t\t\t\t<div class=\"elementor-element elementor-element-3fa7aa1 gallery-spacing-custom elementor-widget elementor-widget-image-gallery\" data-id=\"3fa7aa1\" data-element_type=\"widget\" data-e-type=\"widget\" data-widget_type=\"image-gallery.default\">\n\t\t\t\t<div class=\"elementor-widget-container\">\n\t\t\t\t\t\t\t<div class=\"elementor-image-gallery\">\n\t\t\t<div id='gallery-1' class='gallery galleryid-6473 gallery-columns-4 gallery-size-full'><figure class='gallery-item'>\n\t\t\t<div class='gallery-icon landscape'>\n\t\t\t\t<a data-elementor-open-lightbox=\"yes\" data-elementor-lightbox-slideshow=\"3fa7aa1\" data-elementor-lightbox-title=\"AXD_2297\" data-e-action-hash=\"#elementor-action%3Aaction%3Dlightbox%26settings%3DeyJpZCI6NjQ4MywidXJsIjoiaHR0cHM6XC9cL296aS1ob21lLmx2XC93cC1jb250ZW50XC91cGxvYWRzXC8yMDI2XC8wM1wvQVhEXzIyOTcuanBnIiwic2xpZGVzaG93IjoiM2ZhN2FhMSJ9\" href='https:\/\/ozi-home.lv\/wp-content\/uploads\/2026\/03\/AXD_2297.jpg'><img decoding=\"async\" width=\"2048\" height=\"1365\" src=\"https:\/\/ozi-home.lv\/wp-content\/uploads\/2026\/03\/AXD_2297.jpg\" class=\"attachment-full size-full\" alt=\"\" srcset=\"https:\/\/ozi-home.lv\/wp-content\/uploads\/2026\/03\/AXD_2297.jpg 2048w, https:\/\/ozi-home.lv\/wp-content\/uploads\/2026\/03\/AXD_2297-300x200.jpg 300w, https:\/\/ozi-home.lv\/wp-content\/uploads\/2026\/03\/AXD_2297-1024x683.jpg 1024w, https:\/\/ozi-home.lv\/wp-content\/uploads\/2026\/03\/AXD_2297-768x512.jpg 768w, https:\/\/ozi-home.lv\/wp-content\/uploads\/2026\/03\/AXD_2297-1536x1024.jpg 1536w, https:\/\/ozi-home.lv\/wp-content\/uploads\/2026\/03\/AXD_2297-18x12.jpg 18w\" sizes=\"(max-width: 2048px) 100vw, 2048px\" \/><\/a>\n\t\t\t<\/div><\/figure><figure class='gallery-item'>\n\t\t\t<div class='gallery-icon landscape'>\n\t\t\t\t<a data-elementor-open-lightbox=\"yes\" data-elementor-lightbox-slideshow=\"3fa7aa1\" data-elementor-lightbox-title=\"STAR4794 copy\" data-e-action-hash=\"#elementor-action%3Aaction%3Dlightbox%26settings%3DeyJpZCI6NjQ4OCwidXJsIjoiaHR0cHM6XC9cL296aS1ob21lLmx2XC93cC1jb250ZW50XC91cGxvYWRzXC8yMDI2XC8wM1wvU1RBUjQ3OTQtY29weS1zY2FsZWQuanBnIiwic2xpZGVzaG93IjoiM2ZhN2FhMSJ9\" href='https:\/\/ozi-home.lv\/wp-content\/uploads\/2026\/03\/STAR4794-copy-scaled.jpg'><img decoding=\"async\" width=\"2560\" height=\"1707\" src=\"https:\/\/ozi-home.lv\/wp-content\/uploads\/2026\/03\/STAR4794-copy-scaled.jpg\" class=\"attachment-full size-full\" alt=\"\" srcset=\"https:\/\/ozi-home.lv\/wp-content\/uploads\/2026\/03\/STAR4794-copy-scaled.jpg 2560w, https:\/\/ozi-home.lv\/wp-content\/uploads\/2026\/03\/STAR4794-copy-300x200.jpg 300w, https:\/\/ozi-home.lv\/wp-content\/uploads\/2026\/03\/STAR4794-copy-1024x683.jpg 1024w, https:\/\/ozi-home.lv\/wp-content\/uploads\/2026\/03\/STAR4794-copy-768x512.jpg 768w, https:\/\/ozi-home.lv\/wp-content\/uploads\/2026\/03\/STAR4794-copy-1536x1024.jpg 1536w, https:\/\/ozi-home.lv\/wp-content\/uploads\/2026\/03\/STAR4794-copy-2048x1365.jpg 2048w, https:\/\/ozi-home.lv\/wp-content\/uploads\/2026\/03\/STAR4794-copy-18x12.jpg 18w\" sizes=\"(max-width: 2560px) 100vw, 2560px\" \/><\/a>\n\t\t\t<\/div><\/figure><figure class='gallery-item'>\n\t\t\t<div class='gallery-icon landscape'>\n\t\t\t\t<a data-elementor-open-lightbox=\"yes\" data-elementor-lightbox-slideshow=\"3fa7aa1\" data-elementor-lightbox-title=\"564248431_1128145109298108_3749289846696549275_n\" data-e-action-hash=\"#elementor-action%3Aaction%3Dlightbox%26settings%3DeyJpZCI6NjQ5MiwidXJsIjoiaHR0cHM6XC9cL296aS1ob21lLmx2XC93cC1jb250ZW50XC91cGxvYWRzXC8yMDI2XC8wM1wvNTY0MjQ4NDMxXzExMjgxNDUxMDkyOTgxMDhfMzc0OTI4OTg0NjY5NjU0OTI3NV9uLmpwZyIsInNsaWRlc2hvdyI6IjNmYTdhYTEifQ%3D%3D\" href='https:\/\/ozi-home.lv\/wp-content\/uploads\/2026\/03\/564248431_1128145109298108_3749289846696549275_n.jpg'><img loading=\"lazy\" decoding=\"async\" width=\"2048\" height=\"1365\" src=\"https:\/\/ozi-home.lv\/wp-content\/uploads\/2026\/03\/564248431_1128145109298108_3749289846696549275_n.jpg\" class=\"attachment-full size-full\" alt=\"\" srcset=\"https:\/\/ozi-home.lv\/wp-content\/uploads\/2026\/03\/564248431_1128145109298108_3749289846696549275_n.jpg 2048w, https:\/\/ozi-home.lv\/wp-content\/uploads\/2026\/03\/564248431_1128145109298108_3749289846696549275_n-300x200.jpg 300w, https:\/\/ozi-home.lv\/wp-content\/uploads\/2026\/03\/564248431_1128145109298108_3749289846696549275_n-1024x683.jpg 1024w, https:\/\/ozi-home.lv\/wp-content\/uploads\/2026\/03\/564248431_1128145109298108_3749289846696549275_n-768x512.jpg 768w, https:\/\/ozi-home.lv\/wp-content\/uploads\/2026\/03\/564248431_1128145109298108_3749289846696549275_n-1536x1024.jpg 1536w, https:\/\/ozi-home.lv\/wp-content\/uploads\/2026\/03\/564248431_1128145109298108_3749289846696549275_n-18x12.jpg 18w\" sizes=\"(max-width: 2048px) 100vw, 2048px\" \/><\/a>\n\t\t\t<\/div><\/figure><figure class='gallery-item'>\n\t\t\t<div class='gallery-icon landscape'>\n\t\t\t\t<a data-elementor-open-lightbox=\"yes\" data-elementor-lightbox-slideshow=\"3fa7aa1\" data-elementor-lightbox-title=\"KCS00184\" data-e-action-hash=\"#elementor-action%3Aaction%3Dlightbox%26settings%3DeyJpZCI6NjQ4NSwidXJsIjoiaHR0cHM6XC9cL296aS1ob21lLmx2XC93cC1jb250ZW50XC91cGxvYWRzXC8yMDI2XC8wM1wvS0NTMDAxODQtc2NhbGVkLmpwZyIsInNsaWRlc2hvdyI6IjNmYTdhYTEifQ%3D%3D\" href='https:\/\/ozi-home.lv\/wp-content\/uploads\/2026\/03\/KCS00184-scaled.jpg'><img loading=\"lazy\" decoding=\"async\" width=\"2560\" height=\"1707\" src=\"https:\/\/ozi-home.lv\/wp-content\/uploads\/2026\/03\/KCS00184-scaled.jpg\" class=\"attachment-full size-full\" alt=\"\" srcset=\"https:\/\/ozi-home.lv\/wp-content\/uploads\/2026\/03\/KCS00184-scaled.jpg 2560w, https:\/\/ozi-home.lv\/wp-content\/uploads\/2026\/03\/KCS00184-300x200.jpg 300w, https:\/\/ozi-home.lv\/wp-content\/uploads\/2026\/03\/KCS00184-1024x683.jpg 1024w, https:\/\/ozi-home.lv\/wp-content\/uploads\/2026\/03\/KCS00184-768x512.jpg 768w, https:\/\/ozi-home.lv\/wp-content\/uploads\/2026\/03\/KCS00184-1536x1024.jpg 1536w, https:\/\/ozi-home.lv\/wp-content\/uploads\/2026\/03\/KCS00184-2048x1365.jpg 2048w, https:\/\/ozi-home.lv\/wp-content\/uploads\/2026\/03\/KCS00184-18x12.jpg 18w\" sizes=\"(max-width: 2560px) 100vw, 2560px\" \/><\/a>\n\t\t\t<\/div><\/figure><figure class='gallery-item'>\n\t\t\t<div class='gallery-icon landscape'>\n\t\t\t\t<a data-elementor-open-lightbox=\"yes\" data-elementor-lightbox-slideshow=\"3fa7aa1\" data-elementor-lightbox-title=\"20250705_162227_A2_08807-De\" data-e-action-hash=\"#elementor-action%3Aaction%3Dlightbox%26settings%3DeyJpZCI6NjQ4NywidXJsIjoiaHR0cHM6XC9cL296aS1ob21lLmx2XC93cC1jb250ZW50XC91cGxvYWRzXC8yMDI2XC8wM1wvMjAyNTA3MDVfMTYyMjI3X0EyXzA4ODA3LURlLWUxNzc0NTQzNTIxNDk5LmpwZyIsInNsaWRlc2hvdyI6IjNmYTdhYTEifQ%3D%3D\" href='https:\/\/ozi-home.lv\/wp-content\/uploads\/2026\/03\/20250705_162227_A2_08807-De-e1774543521499.jpg'><img loading=\"lazy\" decoding=\"async\" width=\"2048\" height=\"1380\" src=\"https:\/\/ozi-home.lv\/wp-content\/uploads\/2026\/03\/20250705_162227_A2_08807-De-e1774543521499.jpg\" class=\"attachment-full size-full\" alt=\"\" srcset=\"https:\/\/ozi-home.lv\/wp-content\/uploads\/2026\/03\/20250705_162227_A2_08807-De-e1774543521499.jpg 2048w, https:\/\/ozi-home.lv\/wp-content\/uploads\/2026\/03\/20250705_162227_A2_08807-De-e1774543521499-300x202.jpg 300w, https:\/\/ozi-home.lv\/wp-content\/uploads\/2026\/03\/20250705_162227_A2_08807-De-e1774543521499-1024x690.jpg 1024w, https:\/\/ozi-home.lv\/wp-content\/uploads\/2026\/03\/20250705_162227_A2_08807-De-e1774543521499-768x518.jpg 768w, https:\/\/ozi-home.lv\/wp-content\/uploads\/2026\/03\/20250705_162227_A2_08807-De-e1774543521499-1536x1035.jpg 1536w, https:\/\/ozi-home.lv\/wp-content\/uploads\/2026\/03\/20250705_162227_A2_08807-De-e1774543521499-18x12.jpg 18w\" sizes=\"(max-width: 2048px) 100vw, 2048px\" \/><\/a>\n\t\t\t<\/div><\/figure><figure class='gallery-item'>\n\t\t\t<div class='gallery-icon landscape'>\n\t\t\t\t<a data-elementor-open-lightbox=\"yes\" data-elementor-lightbox-slideshow=\"3fa7aa1\" data-elementor-lightbox-title=\"AXD_6531\" data-e-action-hash=\"#elementor-action%3Aaction%3Dlightbox%26settings%3DeyJpZCI6NjQ4NiwidXJsIjoiaHR0cHM6XC9cL296aS1ob21lLmx2XC93cC1jb250ZW50XC91cGxvYWRzXC8yMDI2XC8wM1wvQVhEXzY1MzEuanBnIiwic2xpZGVzaG93IjoiM2ZhN2FhMSJ9\" href='https:\/\/ozi-home.lv\/wp-content\/uploads\/2026\/03\/AXD_6531.jpg'><img loading=\"lazy\" decoding=\"async\" width=\"2048\" height=\"1365\" src=\"https:\/\/ozi-home.lv\/wp-content\/uploads\/2026\/03\/AXD_6531.jpg\" class=\"attachment-full size-full\" alt=\"\" srcset=\"https:\/\/ozi-home.lv\/wp-content\/uploads\/2026\/03\/AXD_6531.jpg 2048w, https:\/\/ozi-home.lv\/wp-content\/uploads\/2026\/03\/AXD_6531-300x200.jpg 300w, https:\/\/ozi-home.lv\/wp-content\/uploads\/2026\/03\/AXD_6531-1024x683.jpg 1024w, https:\/\/ozi-home.lv\/wp-content\/uploads\/2026\/03\/AXD_6531-768x512.jpg 768w, https:\/\/ozi-home.lv\/wp-content\/uploads\/2026\/03\/AXD_6531-1536x1024.jpg 1536w, https:\/\/ozi-home.lv\/wp-content\/uploads\/2026\/03\/AXD_6531-18x12.jpg 18w\" sizes=\"(max-width: 2048px) 100vw, 2048px\" \/><\/a>\n\t\t\t<\/div><\/figure>\n\t\t<\/div>\n\t\t<\/div>\n\t\t\t\t\t\t<\/div>\n\t\t\t\t<\/div>\n\t\t\t\t\t<\/div>\n\t\t\t\t<\/div>\n\t\t<div class=\"elementor-element elementor-element-39ae73f e-flex e-con-boxed e-con e-parent\" data-id=\"39ae73f\" data-element_type=\"container\" data-e-type=\"container\">\n\t\t\t\t\t<div class=\"e-con-inner\">\n\t\t\t\t\t<\/div>\n\t\t\t\t<\/div>\n\t\t\t\t<\/div>","protected":false},"excerpt":{"rendered":"<p>JCIB Buzzing Bee Austr\u0101lijas ganu suns Visp\u0101r\u012bga inform\u0101cija Dzimusi: 2024.gada 19.maij\u0101 ID 380260102740693 Vec\u0101ki: Bradley Simpatija x Banana Bender Lechuguilla Kit Fox Pedigree Vesel\u012bbas p\u0101rbaudes BAER +\/+ PRA-prcd &#8211; N\/M MDR1 &#8211; N\/N Scissor bite, full dentition NHAT test \u2013 EXCELLENT \u2013 passed [at age 10m\/o] Temperament &amp; socialisation test &#8211;\u00a0 \u00a0passed (with highest points) [&hellip;]<\/p>","protected":false},"author":3,"featured_media":0,"parent":0,"menu_order":0,"comment_status":"closed","ping_status":"closed","template":"","meta":{"_monsterinsights_skip_tracking":false,"_monsterinsights_sitenote_active":false,"_monsterinsights_sitenote_note":"","_monsterinsights_sitenote_category":0,"site-sidebar-layout":"no-sidebar","site-content-layout":"page-builder","ast-site-content-layout":"full-width-container","site-content-style":"unboxed","site-sidebar-style":"unboxed","ast-global-header-display":"","ast-banner-title-visibility":"","ast-main-header-display":"","ast-hfb-above-header-display":"","ast-hfb-below-header-display":"","ast-hfb-mobile-header-display":"","site-post-title":"disabled","ast-breadcrumbs-content":"","ast-featured-img":"disabled","footer-sml-layout":"","ast-disable-related-posts":"","theme-transparent-header-meta":"enabled","adv-header-id-meta":"","stick-header-meta":"","header-above-stick-meta":"","header-main-stick-meta":"","header-below-stick-meta":"","astra-migrate-meta-layouts":"set","ast-page-background-enabled":"default","ast-page-background-meta":{"desktop":{"background-color":"var(--ast-global-color-4)","background-image":"","background-repeat":"repeat","background-position":"center center","background-size":"auto","background-attachment":"scroll","background-type":"","background-media":"","overlay-type":"","overlay-color":"","overlay-opacity":"","overlay-gradient":""},"tablet":{"background-color":"","background-image":"","background-repeat":"repeat","background-position":"center center","background-size":"auto","background-attachment":"scroll","background-type":"","background-media":"","overlay-type":"","overlay-color":"","overlay-opacity":"","overlay-gradient":""},"mobile":{"background-color":"","background-image":"","background-repeat":"repeat","background-position":"center center","background-size":"auto","background-attachment":"scroll","background-type":"","background-media":"","overlay-type":"","overlay-color":"","overlay-opacity":"","overlay-gradient":""}},"ast-content-background-meta":{"desktop":{"background-color":"var(--ast-global-color-5)","background-image":"","background-repeat":"repeat","background-position":"center center","background-size":"auto","background-attachment":"scroll","background-type":"","background-media":"","overlay-type":"","overlay-color":"","overlay-opacity":"","overlay-gradient":""},"tablet":{"background-color":"var(--ast-global-color-5)","background-image":"","background-repeat":"repeat","background-position":"center center","background-size":"auto","background-attachment":"scroll","background-type":"","background-media":"","overlay-type":"","overlay-color":"","overlay-opacity":"","overlay-gradient":""},"mobile":{"background-color":"var(--ast-global-color-5)","background-image":"","background-repeat":"repeat","background-position":"center center","background-size":"auto","background-attachment":"scroll","background-type":"","background-media":"","overlay-type":"","overlay-color":"","overlay-opacity":"","overlay-gradient":""}},"footnotes":""},"class_list":["post-6473","page","type-page","status-publish","hentry"],"_links":{"self":[{"href":"https:\/\/ozi-home.lv\/en\/wp-json\/wp\/v2\/pages\/6473","targetHints":{"allow":["GET"]}}],"collection":[{"href":"https:\/\/ozi-home.lv\/en\/wp-json\/wp\/v2\/pages"}],"about":[{"href":"https:\/\/ozi-home.lv\/en\/wp-json\/wp\/v2\/types\/page"}],"author":[{"embeddable":true,"href":"https:\/\/ozi-home.lv\/en\/wp-json\/wp\/v2\/users\/3"}],"replies":[{"embeddable":true,"href":"https:\/\/ozi-home.lv\/en\/wp-json\/wp\/v2\/comments?post=6473"}],"version-history":[{"count":22,"href":"https:\/\/ozi-home.lv\/en\/wp-json\/wp\/v2\/pages\/6473\/revisions"}],"predecessor-version":[{"id":6507,"href":"https:\/\/ozi-home.lv\/en\/wp-json\/wp\/v2\/pages\/6473\/revisions\/6507"}],"wp:attachment":[{"href":"https:\/\/ozi-home.lv\/en\/wp-json\/wp\/v2\/media?parent=6473"}],"curies":[{"name":"wp","href":"https:\/\/api.w.org\/{rel}","templated":true}]}}